{"id":1469,"date":"2024-12-11T09:30:47","date_gmt":"2024-12-11T09:30:47","guid":{"rendered":"https:\/\/boisselier.ca\/?page_id=1469"},"modified":"2024-12-11T09:42:17","modified_gmt":"2024-12-11T09:42:17","slug":"radu-ca","status":"publish","type":"page","link":"https:\/\/boisselier.ca\/en\/radu-ca\/","title":{"rendered":"Radu EN"},"content":{"rendered":"<p>english<\/p>","protected":false},"excerpt":{"rendered":"<p>english<\/p>\n","protected":false},"author":1,"featured_media":0,"parent":0,"menu_order":0,"comment_status":"closed","ping_status":"closed","template":"","meta":{"_bst_post_transparent":"","_bst_post_title":"","_bst_post_layout":"","_bst_post_sidebar_id":"","_bst_post_content_style":"","_bst_post_vertical_padding":"","_bst_post_feature":"","_bst_post_feature_position":"","_bst_post_header":false,"_bst_post_footer":false,"footnotes":""},"class_list":["post-1469","page","type-page","status-publish","hentry"],"yoast_head":"<!-- This site is optimized with the Yoast SEO plugin v24.0 - https:\/\/yoast.com\/wordpress\/plugins\/seo\/ -->\n<title>Radu EN - Le boisselier - Emmanuel P\u00e9luchon \u00e9b\u00e9niste<\/title>\n<meta name=\"robots\" content=\"index, follow, max-snippet:-1, max-image-preview:large, max-video-preview:-1\" \/>\n<link rel=\"canonical\" href=\"https:\/\/boisselier.ca\/en\/radu-ca\/\" \/>\n<meta property=\"og:locale\" content=\"en_US\" \/>\n<meta property=\"og:type\" content=\"article\" \/>\n<meta property=\"og:title\" content=\"Radu EN - Le boisselier - Emmanuel P\u00e9luchon \u00e9b\u00e9niste\" \/>\n<meta property=\"og:description\" content=\"english\" \/>\n<meta property=\"og:url\" content=\"https:\/\/boisselier.ca\/en\/radu-ca\/\" \/>\n<meta property=\"og:site_name\" content=\"Le boisselier - Emmanuel P\u00e9luchon \u00e9b\u00e9niste\" \/>\n<meta property=\"article:modified_time\" content=\"2024-12-11T09:42:17+00:00\" \/>\n<meta name=\"twitter:card\" content=\"summary_large_image\" \/>\n<script type=\"application\/ld+json\" class=\"yoast-schema-graph\">{\"@context\":\"https:\/\/schema.org\",\"@graph\":[{\"@type\":\"WebPage\",\"@id\":\"https:\/\/boisselier.ca\/en\/radu-ca\/\",\"url\":\"https:\/\/boisselier.ca\/en\/radu-ca\/\",\"name\":\"Radu EN - Le boisselier - Emmanuel P\u00e9luchon \u00e9b\u00e9niste\",\"isPartOf\":{\"@id\":\"https:\/\/boisselier.ca\/#website\"},\"datePublished\":\"2024-12-11T09:30:47+00:00\",\"dateModified\":\"2024-12-11T09:42:17+00:00\",\"breadcrumb\":{\"@id\":\"https:\/\/boisselier.ca\/en\/radu-ca\/#breadcrumb\"},\"inLanguage\":\"en-US\",\"potentialAction\":[{\"@type\":\"ReadAction\",\"target\":[\"https:\/\/boisselier.ca\/en\/radu-ca\/\"]}]},{\"@type\":\"BreadcrumbList\",\"@id\":\"https:\/\/boisselier.ca\/en\/radu-ca\/#breadcrumb\",\"itemListElement\":[{\"@type\":\"ListItem\",\"position\":1,\"name\":\"Home\",\"item\":\"https:\/\/boisselier.ca\/\"},{\"@type\":\"ListItem\",\"position\":2,\"name\":\"Radu EN\"}]},{\"@type\":\"WebSite\",\"@id\":\"https:\/\/boisselier.ca\/#website\",\"url\":\"https:\/\/boisselier.ca\/\",\"name\":\"Le boisselier - Emmanuel P\u00e9luchon \u00e9b\u00e9niste\",\"description\":\"\",\"publisher\":{\"@id\":\"https:\/\/boisselier.ca\/#organization\"},\"potentialAction\":[{\"@type\":\"SearchAction\",\"target\":{\"@type\":\"EntryPoint\",\"urlTemplate\":\"https:\/\/boisselier.ca\/?s={search_term_string}\"},\"query-input\":{\"@type\":\"PropertyValueSpecification\",\"valueRequired\":true,\"valueName\":\"search_term_string\"}}],\"inLanguage\":\"en-US\"},{\"@type\":\"Organization\",\"@id\":\"https:\/\/boisselier.ca\/#organization\",\"name\":\"Le boisselier - Emmanuel P\u00e9luchon \u00e9b\u00e9niste\",\"url\":\"https:\/\/boisselier.ca\/\",\"logo\":{\"@type\":\"ImageObject\",\"inLanguage\":\"en-US\",\"@id\":\"https:\/\/boisselier.ca\/#\/schema\/logo\/image\/\",\"url\":\"https:\/\/boisselier.ca\/wp-content\/uploads\/2024\/12\/epeluchon_logo.png\",\"contentUrl\":\"https:\/\/boisselier.ca\/wp-content\/uploads\/2024\/12\/epeluchon_logo.png\",\"width\":196,\"height\":96,\"caption\":\"Le boisselier - Emmanuel P\u00e9luchon \u00e9b\u00e9niste\"},\"image\":{\"@id\":\"https:\/\/boisselier.ca\/#\/schema\/logo\/image\/\"}}]}<\/script>\n<!-- \/ Yoast SEO plugin. -->","yoast_head_json":{"title":"Radu EN - Le boisselier - Emmanuel P\u00e9luchon \u00e9b\u00e9niste","robots":{"index":"index","follow":"follow","max-snippet":"max-snippet:-1","max-image-preview":"max-image-preview:large","max-video-preview":"max-video-preview:-1"},"canonical":"https:\/\/boisselier.ca\/en\/radu-ca\/","og_locale":"en_US","og_type":"article","og_title":"Radu EN - Le boisselier - Emmanuel P\u00e9luchon \u00e9b\u00e9niste","og_description":"english","og_url":"https:\/\/boisselier.ca\/en\/radu-ca\/","og_site_name":"Le boisselier - Emmanuel P\u00e9luchon \u00e9b\u00e9niste","article_modified_time":"2024-12-11T09:42:17+00:00","twitter_card":"summary_large_image","schema":{"@context":"https:\/\/schema.org","@graph":[{"@type":"WebPage","@id":"https:\/\/boisselier.ca\/en\/radu-ca\/","url":"https:\/\/boisselier.ca\/en\/radu-ca\/","name":"Radu EN - Le boisselier - Emmanuel P\u00e9luchon \u00e9b\u00e9niste","isPartOf":{"@id":"https:\/\/boisselier.ca\/#website"},"datePublished":"2024-12-11T09:30:47+00:00","dateModified":"2024-12-11T09:42:17+00:00","breadcrumb":{"@id":"https:\/\/boisselier.ca\/en\/radu-ca\/#breadcrumb"},"inLanguage":"en-US","potentialAction":[{"@type":"ReadAction","target":["https:\/\/boisselier.ca\/en\/radu-ca\/"]}]},{"@type":"BreadcrumbList","@id":"https:\/\/boisselier.ca\/en\/radu-ca\/#breadcrumb","itemListElement":[{"@type":"ListItem","position":1,"name":"Home","item":"https:\/\/boisselier.ca\/"},{"@type":"ListItem","position":2,"name":"Radu EN"}]},{"@type":"WebSite","@id":"https:\/\/boisselier.ca\/#website","url":"https:\/\/boisselier.ca\/","name":"Le boisselier - Emmanuel P\u00e9luchon \u00e9b\u00e9niste","description":"","publisher":{"@id":"https:\/\/boisselier.ca\/#organization"},"potentialAction":[{"@type":"SearchAction","target":{"@type":"EntryPoint","urlTemplate":"https:\/\/boisselier.ca\/?s={search_term_string}"},"query-input":{"@type":"PropertyValueSpecification","valueRequired":true,"valueName":"search_term_string"}}],"inLanguage":"en-US"},{"@type":"Organization","@id":"https:\/\/boisselier.ca\/#organization","name":"Le boisselier - Emmanuel P\u00e9luchon \u00e9b\u00e9niste","url":"https:\/\/boisselier.ca\/","logo":{"@type":"ImageObject","inLanguage":"en-US","@id":"https:\/\/boisselier.ca\/#\/schema\/logo\/image\/","url":"https:\/\/boisselier.ca\/wp-content\/uploads\/2024\/12\/epeluchon_logo.png","contentUrl":"https:\/\/boisselier.ca\/wp-content\/uploads\/2024\/12\/epeluchon_logo.png","width":196,"height":96,"caption":"Le boisselier - Emmanuel P\u00e9luchon \u00e9b\u00e9niste"},"image":{"@id":"https:\/\/boisselier.ca\/#\/schema\/logo\/image\/"}}]}},"_links":{"self":[{"href":"https:\/\/boisselier.ca\/en\/wp-json\/wp\/v2\/pages\/1469","targetHints":{"allow":["GET"]}}],"collection":[{"href":"https:\/\/boisselier.ca\/en\/wp-json\/wp\/v2\/pages"}],"about":[{"href":"https:\/\/boisselier.ca\/en\/wp-json\/wp\/v2\/types\/page"}],"author":[{"embeddable":true,"href":"https:\/\/boisselier.ca\/en\/wp-json\/wp\/v2\/users\/1"}],"replies":[{"embeddable":true,"href":"https:\/\/boisselier.ca\/en\/wp-json\/wp\/v2\/comments?post=1469"}],"version-history":[{"count":1,"href":"https:\/\/boisselier.ca\/en\/wp-json\/wp\/v2\/pages\/1469\/revisions"}],"predecessor-version":[{"id":1470,"href":"https:\/\/boisselier.ca\/en\/wp-json\/wp\/v2\/pages\/1469\/revisions\/1470"}],"wp:attachment":[{"href":"https:\/\/boisselier.ca\/en\/wp-json\/wp\/v2\/media?parent=1469"}],"curies":[{"name":"wp","href":"https:\/\/api.w.org\/{rel}","templated":true}]}}