{"id":1671,"date":"2024-12-11T13:08:12","date_gmt":"2024-12-11T13:08:12","guid":{"rendered":"https:\/\/boisselier.ca\/?page_id=1671"},"modified":"2025-05-13T06:40:46","modified_gmt":"2025-05-13T06:40:46","slug":"fine-woodworker","status":"publish","type":"page","link":"https:\/\/boisselier.ca\/en\/fine-woodworker\/","title":{"rendered":"Fine Woodworker"},"content":{"rendered":"\t\t<div data-elementor-type=\"wp-page\" data-elementor-id=\"1671\" class=\"elementor elementor-1671 elementor-1670\" data-elementor-post-type=\"page\">\n\t\t\t\t\t\t<section class=\"elementor-section elementor-top-section elementor-element elementor-element-a2b1994 full_width_section  elementor-section-boxed elementor-section-height-default elementor-section-height-default\" data-id=\"a2b1994\" data-element_type=\"section\" data-settings=\"{&quot;background_background&quot;:&quot;classic&quot;}\">\n\t\t\t\t\t\t<div class=\"elementor-container elementor-column-gap-no\">\n\t\t\t\t\t<div class=\"elementor-column elementor-col-50 elementor-top-column elementor-element elementor-element-2d5dbae\" data-id=\"2d5dbae\" data-element_type=\"column\">\n\t\t\t<div class=\"elementor-widget-wrap elementor-element-populated\">\n\t\t\t\t\t\t<div class=\"elementor-element elementor-element-4290789 elementor-widget elementor-widget-image\" data-id=\"4290789\" data-element_type=\"widget\" data-widget_type=\"image.default\">\n\t\t\t\t<div class=\"elementor-widget-container\">\n\t\t\t\t\t\t\t\t\t\t\t\t\t<img fetchpriority=\"high\" decoding=\"async\" width=\"768\" height=\"1024\" src=\"https:\/\/boisselier.ca\/wp-content\/uploads\/2024\/12\/tournages2-768x1024.jpg\" class=\"attachment-large size-large wp-image-2202\" alt=\"\" srcset=\"https:\/\/boisselier.ca\/wp-content\/uploads\/2024\/12\/tournages2-768x1024.jpg 768w, https:\/\/boisselier.ca\/wp-content\/uploads\/2024\/12\/tournages2-450x600.jpg 450w, https:\/\/boisselier.ca\/wp-content\/uploads\/2024\/12\/tournages2-225x300.jpg 225w, https:\/\/boisselier.ca\/wp-content\/uploads\/2024\/12\/tournages2-1152x1536.jpg 1152w, https:\/\/boisselier.ca\/wp-content\/uploads\/2024\/12\/tournages2.jpg 1536w\" sizes=\"(max-width: 768px) 100vw, 768px\" \/>\t\t\t\t\t\t\t\t\t\t\t\t\t<\/div>\n\t\t\t\t<\/div>\n\t\t\t\t\t<\/div>\n\t\t<\/div>\n\t\t\t\t<div class=\"elementor-column elementor-col-50 elementor-top-column elementor-element elementor-element-83752da\" data-id=\"83752da\" data-element_type=\"column\">\n\t\t\t<div class=\"elementor-widget-wrap elementor-element-populated\">\n\t\t\t\t\t\t<div class=\"elementor-element elementor-element-b31ebbe elementor-widget elementor-widget-heading\" data-id=\"b31ebbe\" data-element_type=\"widget\" data-widget_type=\"heading.default\">\n\t\t\t\t<div class=\"elementor-widget-container\">\n\t\t\t<p class=\"elementor-heading-title elementor-size-default\">Bienvenue.<\/p>\t\t<\/div>\n\t\t\t\t<\/div>\n\t\t\t\t<div class=\"elementor-element elementor-element-7cf39e9 elementor-widget elementor-widget-heading\" data-id=\"7cf39e9\" data-element_type=\"widget\" data-widget_type=\"heading.default\">\n\t\t\t\t<div class=\"elementor-widget-container\">\n\t\t\t<h2 class=\"elementor-heading-title elementor-size-default\">Le boisselier<\/h2>\t\t<\/div>\n\t\t\t\t<\/div>\n\t\t\t\t<div class=\"elementor-element elementor-element-030ddfc elementor-widget elementor-widget-text-editor\" data-id=\"030ddfc\" data-element_type=\"widget\" data-widget_type=\"text-editor.default\">\n\t\t\t\t<div class=\"elementor-widget-container\">\n\t\t\t\t\t\t\t<p>I discovered my passion for woodworking when I was 18 years old during an internship with les Compagnons du Tour de France.\u00a0 Today I apply the knowledge that I acquired in France and Qu\u00e9bec in my woodworking practices (custom furniture\u00a0 and creation of small wooden objects).<\/p>\n<p>I like to use wood in its entirety. I apply natural products, a mixture of wax, resin and linseed oil.<\/p>\n<p>I am committed to a\u00a0<a href=\"https:\/\/reseauforesterie.ca\/reseau-foresterie\/\">Regional Forestry Network<\/a>\u00a0to use wood from local trees.<\/p>\t\t\t\t\t\t<\/div>\n\t\t\t\t<\/div>\n\t\t\t\t<div class=\"elementor-element elementor-element-318fdf6 elementor-widget elementor-widget-spacer\" data-id=\"318fdf6\" data-element_type=\"widget\" data-widget_type=\"spacer.default\">\n\t\t\t\t<div class=\"elementor-widget-container\">\n\t\t\t\t\t<div class=\"elementor-spacer\">\n\t\t\t<div class=\"elementor-spacer-inner\"><\/div>\n\t\t<\/div>\n\t\t\t\t<\/div>\n\t\t\t\t<\/div>\n\t\t\t\t<div class=\"elementor-element elementor-element-715e0bb elementor-widget elementor-widget-heading\" data-id=\"715e0bb\" data-element_type=\"widget\" data-widget_type=\"heading.default\">\n\t\t\t\t<div class=\"elementor-widget-container\">\n\t\t\t<h4 class=\"elementor-heading-title elementor-size-default\">Do you have a project? Call me!\nMy studio is open by appointement at Lac-Brome.<\/h4>\t\t<\/div>\n\t\t\t\t<\/div>\n\t\t\t\t<div class=\"elementor-element elementor-element-63a6c92 elementor-widget elementor-widget-spacer\" data-id=\"63a6c92\" data-element_type=\"widget\" data-widget_type=\"spacer.default\">\n\t\t\t\t<div class=\"elementor-widget-container\">\n\t\t\t\t\t<div class=\"elementor-spacer\">\n\t\t\t<div class=\"elementor-spacer-inner\"><\/div>\n\t\t<\/div>\n\t\t\t\t<\/div>\n\t\t\t\t<\/div>\n\t\t\t\t<div class=\"elementor-element elementor-element-92b6f2b elementor-align-left elementor-widget elementor-widget-button\" data-id=\"92b6f2b\" data-element_type=\"widget\" data-widget_type=\"button.default\">\n\t\t\t\t<div class=\"elementor-widget-container\">\n\t\t\t\t\t\t\t<div class=\"elementor-button-wrapper\">\n\t\t\t\t\t<a class=\"elementor-button elementor-button-link elementor-size-sm\" href=\"https:\/\/boisselier.ca\/en\/contact-me\/\">\n\t\t\t\t\t\t<span class=\"elementor-button-content-wrapper\">\n\t\t\t\t\t\t\t\t\t<span class=\"elementor-button-text\">Contact Me<\/span>\n\t\t\t\t\t<\/span>\n\t\t\t\t\t<\/a>\n\t\t\t\t<\/div>\n\t\t\t\t\t\t<\/div>\n\t\t\t\t<\/div>\n\t\t\t\t\t<\/div>\n\t\t<\/div>\n\t\t\t\t\t<\/div>\n\t\t<\/section>\n\t\t\t\t<section class=\"elementor-section elementor-top-section elementor-element elementor-element-20aa714 full_width_section  elementor-section-content-middle elementor-section-boxed elementor-section-height-default elementor-section-height-default\" data-id=\"20aa714\" data-element_type=\"section\" data-settings=\"{&quot;background_background&quot;:&quot;classic&quot;}\">\n\t\t\t\t\t\t<div class=\"elementor-container elementor-column-gap-no\">\n\t\t\t\t\t<div class=\"elementor-column elementor-col-50 elementor-top-column elementor-element elementor-element-960d91a\" data-id=\"960d91a\" data-element_type=\"column\">\n\t\t\t<div class=\"elementor-widget-wrap elementor-element-populated\">\n\t\t\t\t\t\t<div class=\"elementor-element elementor-element-8874b08 elementor-widget elementor-widget-image\" data-id=\"8874b08\" data-element_type=\"widget\" data-widget_type=\"image.default\">\n\t\t\t\t<div class=\"elementor-widget-container\">\n\t\t\t\t\t\t\t\t\t\t\t\t\t<img decoding=\"async\" width=\"81\" height=\"80\" src=\"https:\/\/boisselier.ca\/wp-content\/uploads\/2024\/12\/triskele_05.png\" class=\"attachment-large size-large wp-image-1635\" alt=\"\" \/>\t\t\t\t\t\t\t\t\t\t\t\t\t<\/div>\n\t\t\t\t<\/div>\n\t\t\t\t<div class=\"elementor-element elementor-element-86f5ac6 elementor-widget elementor-widget-spacer\" data-id=\"86f5ac6\" data-element_type=\"widget\" data-widget_type=\"spacer.default\">\n\t\t\t\t<div class=\"elementor-widget-container\">\n\t\t\t\t\t<div class=\"elementor-spacer\">\n\t\t\t<div class=\"elementor-spacer-inner\"><\/div>\n\t\t<\/div>\n\t\t\t\t<\/div>\n\t\t\t\t<\/div>\n\t\t\t\t<div class=\"elementor-element elementor-element-05a1dc9 elementor-widget elementor-widget-heading\" data-id=\"05a1dc9\" data-element_type=\"widget\" data-widget_type=\"heading.default\">\n\t\t\t\t<div class=\"elementor-widget-container\">\n\t\t\t<h2 class=\"elementor-heading-title elementor-size-default\">Symbolism of the logo<\/h2>\t\t<\/div>\n\t\t\t\t<\/div>\n\t\t\t\t<div class=\"elementor-element elementor-element-23d36ff elementor-widget elementor-widget-text-editor\" data-id=\"23d36ff\" data-element_type=\"widget\" data-widget_type=\"text-editor.default\">\n\t\t\t\t<div class=\"elementor-widget-container\">\n\t\t\t\t\t\t\t<p>Trees have always been of crucial importance in the life of man.<\/p>\n<p>Don\u2019t we forget about them a little too much nowadays?<\/p>\n<p>I chose to illustrate their importance by drawing my own triskelion. Wood is associated with the three symbolic primordial elements: earth, water and fire.<\/p>\n<p>Trees provide us with a richness of colour as much in their greenery as in the wood itself.\u00a0 The harmony that results is a source of inspiration.<\/p>\n<p>While rooted into the ground, trees are always moving.\u00a0 The spiral or triskelion symbolizes this dynamic that I like to bring out in my objects.<\/p>\t\t\t\t\t\t<\/div>\n\t\t\t\t<\/div>\n\t\t\t\t<div class=\"elementor-element elementor-element-85bb8b9 elementor-widget elementor-widget-spacer\" data-id=\"85bb8b9\" data-element_type=\"widget\" data-widget_type=\"spacer.default\">\n\t\t\t\t<div class=\"elementor-widget-container\">\n\t\t\t\t\t<div class=\"elementor-spacer\">\n\t\t\t<div class=\"elementor-spacer-inner\"><\/div>\n\t\t<\/div>\n\t\t\t\t<\/div>\n\t\t\t\t<\/div>\n\t\t\t\t<div class=\"elementor-element elementor-element-e8ab01c elementor-widget elementor-widget-heading\" data-id=\"e8ab01c\" data-element_type=\"widget\" data-widget_type=\"heading.default\">\n\t\t\t\t<div class=\"elementor-widget-container\">\n\t\t\t<h4 class=\"elementor-heading-title elementor-size-default\">Do you have a project? Call me!\nMy studio is open by appointement at Lac-Brome.<\/h4>\t\t<\/div>\n\t\t\t\t<\/div>\n\t\t\t\t<div class=\"elementor-element elementor-element-6ad3ac9 elementor-widget elementor-widget-spacer\" data-id=\"6ad3ac9\" data-element_type=\"widget\" data-widget_type=\"spacer.default\">\n\t\t\t\t<div class=\"elementor-widget-container\">\n\t\t\t\t\t<div class=\"elementor-spacer\">\n\t\t\t<div class=\"elementor-spacer-inner\"><\/div>\n\t\t<\/div>\n\t\t\t\t<\/div>\n\t\t\t\t<\/div>\n\t\t\t\t<div class=\"elementor-element elementor-element-264302d elementor-align-left elementor-widget elementor-widget-button\" data-id=\"264302d\" data-element_type=\"widget\" data-widget_type=\"button.default\">\n\t\t\t\t<div class=\"elementor-widget-container\">\n\t\t\t\t\t\t\t<div class=\"elementor-button-wrapper\">\n\t\t\t\t\t<a class=\"elementor-button elementor-button-link elementor-size-sm\" href=\"https:\/\/boisselier.ca\/en\/contact-me\/\">\n\t\t\t\t\t\t<span class=\"elementor-button-content-wrapper\">\n\t\t\t\t\t\t\t\t\t<span class=\"elementor-button-text\">Contact Me<\/span>\n\t\t\t\t\t<\/span>\n\t\t\t\t\t<\/a>\n\t\t\t\t<\/div>\n\t\t\t\t\t\t<\/div>\n\t\t\t\t<\/div>\n\t\t\t\t\t<\/div>\n\t\t<\/div>\n\t\t\t\t<div class=\"elementor-column elementor-col-50 elementor-top-column elementor-element elementor-element-3b50f6d\" data-id=\"3b50f6d\" data-element_type=\"column\">\n\t\t\t<div class=\"elementor-widget-wrap elementor-element-populated\">\n\t\t\t\t\t\t<div class=\"elementor-element elementor-element-1dd9162 elementor-widget elementor-widget-image\" data-id=\"1dd9162\" data-element_type=\"widget\" data-widget_type=\"image.default\">\n\t\t\t\t<div class=\"elementor-widget-container\">\n\t\t\t\t\t\t\t\t\t\t\t\t\t<img decoding=\"async\" width=\"768\" height=\"432\" src=\"https:\/\/boisselier.ca\/wp-content\/uploads\/2024\/12\/home.jpg\" class=\"attachment-large size-large wp-image-1548\" alt=\"\" srcset=\"https:\/\/boisselier.ca\/wp-content\/uploads\/2024\/12\/home.jpg 768w, https:\/\/boisselier.ca\/wp-content\/uploads\/2024\/12\/home-300x169.jpg 300w\" sizes=\"(max-width: 768px) 100vw, 768px\" \/>\t\t\t\t\t\t\t\t\t\t\t\t\t<\/div>\n\t\t\t\t<\/div>\n\t\t\t\t\t<\/div>\n\t\t<\/div>\n\t\t\t\t\t<\/div>\n\t\t<\/section>\n\t\t\t\t<section class=\"elementor-section elementor-top-section elementor-element elementor-element-745f533 elementor-section-full_width elementor-section-stretched full_width_section elementor-section-height-default elementor-section-height-default\" data-id=\"745f533\" data-element_type=\"section\" data-settings=\"{&quot;stretch_section&quot;:&quot;section-stretched&quot;}\">\n\t\t\t\t\t\t<div class=\"elementor-container elementor-column-gap-no\">\n\t\t\t\t\t<div class=\"elementor-column elementor-col-100 elementor-top-column elementor-element elementor-element-7436de2\" data-id=\"7436de2\" data-element_type=\"column\">\n\t\t\t<div class=\"elementor-widget-wrap elementor-element-populated\">\n\t\t\t\t\t\t<div class=\"elementor-element elementor-element-7c0eb6f elementor-widget-divider--view-line elementor-widget elementor-widget-divider\" data-id=\"7c0eb6f\" data-element_type=\"widget\" data-widget_type=\"divider.default\">\n\t\t\t\t<div class=\"elementor-widget-container\">\n\t\t\t\t\t<div class=\"elementor-divider\">\n\t\t\t<span class=\"elementor-divider-separator\">\n\t\t\t\t\t\t<\/span>\n\t\t<\/div>\n\t\t\t\t<\/div>\n\t\t\t\t<\/div>\n\t\t\t\t\t<\/div>\n\t\t<\/div>\n\t\t\t\t\t<\/div>\n\t\t<\/section>\n\t\t\t\t<\/div>\n\t\t","protected":false},"excerpt":{"rendered":"<p>Bienvenue. Le boisselier I discovered my passion for woodworking when I was 18 years old during an internship with les Compagnons du Tour de France.\u00a0 Today I apply the knowledge that I acquired in France and Qu\u00e9bec in my woodworking practices (custom furniture\u00a0 and creation of small wooden objects). I like to use wood in&#8230;<\/p>\n","protected":false},"author":1,"featured_media":0,"parent":0,"menu_order":0,"comment_status":"closed","ping_status":"closed","template":"","meta":{"_bst_post_transparent":"","_bst_post_title":"hide","_bst_post_layout":"","_bst_post_sidebar_id":"","_bst_post_content_style":"unboxed","_bst_post_vertical_padding":"hide","_bst_post_feature":"","_bst_post_feature_position":"","_bst_post_header":false,"_bst_post_footer":false,"footnotes":""},"class_list":["post-1671","page","type-page","status-publish","hentry"],"yoast_head":"<!-- This site is optimized with the Yoast SEO plugin v24.0 - https:\/\/yoast.com\/wordpress\/plugins\/seo\/ -->\n<title>Fine Woodworker - Le boisselier - Emmanuel P\u00e9luchon \u00e9b\u00e9niste<\/title>\n<meta name=\"description\" content=\"I discovered my passion for woodworking when I was 18 years old during an internship with les Compagnons du Tour de France. Today I apply the knowledge\" \/>\n<meta name=\"robots\" content=\"index, follow, max-snippet:-1, max-image-preview:large, max-video-preview:-1\" \/>\n<link rel=\"canonical\" href=\"https:\/\/boisselier.ca\/en\/fine-woodworker\/\" \/>\n<meta property=\"og:locale\" content=\"en_US\" \/>\n<meta property=\"og:type\" content=\"article\" \/>\n<meta property=\"og:title\" content=\"Fine Woodworker - Le boisselier - Emmanuel P\u00e9luchon \u00e9b\u00e9niste\" \/>\n<meta property=\"og:description\" content=\"I discovered my passion for woodworking when I was 18 years old during an internship with les Compagnons du Tour de France. Today I apply the knowledge\" \/>\n<meta property=\"og:url\" content=\"https:\/\/boisselier.ca\/en\/fine-woodworker\/\" \/>\n<meta property=\"og:site_name\" content=\"Le boisselier - Emmanuel P\u00e9luchon \u00e9b\u00e9niste\" \/>\n<meta property=\"article:modified_time\" content=\"2025-05-13T06:40:46+00:00\" \/>\n<meta property=\"og:image\" content=\"https:\/\/boisselier.ca\/wp-content\/uploads\/2024\/12\/tournages2-768x1024.jpg\" \/>\n<meta name=\"twitter:card\" content=\"summary_large_image\" \/>\n<meta name=\"twitter:label1\" content=\"Est. reading time\" \/>\n\t<meta name=\"twitter:data1\" content=\"2 minutes\" \/>\n<script type=\"application\/ld+json\" class=\"yoast-schema-graph\">{\"@context\":\"https:\/\/schema.org\",\"@graph\":[{\"@type\":\"WebPage\",\"@id\":\"https:\/\/boisselier.ca\/en\/fine-woodworker\/\",\"url\":\"https:\/\/boisselier.ca\/en\/fine-woodworker\/\",\"name\":\"Fine Woodworker - Le boisselier - Emmanuel P\u00e9luchon \u00e9b\u00e9niste\",\"isPartOf\":{\"@id\":\"https:\/\/boisselier.ca\/#website\"},\"primaryImageOfPage\":{\"@id\":\"https:\/\/boisselier.ca\/en\/fine-woodworker\/#primaryimage\"},\"image\":{\"@id\":\"https:\/\/boisselier.ca\/en\/fine-woodworker\/#primaryimage\"},\"thumbnailUrl\":\"https:\/\/boisselier.ca\/wp-content\/uploads\/2024\/12\/tournages2-768x1024.jpg\",\"datePublished\":\"2024-12-11T13:08:12+00:00\",\"dateModified\":\"2025-05-13T06:40:46+00:00\",\"description\":\"I discovered my passion for woodworking when I was 18 years old during an internship with les Compagnons du Tour de France. Today I apply the knowledge\",\"breadcrumb\":{\"@id\":\"https:\/\/boisselier.ca\/en\/fine-woodworker\/#breadcrumb\"},\"inLanguage\":\"en-US\",\"potentialAction\":[{\"@type\":\"ReadAction\",\"target\":[\"https:\/\/boisselier.ca\/en\/fine-woodworker\/\"]}]},{\"@type\":\"ImageObject\",\"inLanguage\":\"en-US\",\"@id\":\"https:\/\/boisselier.ca\/en\/fine-woodworker\/#primaryimage\",\"url\":\"https:\/\/boisselier.ca\/wp-content\/uploads\/2024\/12\/tournages2-768x1024.jpg\",\"contentUrl\":\"https:\/\/boisselier.ca\/wp-content\/uploads\/2024\/12\/tournages2-768x1024.jpg\"},{\"@type\":\"BreadcrumbList\",\"@id\":\"https:\/\/boisselier.ca\/en\/fine-woodworker\/#breadcrumb\",\"itemListElement\":[{\"@type\":\"ListItem\",\"position\":1,\"name\":\"Home\",\"item\":\"https:\/\/boisselier.ca\/\"},{\"@type\":\"ListItem\",\"position\":2,\"name\":\"Fine Woodworker\"}]},{\"@type\":\"WebSite\",\"@id\":\"https:\/\/boisselier.ca\/#website\",\"url\":\"https:\/\/boisselier.ca\/\",\"name\":\"Le boisselier - Emmanuel P\u00e9luchon \u00e9b\u00e9niste\",\"description\":\"\",\"publisher\":{\"@id\":\"https:\/\/boisselier.ca\/#organization\"},\"potentialAction\":[{\"@type\":\"SearchAction\",\"target\":{\"@type\":\"EntryPoint\",\"urlTemplate\":\"https:\/\/boisselier.ca\/?s={search_term_string}\"},\"query-input\":{\"@type\":\"PropertyValueSpecification\",\"valueRequired\":true,\"valueName\":\"search_term_string\"}}],\"inLanguage\":\"en-US\"},{\"@type\":\"Organization\",\"@id\":\"https:\/\/boisselier.ca\/#organization\",\"name\":\"Le boisselier - Emmanuel P\u00e9luchon \u00e9b\u00e9niste\",\"url\":\"https:\/\/boisselier.ca\/\",\"logo\":{\"@type\":\"ImageObject\",\"inLanguage\":\"en-US\",\"@id\":\"https:\/\/boisselier.ca\/#\/schema\/logo\/image\/\",\"url\":\"https:\/\/boisselier.ca\/wp-content\/uploads\/2024\/12\/epeluchon_logo.png\",\"contentUrl\":\"https:\/\/boisselier.ca\/wp-content\/uploads\/2024\/12\/epeluchon_logo.png\",\"width\":196,\"height\":96,\"caption\":\"Le boisselier - Emmanuel P\u00e9luchon \u00e9b\u00e9niste\"},\"image\":{\"@id\":\"https:\/\/boisselier.ca\/#\/schema\/logo\/image\/\"}}]}<\/script>\n<!-- \/ Yoast SEO plugin. -->","yoast_head_json":{"title":"Fine Woodworker - Le boisselier - Emmanuel P\u00e9luchon \u00e9b\u00e9niste","description":"I discovered my passion for woodworking when I was 18 years old during an internship with les Compagnons du Tour de France. Today I apply the knowledge","robots":{"index":"index","follow":"follow","max-snippet":"max-snippet:-1","max-image-preview":"max-image-preview:large","max-video-preview":"max-video-preview:-1"},"canonical":"https:\/\/boisselier.ca\/en\/fine-woodworker\/","og_locale":"en_US","og_type":"article","og_title":"Fine Woodworker - Le boisselier - Emmanuel P\u00e9luchon \u00e9b\u00e9niste","og_description":"I discovered my passion for woodworking when I was 18 years old during an internship with les Compagnons du Tour de France. Today I apply the knowledge","og_url":"https:\/\/boisselier.ca\/en\/fine-woodworker\/","og_site_name":"Le boisselier - Emmanuel P\u00e9luchon \u00e9b\u00e9niste","article_modified_time":"2025-05-13T06:40:46+00:00","og_image":[{"url":"https:\/\/boisselier.ca\/wp-content\/uploads\/2024\/12\/tournages2-768x1024.jpg","type":"","width":"","height":""}],"twitter_card":"summary_large_image","twitter_misc":{"Est. reading time":"2 minutes"},"schema":{"@context":"https:\/\/schema.org","@graph":[{"@type":"WebPage","@id":"https:\/\/boisselier.ca\/en\/fine-woodworker\/","url":"https:\/\/boisselier.ca\/en\/fine-woodworker\/","name":"Fine Woodworker - Le boisselier - Emmanuel P\u00e9luchon \u00e9b\u00e9niste","isPartOf":{"@id":"https:\/\/boisselier.ca\/#website"},"primaryImageOfPage":{"@id":"https:\/\/boisselier.ca\/en\/fine-woodworker\/#primaryimage"},"image":{"@id":"https:\/\/boisselier.ca\/en\/fine-woodworker\/#primaryimage"},"thumbnailUrl":"https:\/\/boisselier.ca\/wp-content\/uploads\/2024\/12\/tournages2-768x1024.jpg","datePublished":"2024-12-11T13:08:12+00:00","dateModified":"2025-05-13T06:40:46+00:00","description":"I discovered my passion for woodworking when I was 18 years old during an internship with les Compagnons du Tour de France. Today I apply the knowledge","breadcrumb":{"@id":"https:\/\/boisselier.ca\/en\/fine-woodworker\/#breadcrumb"},"inLanguage":"en-US","potentialAction":[{"@type":"ReadAction","target":["https:\/\/boisselier.ca\/en\/fine-woodworker\/"]}]},{"@type":"ImageObject","inLanguage":"en-US","@id":"https:\/\/boisselier.ca\/en\/fine-woodworker\/#primaryimage","url":"https:\/\/boisselier.ca\/wp-content\/uploads\/2024\/12\/tournages2-768x1024.jpg","contentUrl":"https:\/\/boisselier.ca\/wp-content\/uploads\/2024\/12\/tournages2-768x1024.jpg"},{"@type":"BreadcrumbList","@id":"https:\/\/boisselier.ca\/en\/fine-woodworker\/#breadcrumb","itemListElement":[{"@type":"ListItem","position":1,"name":"Home","item":"https:\/\/boisselier.ca\/"},{"@type":"ListItem","position":2,"name":"Fine Woodworker"}]},{"@type":"WebSite","@id":"https:\/\/boisselier.ca\/#website","url":"https:\/\/boisselier.ca\/","name":"Le boisselier - Emmanuel P\u00e9luchon \u00e9b\u00e9niste","description":"","publisher":{"@id":"https:\/\/boisselier.ca\/#organization"},"potentialAction":[{"@type":"SearchAction","target":{"@type":"EntryPoint","urlTemplate":"https:\/\/boisselier.ca\/?s={search_term_string}"},"query-input":{"@type":"PropertyValueSpecification","valueRequired":true,"valueName":"search_term_string"}}],"inLanguage":"en-US"},{"@type":"Organization","@id":"https:\/\/boisselier.ca\/#organization","name":"Le boisselier - Emmanuel P\u00e9luchon \u00e9b\u00e9niste","url":"https:\/\/boisselier.ca\/","logo":{"@type":"ImageObject","inLanguage":"en-US","@id":"https:\/\/boisselier.ca\/#\/schema\/logo\/image\/","url":"https:\/\/boisselier.ca\/wp-content\/uploads\/2024\/12\/epeluchon_logo.png","contentUrl":"https:\/\/boisselier.ca\/wp-content\/uploads\/2024\/12\/epeluchon_logo.png","width":196,"height":96,"caption":"Le boisselier - Emmanuel P\u00e9luchon \u00e9b\u00e9niste"},"image":{"@id":"https:\/\/boisselier.ca\/#\/schema\/logo\/image\/"}}]}},"_links":{"self":[{"href":"https:\/\/boisselier.ca\/en\/wp-json\/wp\/v2\/pages\/1671","targetHints":{"allow":["GET"]}}],"collection":[{"href":"https:\/\/boisselier.ca\/en\/wp-json\/wp\/v2\/pages"}],"about":[{"href":"https:\/\/boisselier.ca\/en\/wp-json\/wp\/v2\/types\/page"}],"author":[{"embeddable":true,"href":"https:\/\/boisselier.ca\/en\/wp-json\/wp\/v2\/users\/1"}],"replies":[{"embeddable":true,"href":"https:\/\/boisselier.ca\/en\/wp-json\/wp\/v2\/comments?post=1671"}],"version-history":[{"count":24,"href":"https:\/\/boisselier.ca\/en\/wp-json\/wp\/v2\/pages\/1671\/revisions"}],"predecessor-version":[{"id":2394,"href":"https:\/\/boisselier.ca\/en\/wp-json\/wp\/v2\/pages\/1671\/revisions\/2394"}],"wp:attachment":[{"href":"https:\/\/boisselier.ca\/en\/wp-json\/wp\/v2\/media?parent=1671"}],"curies":[{"name":"wp","href":"https:\/\/api.w.org\/{rel}","templated":true}]}}