{"id":1698,"date":"2024-02-14T00:00:00","date_gmt":"2024-02-14T00:00:00","guid":{"rendered":"https:\/\/boisselier.ca\/nous-joindre\/"},"modified":"2025-05-13T06:50:05","modified_gmt":"2025-05-13T06:50:05","slug":"contact-me","status":"publish","type":"page","link":"https:\/\/boisselier.ca\/en\/contact-me\/","title":{"rendered":"Contact Me"},"content":{"rendered":"\t\t<div data-elementor-type=\"wp-page\" data-elementor-id=\"1698\" class=\"elementor elementor-1698 elementor-26\" data-elementor-post-type=\"page\">\n\t\t\t\t\t\t<section class=\"elementor-section elementor-top-section elementor-element elementor-element-38983fd elementor-section-boxed elementor-section-height-default elementor-section-height-default\" data-id=\"38983fd\" data-element_type=\"section\">\n\t\t\t\t\t\t<div class=\"elementor-container elementor-column-gap-default\">\n\t\t\t\t\t<div class=\"elementor-column elementor-col-33 elementor-top-column elementor-element elementor-element-60c0de6\" data-id=\"60c0de6\" data-element_type=\"column\" data-settings=\"{&quot;background_background&quot;:&quot;classic&quot;}\">\n\t\t\t<div class=\"elementor-widget-wrap elementor-element-populated\">\n\t\t\t\t\t\t<div class=\"elementor-element elementor-element-fec3a74 elementor-view-framed elementor-position-left elementor-vertical-align-middle elementor-shape-circle elementor-mobile-position-top elementor-widget elementor-widget-icon-box\" data-id=\"fec3a74\" data-element_type=\"widget\" data-widget_type=\"icon-box.default\">\n\t\t\t\t<div class=\"elementor-widget-container\">\n\t\t\t\t\t<div class=\"elementor-icon-box-wrapper\">\n\n\t\t\t\t\t\t<div class=\"elementor-icon-box-icon\">\n\t\t\t\t<span  class=\"elementor-icon elementor-animation-\">\n\t\t\t\t<svg aria-hidden=\"true\" class=\"e-font-icon-svg e-fas-map-marker-alt\" viewBox=\"0 0 384 512\" xmlns=\"http:\/\/www.w3.org\/2000\/svg\"><path d=\"M172.268 501.67C26.97 291.031 0 269.413 0 192 0 85.961 85.961 0 192 0s192 85.961 192 192c0 77.413-26.97 99.031-172.268 309.67-9.535 13.774-29.93 13.773-39.464 0zM192 272c44.183 0 80-35.817 80-80s-35.817-80-80-80-80 35.817-80 80 35.817 80 80 80z\"><\/path><\/svg>\t\t\t\t<\/span>\n\t\t\t<\/div>\n\t\t\t\n\t\t\t\t\t\t<div class=\"elementor-icon-box-content\">\n\n\t\t\t\t\n\t\t\t\t\t\t\t\t\t<p class=\"elementor-icon-box-description\">\n\t\t\t\t\t\t1108 Chemin de Knowlton\nLac Brome, J0E 2P0\nQu\u00e9bec, Canada.\t\t\t\t\t<\/p>\n\t\t\t\t\n\t\t\t<\/div>\n\t\t\t\n\t\t<\/div>\n\t\t\t\t<\/div>\n\t\t\t\t<\/div>\n\t\t\t\t\t<\/div>\n\t\t<\/div>\n\t\t\t\t<div class=\"elementor-column elementor-col-33 elementor-top-column elementor-element elementor-element-f763aad\" data-id=\"f763aad\" data-element_type=\"column\" data-settings=\"{&quot;background_background&quot;:&quot;classic&quot;}\">\n\t\t\t<div class=\"elementor-widget-wrap elementor-element-populated\">\n\t\t\t\t\t\t<div class=\"elementor-element elementor-element-583896a elementor-view-framed elementor-position-left elementor-vertical-align-middle elementor-shape-circle elementor-mobile-position-top elementor-widget elementor-widget-icon-box\" data-id=\"583896a\" data-element_type=\"widget\" data-widget_type=\"icon-box.default\">\n\t\t\t\t<div class=\"elementor-widget-container\">\n\t\t\t\t\t<div class=\"elementor-icon-box-wrapper\">\n\n\t\t\t\t\t\t<div class=\"elementor-icon-box-icon\">\n\t\t\t\t<a href=\"tel:(438)%20868-4331\" class=\"elementor-icon elementor-animation-\" tabindex=\"-1\">\n\t\t\t\t<svg aria-hidden=\"true\" class=\"e-font-icon-svg e-fas-phone-alt\" viewBox=\"0 0 512 512\" xmlns=\"http:\/\/www.w3.org\/2000\/svg\"><path d=\"M497.39 361.8l-112-48a24 24 0 0 0-28 6.9l-49.6 60.6A370.66 370.66 0 0 1 130.6 204.11l60.6-49.6a23.94 23.94 0 0 0 6.9-28l-48-112A24.16 24.16 0 0 0 122.6.61l-104 24A24 24 0 0 0 0 48c0 256.5 207.9 464 464 464a24 24 0 0 0 23.4-18.6l24-104a24.29 24.29 0 0 0-14.01-27.6z\"><\/path><\/svg>\t\t\t\t<\/a>\n\t\t\t<\/div>\n\t\t\t\n\t\t\t\t\t\t<div class=\"elementor-icon-box-content\">\n\n\t\t\t\t\t\t\t\t\t<span class=\"elementor-icon-box-title\">\n\t\t\t\t\t\t<a href=\"tel:(438)%20868-4331\" >\n\t\t\t\t\t\t\tCall Me:\t\t\t\t\t\t<\/a>\n\t\t\t\t\t<\/span>\n\t\t\t\t\n\t\t\t\t\t\t\t\t\t<p class=\"elementor-icon-box-description\">\n\t\t\t\t\t\t(438) 868-4331\t\t\t\t\t<\/p>\n\t\t\t\t\n\t\t\t<\/div>\n\t\t\t\n\t\t<\/div>\n\t\t\t\t<\/div>\n\t\t\t\t<\/div>\n\t\t\t\t\t<\/div>\n\t\t<\/div>\n\t\t\t\t<div class=\"elementor-column elementor-col-33 elementor-top-column elementor-element elementor-element-e5e8c89\" data-id=\"e5e8c89\" data-element_type=\"column\" data-settings=\"{&quot;background_background&quot;:&quot;classic&quot;}\">\n\t\t\t<div class=\"elementor-widget-wrap elementor-element-populated\">\n\t\t\t\t\t\t<div class=\"elementor-element elementor-element-e58c5cb elementor-view-framed elementor-position-left elementor-vertical-align-middle elementor-shape-circle elementor-mobile-position-top elementor-widget elementor-widget-icon-box\" data-id=\"e58c5cb\" data-element_type=\"widget\" data-widget_type=\"icon-box.default\">\n\t\t\t\t<div class=\"elementor-widget-container\">\n\t\t\t\t\t<div class=\"elementor-icon-box-wrapper\">\n\n\t\t\t\t\t\t<div class=\"elementor-icon-box-icon\">\n\t\t\t\t<a href=\"mailto:info(@)emmanuelpeluchon.com\" class=\"elementor-icon elementor-animation-\" tabindex=\"-1\">\n\t\t\t\t<svg aria-hidden=\"true\" class=\"e-font-icon-svg e-fas-mail-bulk\" viewBox=\"0 0 576 512\" xmlns=\"http:\/\/www.w3.org\/2000\/svg\"><path d=\"M160 448c-25.6 0-51.2-22.4-64-32-64-44.8-83.2-60.8-96-70.4V480c0 17.67 14.33 32 32 32h256c17.67 0 32-14.33 32-32V345.6c-12.8 9.6-32 25.6-96 70.4-12.8 9.6-38.4 32-64 32zm128-192H32c-17.67 0-32 14.33-32 32v16c25.6 19.2 22.4 19.2 115.2 86.4 9.6 6.4 28.8 25.6 44.8 25.6s35.2-19.2 44.8-22.4c92.8-67.2 89.6-67.2 115.2-86.4V288c0-17.67-14.33-32-32-32zm256-96H224c-17.67 0-32 14.33-32 32v32h96c33.21 0 60.59 25.42 63.71 57.82l.29-.22V416h192c17.67 0 32-14.33 32-32V192c0-17.67-14.33-32-32-32zm-32 128h-64v-64h64v64zm-352-96c0-35.29 28.71-64 64-64h224V32c0-17.67-14.33-32-32-32H96C78.33 0 64 14.33 64 32v192h96v-32z\"><\/path><\/svg>\t\t\t\t<\/a>\n\t\t\t<\/div>\n\t\t\t\n\t\t\t\t\t\t<div class=\"elementor-icon-box-content\">\n\n\t\t\t\t\t\t\t\t\t<span class=\"elementor-icon-box-title\">\n\t\t\t\t\t\t<a href=\"mailto:info(@)emmanuelpeluchon.com\" >\n\t\t\t\t\t\t\tE-mail:\t\t\t\t\t\t<\/a>\n\t\t\t\t\t<\/span>\n\t\t\t\t\n\t\t\t\t\t\t\t\t\t<p class=\"elementor-icon-box-description\">\n\t\t\t\t\t\tInfo(@)emmanuelpeluchon.com\t\t\t\t\t<\/p>\n\t\t\t\t\n\t\t\t<\/div>\n\t\t\t\n\t\t<\/div>\n\t\t\t\t<\/div>\n\t\t\t\t<\/div>\n\t\t\t\t\t<\/div>\n\t\t<\/div>\n\t\t\t\t\t<\/div>\n\t\t<\/section>\n\t\t\t\t<section class=\"elementor-section elementor-top-section elementor-element elementor-element-98efa0a elementor-section-boxed elementor-section-height-default elementor-section-height-default\" data-id=\"98efa0a\" data-element_type=\"section\" data-settings=\"{&quot;background_background&quot;:&quot;classic&quot;}\">\n\t\t\t\t\t\t<div class=\"elementor-container elementor-column-gap-no\">\n\t\t\t\t\t<div class=\"elementor-column elementor-col-66 elementor-top-column elementor-element elementor-element-52da8a0\" data-id=\"52da8a0\" data-element_type=\"column\">\n\t\t\t<div class=\"elementor-widget-wrap elementor-element-populated\">\n\t\t\t\t\t\t<div class=\"elementor-element elementor-element-641acd5 elementor-widget elementor-widget-google_maps\" data-id=\"641acd5\" data-element_type=\"widget\" data-widget_type=\"google_maps.default\">\n\t\t\t\t<div class=\"elementor-widget-container\">\n\t\t\t\t\t<div class=\"elementor-custom-embed\">\n\t\t\t<iframe loading=\"lazy\"\n\t\t\t\t\tsrc=\"https:\/\/maps.google.com\/maps?q=1108%20Chemin%20de%20Knowlton%20Lac%20Brome%2C%20J0E%202P0&#038;t=m&#038;z=15&#038;output=embed&#038;iwloc=near\"\n\t\t\t\t\ttitle=\"1108 Chemin de Knowlton Lac Brome, J0E 2P0\"\n\t\t\t\t\taria-label=\"1108 Chemin de Knowlton Lac Brome, J0E 2P0\"\n\t\t\t><\/iframe>\n\t\t<\/div>\n\t\t\t\t<\/div>\n\t\t\t\t<\/div>\n\t\t\t\t\t<\/div>\n\t\t<\/div>\n\t\t\t\t<div class=\"elementor-column elementor-col-33 elementor-top-column elementor-element elementor-element-9155cd4\" data-id=\"9155cd4\" data-element_type=\"column\" data-settings=\"{&quot;background_background&quot;:&quot;classic&quot;}\">\n\t\t\t<div class=\"elementor-widget-wrap elementor-element-populated\">\n\t\t\t\t\t\t<div class=\"elementor-element elementor-element-b491748 elementor-widget elementor-widget-heading\" data-id=\"b491748\" data-element_type=\"widget\" data-widget_type=\"heading.default\">\n\t\t\t\t<div class=\"elementor-widget-container\">\n\t\t\t<h2 class=\"elementor-heading-title elementor-size-default\">Contact Me<\/h2>\t\t<\/div>\n\t\t\t\t<\/div>\n\t\t\t\t<div class=\"elementor-element elementor-element-b8f6ce4 elementor-widget-mobile__width-inherit contact-form elementor-widget elementor-widget-shortcode\" data-id=\"b8f6ce4\" data-element_type=\"widget\" data-widget_type=\"shortcode.default\">\n\t\t\t\t<div class=\"elementor-widget-container\">\n\t\t\t\t\t<div class=\"elementor-shortcode\">\n<div class=\"wpcf7 no-js\" id=\"wpcf7-f2052-o1\" lang=\"en-US\" dir=\"ltr\" data-wpcf7-id=\"2052\">\n<div class=\"screen-reader-response\"><p role=\"status\" aria-live=\"polite\" aria-atomic=\"true\"><\/p> <ul><\/ul><\/div>\n<form action=\"\/en\/wp-json\/wp\/v2\/pages\/1698#wpcf7-f2052-o1\" method=\"post\" class=\"wpcf7-form init\" aria-label=\"Contact form\" novalidate=\"novalidate\" data-status=\"init\">\n<div style=\"display: none;\">\n<input type=\"hidden\" name=\"_wpcf7\" value=\"2052\" \/>\n<input type=\"hidden\" name=\"_wpcf7_version\" value=\"6.0.1\" \/>\n<input type=\"hidden\" name=\"_wpcf7_locale\" value=\"en_US\" \/>\n<input type=\"hidden\" name=\"_wpcf7_unit_tag\" value=\"wpcf7-f2052-o1\" \/>\n<input type=\"hidden\" name=\"_wpcf7_container_post\" value=\"0\" \/>\n<input type=\"hidden\" name=\"_wpcf7_posted_data_hash\" value=\"\" \/>\n<\/div>\n<p><label> Your name<br \/>\n<span class=\"wpcf7-form-control-wrap\" data-name=\"your-name\"><input size=\"40\" maxlength=\"400\" class=\"wpcf7-form-control wpcf7-text wpcf7-validates-as-required\" autocomplete=\"name\" aria-required=\"true\" aria-invalid=\"false\" value=\"\" type=\"text\" name=\"your-name\" \/><\/span> <\/label>\n<\/p>\n<p><label> Your E-mail<br \/>\n<span class=\"wpcf7-form-control-wrap\" data-name=\"your-email\"><input size=\"40\" maxlength=\"400\" class=\"wpcf7-form-control wpcf7-email wpcf7-validates-as-required wpcf7-text wpcf7-validates-as-email\" autocomplete=\"email\" aria-required=\"true\" aria-invalid=\"false\" value=\"\" type=\"email\" name=\"your-email\" \/><\/span> <\/label>\n<\/p>\n<p><label> Subject<br \/>\n<span class=\"wpcf7-form-control-wrap\" data-name=\"your-subject\"><input size=\"40\" maxlength=\"400\" class=\"wpcf7-form-control wpcf7-text wpcf7-validates-as-required\" aria-required=\"true\" aria-invalid=\"false\" value=\"\" type=\"text\" name=\"your-subject\" \/><\/span> <\/label>\n<\/p>\n<p><label> Message<br \/>\n<span class=\"wpcf7-form-control-wrap\" data-name=\"your-message\"><textarea cols=\"40\" rows=\"10\" maxlength=\"2000\" class=\"wpcf7-form-control wpcf7-textarea\" aria-invalid=\"false\" name=\"your-message\"><\/textarea><\/span> <\/label>\n<\/p>\n<p><input class=\"wpcf7-form-control wpcf7-submit has-spinner\" type=\"submit\" value=\"Send\" \/>\n<\/p><div class=\"wpcf7-response-output\" aria-hidden=\"true\"><\/div>\n<\/form>\n<\/div>\n<\/div>\n\t\t\t\t<\/div>\n\t\t\t\t<\/div>\n\t\t\t\t\t<\/div>\n\t\t<\/div>\n\t\t\t\t\t<\/div>\n\t\t<\/section>\n\t\t\t\t<\/div>\n\t\t","protected":false},"excerpt":{"rendered":"<p>1108 Chemin de Knowlton Lac Brome, J0E 2P0 Qu\u00e9bec, Canada. Call Me: (438) 868-4331 E-mail: Info(@)emmanuelpeluchon.com Contact Me<\/p>\n","protected":false},"author":1,"featured_media":0,"parent":0,"menu_order":0,"comment_status":"closed","ping_status":"closed","template":"","meta":{"_bst_post_transparent":"","_bst_post_title":"default","_bst_post_layout":"default","_bst_post_sidebar_id":"","_bst_post_content_style":"unboxed","_bst_post_vertical_padding":"default","_bst_post_feature":"hide","_bst_post_feature_position":"","_bst_post_header":false,"_bst_post_footer":false,"footnotes":""},"class_list":["post-1698","page","type-page","status-publish","hentry"],"yoast_head":"<!-- This site is optimized with the Yoast SEO plugin v24.0 - https:\/\/yoast.com\/wordpress\/plugins\/seo\/ -->\n<title>Contact Me - Le boisselier - Emmanuel P\u00e9luchon \u00e9b\u00e9niste<\/title>\n<meta name=\"description\" content=\"1108 Chemin de Knowlton Lac Brome, J0E 2P0 Qu\u00e9bec, Canada. Call Me: (438) 868-4331 E-mail: Info(@)emmanuelpeluchon.com Contact\" \/>\n<meta name=\"robots\" content=\"index, follow, max-snippet:-1, max-image-preview:large, max-video-preview:-1\" \/>\n<link rel=\"canonical\" href=\"https:\/\/boisselier.ca\/en\/contact-me\/\" \/>\n<meta property=\"og:locale\" content=\"en_US\" \/>\n<meta property=\"og:type\" content=\"article\" \/>\n<meta property=\"og:title\" content=\"Contact Me - Le boisselier - Emmanuel P\u00e9luchon \u00e9b\u00e9niste\" \/>\n<meta property=\"og:description\" content=\"1108 Chemin de Knowlton Lac Brome, J0E 2P0 Qu\u00e9bec, Canada. Call Me: (438) 868-4331 E-mail: Info(@)emmanuelpeluchon.com Contact\" \/>\n<meta property=\"og:url\" content=\"https:\/\/boisselier.ca\/en\/contact-me\/\" \/>\n<meta property=\"og:site_name\" content=\"Le boisselier - Emmanuel P\u00e9luchon \u00e9b\u00e9niste\" \/>\n<meta property=\"article:modified_time\" content=\"2025-05-13T06:50:05+00:00\" \/>\n<meta name=\"twitter:card\" content=\"summary_large_image\" \/>\n<meta name=\"twitter:label1\" content=\"Est. reading time\" \/>\n\t<meta name=\"twitter:data1\" content=\"1 minute\" \/>\n<script type=\"application\/ld+json\" class=\"yoast-schema-graph\">{\"@context\":\"https:\/\/schema.org\",\"@graph\":[{\"@type\":\"WebPage\",\"@id\":\"https:\/\/boisselier.ca\/en\/contact-me\/\",\"url\":\"https:\/\/boisselier.ca\/en\/contact-me\/\",\"name\":\"Contact Me - Le boisselier - Emmanuel P\u00e9luchon \u00e9b\u00e9niste\",\"isPartOf\":{\"@id\":\"https:\/\/boisselier.ca\/#website\"},\"datePublished\":\"2024-02-14T00:00:00+00:00\",\"dateModified\":\"2025-05-13T06:50:05+00:00\",\"description\":\"1108 Chemin de Knowlton Lac Brome, J0E 2P0 Qu\u00e9bec, Canada. Call Me: (438) 868-4331 E-mail: Info(@)emmanuelpeluchon.com Contact\",\"breadcrumb\":{\"@id\":\"https:\/\/boisselier.ca\/en\/contact-me\/#breadcrumb\"},\"inLanguage\":\"en-US\",\"potentialAction\":[{\"@type\":\"ReadAction\",\"target\":[\"https:\/\/boisselier.ca\/en\/contact-me\/\"]}]},{\"@type\":\"BreadcrumbList\",\"@id\":\"https:\/\/boisselier.ca\/en\/contact-me\/#breadcrumb\",\"itemListElement\":[{\"@type\":\"ListItem\",\"position\":1,\"name\":\"Home\",\"item\":\"https:\/\/boisselier.ca\/\"},{\"@type\":\"ListItem\",\"position\":2,\"name\":\"Contact Me\"}]},{\"@type\":\"WebSite\",\"@id\":\"https:\/\/boisselier.ca\/#website\",\"url\":\"https:\/\/boisselier.ca\/\",\"name\":\"Le boisselier - Emmanuel P\u00e9luchon \u00e9b\u00e9niste\",\"description\":\"\",\"publisher\":{\"@id\":\"https:\/\/boisselier.ca\/#organization\"},\"potentialAction\":[{\"@type\":\"SearchAction\",\"target\":{\"@type\":\"EntryPoint\",\"urlTemplate\":\"https:\/\/boisselier.ca\/?s={search_term_string}\"},\"query-input\":{\"@type\":\"PropertyValueSpecification\",\"valueRequired\":true,\"valueName\":\"search_term_string\"}}],\"inLanguage\":\"en-US\"},{\"@type\":\"Organization\",\"@id\":\"https:\/\/boisselier.ca\/#organization\",\"name\":\"Le boisselier - Emmanuel P\u00e9luchon \u00e9b\u00e9niste\",\"url\":\"https:\/\/boisselier.ca\/\",\"logo\":{\"@type\":\"ImageObject\",\"inLanguage\":\"en-US\",\"@id\":\"https:\/\/boisselier.ca\/#\/schema\/logo\/image\/\",\"url\":\"https:\/\/boisselier.ca\/wp-content\/uploads\/2024\/12\/epeluchon_logo.png\",\"contentUrl\":\"https:\/\/boisselier.ca\/wp-content\/uploads\/2024\/12\/epeluchon_logo.png\",\"width\":196,\"height\":96,\"caption\":\"Le boisselier - Emmanuel P\u00e9luchon \u00e9b\u00e9niste\"},\"image\":{\"@id\":\"https:\/\/boisselier.ca\/#\/schema\/logo\/image\/\"}}]}<\/script>\n<!-- \/ Yoast SEO plugin. -->","yoast_head_json":{"title":"Contact Me - Le boisselier - Emmanuel P\u00e9luchon \u00e9b\u00e9niste","description":"1108 Chemin de Knowlton Lac Brome, J0E 2P0 Qu\u00e9bec, Canada. Call Me: (438) 868-4331 E-mail: Info(@)emmanuelpeluchon.com Contact","robots":{"index":"index","follow":"follow","max-snippet":"max-snippet:-1","max-image-preview":"max-image-preview:large","max-video-preview":"max-video-preview:-1"},"canonical":"https:\/\/boisselier.ca\/en\/contact-me\/","og_locale":"en_US","og_type":"article","og_title":"Contact Me - Le boisselier - Emmanuel P\u00e9luchon \u00e9b\u00e9niste","og_description":"1108 Chemin de Knowlton Lac Brome, J0E 2P0 Qu\u00e9bec, Canada. Call Me: (438) 868-4331 E-mail: Info(@)emmanuelpeluchon.com Contact","og_url":"https:\/\/boisselier.ca\/en\/contact-me\/","og_site_name":"Le boisselier - Emmanuel P\u00e9luchon \u00e9b\u00e9niste","article_modified_time":"2025-05-13T06:50:05+00:00","twitter_card":"summary_large_image","twitter_misc":{"Est. reading time":"1 minute"},"schema":{"@context":"https:\/\/schema.org","@graph":[{"@type":"WebPage","@id":"https:\/\/boisselier.ca\/en\/contact-me\/","url":"https:\/\/boisselier.ca\/en\/contact-me\/","name":"Contact Me - Le boisselier - Emmanuel P\u00e9luchon \u00e9b\u00e9niste","isPartOf":{"@id":"https:\/\/boisselier.ca\/#website"},"datePublished":"2024-02-14T00:00:00+00:00","dateModified":"2025-05-13T06:50:05+00:00","description":"1108 Chemin de Knowlton Lac Brome, J0E 2P0 Qu\u00e9bec, Canada. Call Me: (438) 868-4331 E-mail: Info(@)emmanuelpeluchon.com Contact","breadcrumb":{"@id":"https:\/\/boisselier.ca\/en\/contact-me\/#breadcrumb"},"inLanguage":"en-US","potentialAction":[{"@type":"ReadAction","target":["https:\/\/boisselier.ca\/en\/contact-me\/"]}]},{"@type":"BreadcrumbList","@id":"https:\/\/boisselier.ca\/en\/contact-me\/#breadcrumb","itemListElement":[{"@type":"ListItem","position":1,"name":"Home","item":"https:\/\/boisselier.ca\/"},{"@type":"ListItem","position":2,"name":"Contact Me"}]},{"@type":"WebSite","@id":"https:\/\/boisselier.ca\/#website","url":"https:\/\/boisselier.ca\/","name":"Le boisselier - Emmanuel P\u00e9luchon \u00e9b\u00e9niste","description":"","publisher":{"@id":"https:\/\/boisselier.ca\/#organization"},"potentialAction":[{"@type":"SearchAction","target":{"@type":"EntryPoint","urlTemplate":"https:\/\/boisselier.ca\/?s={search_term_string}"},"query-input":{"@type":"PropertyValueSpecification","valueRequired":true,"valueName":"search_term_string"}}],"inLanguage":"en-US"},{"@type":"Organization","@id":"https:\/\/boisselier.ca\/#organization","name":"Le boisselier - Emmanuel P\u00e9luchon \u00e9b\u00e9niste","url":"https:\/\/boisselier.ca\/","logo":{"@type":"ImageObject","inLanguage":"en-US","@id":"https:\/\/boisselier.ca\/#\/schema\/logo\/image\/","url":"https:\/\/boisselier.ca\/wp-content\/uploads\/2024\/12\/epeluchon_logo.png","contentUrl":"https:\/\/boisselier.ca\/wp-content\/uploads\/2024\/12\/epeluchon_logo.png","width":196,"height":96,"caption":"Le boisselier - Emmanuel P\u00e9luchon \u00e9b\u00e9niste"},"image":{"@id":"https:\/\/boisselier.ca\/#\/schema\/logo\/image\/"}}]}},"_links":{"self":[{"href":"https:\/\/boisselier.ca\/en\/wp-json\/wp\/v2\/pages\/1698","targetHints":{"allow":["GET"]}}],"collection":[{"href":"https:\/\/boisselier.ca\/en\/wp-json\/wp\/v2\/pages"}],"about":[{"href":"https:\/\/boisselier.ca\/en\/wp-json\/wp\/v2\/types\/page"}],"author":[{"embeddable":true,"href":"https:\/\/boisselier.ca\/en\/wp-json\/wp\/v2\/users\/1"}],"replies":[{"embeddable":true,"href":"https:\/\/boisselier.ca\/en\/wp-json\/wp\/v2\/comments?post=1698"}],"version-history":[{"count":22,"href":"https:\/\/boisselier.ca\/en\/wp-json\/wp\/v2\/pages\/1698\/revisions"}],"predecessor-version":[{"id":2408,"href":"https:\/\/boisselier.ca\/en\/wp-json\/wp\/v2\/pages\/1698\/revisions\/2408"}],"wp:attachment":[{"href":"https:\/\/boisselier.ca\/en\/wp-json\/wp\/v2\/media?parent=1698"}],"curies":[{"name":"wp","href":"https:\/\/api.w.org\/{rel}","templated":true}]}}