{"id":2026,"date":"2024-12-11T17:59:45","date_gmt":"2024-12-11T17:59:45","guid":{"rendered":"https:\/\/boisselier.ca\/product\/table-de-style-shaker\/"},"modified":"2025-05-13T06:33:37","modified_gmt":"2025-05-13T06:33:37","slug":"table-de-style-shaker","status":"publish","type":"product","link":"https:\/\/boisselier.ca\/en\/product\/table-de-style-shaker\/","title":{"rendered":"Table de style Shaker"},"content":{"rendered":"<h2>Style Shaker:<\/h2>\n<p>Ce qui caract\u00e9rise la tradition shaker, c\u2019est l\u2019excellence de la fabrication. Les lignes pures\u00a0du mobilier, le souci des proportions, des finitions parfaites et de l\u2019utilisation de mat\u00e9riaux naturels.\u00a0Ce style associe associe l\u00e9g\u00e8ret\u00e9, solidit\u00e9 et ergonomie.<\/p>\n<h3>Table en cerisier\u00a0pour la salle \u00e0 manger ou le bureau.<\/h3>\n<p>Prix approximatif des dimensions courantes:<br \/>\n60Lx36lx30H pouces &#8211; 153Lx92lx76H cm : 2,100$<br \/>\n72Lx36lx30H pouces &#8211; 183Lx92lx76H cm : 2,400$<br \/>\n84Lx42lx30H pouces &#8211; 213L\u00d7107lx76H cm : 3,500$<\/p>\n<p>Options \u00e0 discuter au devis:<br \/>\nTiroirs, pattes obliques, assemblage tenon et mortaise avec chevilles, pattes d\u00e9montables, ceinture moulur\u00e9e, ajout d&#8217;un ou deux bancs.<br \/>\nBois par d\u00e9faut: cerisier tardif.<br \/>\nFinition naturelle \u00e0 l&#8217;huile.<\/p>\n<p>Possibilit\u00e9 d&#8217;ajouter des rallonges.<br \/>\nAutres dimensions, bois ou mod\u00e8le sur demande.<\/p>\n","protected":false},"excerpt":{"rendered":"<h2>Style Shaker:<\/h2>\n<p>Ce qui caract\u00e9rise la tradition shaker, c\u2019est l\u2019excellence de la fabrication. Les lignes pures\u00a0du mobilier, le souci des proportions, des finitions parfaites et de l\u2019utilisation de mat\u00e9riaux naturels.\u00a0Ce style associe associe l\u00e9g\u00e8ret\u00e9, solidit\u00e9 et ergonomie.<\/p>\n<h3>Table en cerisier\u00a0pour la salle \u00e0 manger ou le bureau.<\/h3>\n<p>Prix approximatif des dimensions courantes:<br \/>\n60Lx36lx30H pouces &#8211; 153Lx92lx76H cm : 2,100$<br \/>\n72Lx36lx30H pouces &#8211; 183Lx92lx76H cm : 2,400$<br \/>\n84Lx42lx30H pouces &#8211; 213L\u00d7107lx76H cm : 3,500$<\/p>\n<p>Options \u00e0 discuter au devis:<br \/>\nTiroirs, pattes obliques, assemblage tenon et mortaise avec chevilles, pattes d\u00e9montables, ceinture moulur\u00e9e, ajout d&#8217;un ou deux bancs.<br \/>\nBois par d\u00e9faut: cerisier tardif.<br \/>\nFinition naturelle \u00e0 l&#8217;huile.<\/p>\n<p>Possibilit\u00e9 d&#8217;ajouter des rallonges.<br \/>\nAutres dimensions, bois ou mod\u00e8le sur demande.<\/p>\n","protected":false},"featured_media":1930,"comment_status":"open","ping_status":"closed","template":"","meta":{"_bst_post_transparent":"default","_bst_post_title":"","_bst_post_layout":"default","_bst_post_sidebar_id":"","_bst_post_content_style":"default","_bst_post_vertical_padding":"default","_bst_post_feature":"","_bst_post_feature_position":"","_bst_post_header":false,"_bst_post_footer":false},"product_brand":[],"product_cat":[136],"product_tag":[],"product_brands":[],"class_list":{"0":"post-2026","1":"product","2":"type-product","3":"status-publish","4":"has-post-thumbnail","6":"product_cat-furniture","8":"first","9":"instock","10":"taxable","11":"shipping-taxable","12":"purchasable","13":"product-type-simple","14":"entry","15":"content-bg","16":"loop-entry"},"yoast_head":"<!-- This site is optimized with the Yoast SEO plugin v24.0 - https:\/\/yoast.com\/wordpress\/plugins\/seo\/ -->\n<title>Table de style Shaker - Le boisselier - Emmanuel P\u00e9luchon \u00e9b\u00e9niste<\/title>\n<meta name=\"description\" content=\"Style Shaker: Ce qui caract\u00e9rise la tradition shaker, c\u2019est l\u2019excellence de la fabrication. Les lignes pures\u00a0du mobilier, le souci des proportions, des finitions parfaites et de l\u2019utilisation de mat\u00e9riaux naturels.\u00a0Ce style associe associe l\u00e9g\u00e8ret\u00e9, solidit\u00e9 et ergonomie. Table en cerisier\u00a0pour la salle \u00e0 manger ou le bureau. Prix approximatif des dimensions courantes: 60Lx36lx30H pouces - 153Lx92lx76H cm : 2,100$ 72Lx36lx30H pouces - 183Lx92lx76H cm : 2,400$ 84Lx42lx30H pouces - 213L\u00d7107lx76H cm : 3,500$  Options \u00e0 discuter au devis: Tiroirs, pattes obliques, assemblage tenon et mortaise avec chevilles, pattes d\u00e9montables, ceinture moulur\u00e9e, ajout d&#039;un ou deux bancs. Bois par d\u00e9faut: cerisier tardif. Finition naturelle \u00e0 l&#039;huile.  Possibilit\u00e9 d&#039;ajouter des rallonges. Autres dimensions, bois ou mod\u00e8le sur demande.\" \/>\n<meta name=\"robots\" content=\"index, follow, max-snippet:-1, max-image-preview:large, max-video-preview:-1\" \/>\n<link rel=\"canonical\" href=\"https:\/\/boisselier.ca\/en\/product\/table-de-style-shaker\/\" \/>\n<meta property=\"og:locale\" content=\"en_US\" \/>\n<meta property=\"og:type\" content=\"article\" \/>\n<meta property=\"og:title\" content=\"Table de style Shaker - Le boisselier - Emmanuel P\u00e9luchon \u00e9b\u00e9niste\" \/>\n<meta property=\"og:description\" content=\"Style Shaker: Ce qui caract\u00e9rise la tradition shaker, c\u2019est l\u2019excellence de la fabrication. Les lignes pures\u00a0du mobilier, le souci des proportions, des finitions parfaites et de l\u2019utilisation de mat\u00e9riaux naturels.\u00a0Ce style associe associe l\u00e9g\u00e8ret\u00e9, solidit\u00e9 et ergonomie. Table en cerisier\u00a0pour la salle \u00e0 manger ou le bureau. Prix approximatif des dimensions courantes: 60Lx36lx30H pouces - 153Lx92lx76H cm : 2,100$ 72Lx36lx30H pouces - 183Lx92lx76H cm : 2,400$ 84Lx42lx30H pouces - 213L\u00d7107lx76H cm : 3,500$  Options \u00e0 discuter au devis: Tiroirs, pattes obliques, assemblage tenon et mortaise avec chevilles, pattes d\u00e9montables, ceinture moulur\u00e9e, ajout d&#039;un ou deux bancs. Bois par d\u00e9faut: cerisier tardif. Finition naturelle \u00e0 l&#039;huile.  Possibilit\u00e9 d&#039;ajouter des rallonges. Autres dimensions, bois ou mod\u00e8le sur demande.\" \/>\n<meta property=\"og:url\" content=\"https:\/\/boisselier.ca\/en\/product\/table-de-style-shaker\/\" \/>\n<meta property=\"og:site_name\" content=\"Le boisselier - Emmanuel P\u00e9luchon \u00e9b\u00e9niste\" \/>\n<meta property=\"article:modified_time\" content=\"2025-05-13T06:33:37+00:00\" \/>\n<meta property=\"og:image\" content=\"https:\/\/boisselier.ca\/wp-content\/uploads\/2024\/12\/table-shaker-style-avec-banc-scaled.jpg\" \/>\n\t<meta property=\"og:image:width\" content=\"2560\" \/>\n\t<meta property=\"og:image:height\" content=\"1707\" \/>\n\t<meta property=\"og:image:type\" content=\"image\/jpeg\" \/>\n<meta name=\"twitter:card\" content=\"summary_large_image\" \/>\n<meta name=\"twitter:label1\" content=\"Est. reading time\" \/>\n\t<meta name=\"twitter:data1\" content=\"1 minute\" \/>\n<script type=\"application\/ld+json\" class=\"yoast-schema-graph\">{\"@context\":\"https:\/\/schema.org\",\"@graph\":[{\"@type\":\"WebPage\",\"@id\":\"https:\/\/boisselier.ca\/en\/product\/table-de-style-shaker\/\",\"url\":\"https:\/\/boisselier.ca\/en\/product\/table-de-style-shaker\/\",\"name\":\"Table de style Shaker - Le boisselier - Emmanuel P\u00e9luchon \u00e9b\u00e9niste\",\"isPartOf\":{\"@id\":\"https:\/\/boisselier.ca\/#website\"},\"primaryImageOfPage\":{\"@id\":\"https:\/\/boisselier.ca\/en\/product\/table-de-style-shaker\/#primaryimage\"},\"image\":{\"@id\":\"https:\/\/boisselier.ca\/en\/product\/table-de-style-shaker\/#primaryimage\"},\"thumbnailUrl\":\"https:\/\/boisselier.ca\/wp-content\/uploads\/2024\/12\/table-shaker-style-avec-banc-scaled.jpg\",\"datePublished\":\"2024-12-11T17:59:45+00:00\",\"dateModified\":\"2025-05-13T06:33:37+00:00\",\"description\":\"Style Shaker: Ce qui caract\u00e9rise la tradition shaker, c\u2019est l\u2019excellence de la fabrication. Les lignes pures\u00a0du mobilier, le souci des proportions, des finitions parfaites et de l\u2019utilisation de mat\u00e9riaux naturels.\u00a0Ce style associe associe l\u00e9g\u00e8ret\u00e9, solidit\u00e9 et ergonomie. Table en cerisier\u00a0pour la salle \u00e0 manger ou le bureau. Prix approximatif des dimensions courantes: 60Lx36lx30H pouces - 153Lx92lx76H cm : 2,100$ 72Lx36lx30H pouces - 183Lx92lx76H cm : 2,400$ 84Lx42lx30H pouces - 213L\u00d7107lx76H cm : 3,500$ Options \u00e0 discuter au devis: Tiroirs, pattes obliques, assemblage tenon et mortaise avec chevilles, pattes d\u00e9montables, ceinture moulur\u00e9e, ajout d'un ou deux bancs. Bois par d\u00e9faut: cerisier tardif. Finition naturelle \u00e0 l'huile. Possibilit\u00e9 d'ajouter des rallonges. Autres dimensions, bois ou mod\u00e8le sur demande.\",\"breadcrumb\":{\"@id\":\"https:\/\/boisselier.ca\/en\/product\/table-de-style-shaker\/#breadcrumb\"},\"inLanguage\":\"en-US\",\"potentialAction\":[{\"@type\":\"ReadAction\",\"target\":[\"https:\/\/boisselier.ca\/en\/product\/table-de-style-shaker\/\"]}]},{\"@type\":\"ImageObject\",\"inLanguage\":\"en-US\",\"@id\":\"https:\/\/boisselier.ca\/en\/product\/table-de-style-shaker\/#primaryimage\",\"url\":\"https:\/\/boisselier.ca\/wp-content\/uploads\/2024\/12\/table-shaker-style-avec-banc-scaled.jpg\",\"contentUrl\":\"https:\/\/boisselier.ca\/wp-content\/uploads\/2024\/12\/table-shaker-style-avec-banc-scaled.jpg\",\"width\":2560,\"height\":1707},{\"@type\":\"BreadcrumbList\",\"@id\":\"https:\/\/boisselier.ca\/en\/product\/table-de-style-shaker\/#breadcrumb\",\"itemListElement\":[{\"@type\":\"ListItem\",\"position\":1,\"name\":\"Home\",\"item\":\"https:\/\/boisselier.ca\/\"},{\"@type\":\"ListItem\",\"position\":2,\"name\":\"Shop\",\"item\":\"https:\/\/boisselier.ca\/en\/shop\/\"},{\"@type\":\"ListItem\",\"position\":3,\"name\":\"Table de style Shaker\"}]},{\"@type\":\"WebSite\",\"@id\":\"https:\/\/boisselier.ca\/#website\",\"url\":\"https:\/\/boisselier.ca\/\",\"name\":\"Le boisselier - Emmanuel P\u00e9luchon \u00e9b\u00e9niste\",\"description\":\"\",\"publisher\":{\"@id\":\"https:\/\/boisselier.ca\/#organization\"},\"potentialAction\":[{\"@type\":\"SearchAction\",\"target\":{\"@type\":\"EntryPoint\",\"urlTemplate\":\"https:\/\/boisselier.ca\/?s={search_term_string}\"},\"query-input\":{\"@type\":\"PropertyValueSpecification\",\"valueRequired\":true,\"valueName\":\"search_term_string\"}}],\"inLanguage\":\"en-US\"},{\"@type\":\"Organization\",\"@id\":\"https:\/\/boisselier.ca\/#organization\",\"name\":\"Le boisselier - Emmanuel P\u00e9luchon \u00e9b\u00e9niste\",\"url\":\"https:\/\/boisselier.ca\/\",\"logo\":{\"@type\":\"ImageObject\",\"inLanguage\":\"en-US\",\"@id\":\"https:\/\/boisselier.ca\/#\/schema\/logo\/image\/\",\"url\":\"https:\/\/boisselier.ca\/wp-content\/uploads\/2024\/12\/epeluchon_logo.png\",\"contentUrl\":\"https:\/\/boisselier.ca\/wp-content\/uploads\/2024\/12\/epeluchon_logo.png\",\"width\":196,\"height\":96,\"caption\":\"Le boisselier - Emmanuel P\u00e9luchon \u00e9b\u00e9niste\"},\"image\":{\"@id\":\"https:\/\/boisselier.ca\/#\/schema\/logo\/image\/\"}}]}<\/script>\n<!-- \/ Yoast SEO plugin. -->","yoast_head_json":{"title":"Table de style Shaker - Le boisselier - Emmanuel P\u00e9luchon \u00e9b\u00e9niste","description":"Style Shaker: Ce qui caract\u00e9rise la tradition shaker, c\u2019est l\u2019excellence de la fabrication. Les lignes pures\u00a0du mobilier, le souci des proportions, des finitions parfaites et de l\u2019utilisation de mat\u00e9riaux naturels.\u00a0Ce style associe associe l\u00e9g\u00e8ret\u00e9, solidit\u00e9 et ergonomie. Table en cerisier\u00a0pour la salle \u00e0 manger ou le bureau. Prix approximatif des dimensions courantes: 60Lx36lx30H pouces - 153Lx92lx76H cm : 2,100$ 72Lx36lx30H pouces - 183Lx92lx76H cm : 2,400$ 84Lx42lx30H pouces - 213L\u00d7107lx76H cm : 3,500$  Options \u00e0 discuter au devis: Tiroirs, pattes obliques, assemblage tenon et mortaise avec chevilles, pattes d\u00e9montables, ceinture moulur\u00e9e, ajout d'un ou deux bancs. Bois par d\u00e9faut: cerisier tardif. Finition naturelle \u00e0 l'huile.  Possibilit\u00e9 d'ajouter des rallonges. Autres dimensions, bois ou mod\u00e8le sur demande.","robots":{"index":"index","follow":"follow","max-snippet":"max-snippet:-1","max-image-preview":"max-image-preview:large","max-video-preview":"max-video-preview:-1"},"canonical":"https:\/\/boisselier.ca\/en\/product\/table-de-style-shaker\/","og_locale":"en_US","og_type":"article","og_title":"Table de style Shaker - Le boisselier - Emmanuel P\u00e9luchon \u00e9b\u00e9niste","og_description":"Style Shaker: Ce qui caract\u00e9rise la tradition shaker, c\u2019est l\u2019excellence de la fabrication. Les lignes pures\u00a0du mobilier, le souci des proportions, des finitions parfaites et de l\u2019utilisation de mat\u00e9riaux naturels.\u00a0Ce style associe associe l\u00e9g\u00e8ret\u00e9, solidit\u00e9 et ergonomie. Table en cerisier\u00a0pour la salle \u00e0 manger ou le bureau. Prix approximatif des dimensions courantes: 60Lx36lx30H pouces - 153Lx92lx76H cm : 2,100$ 72Lx36lx30H pouces - 183Lx92lx76H cm : 2,400$ 84Lx42lx30H pouces - 213L\u00d7107lx76H cm : 3,500$  Options \u00e0 discuter au devis: Tiroirs, pattes obliques, assemblage tenon et mortaise avec chevilles, pattes d\u00e9montables, ceinture moulur\u00e9e, ajout d'un ou deux bancs. Bois par d\u00e9faut: cerisier tardif. Finition naturelle \u00e0 l'huile.  Possibilit\u00e9 d'ajouter des rallonges. Autres dimensions, bois ou mod\u00e8le sur demande.","og_url":"https:\/\/boisselier.ca\/en\/product\/table-de-style-shaker\/","og_site_name":"Le boisselier - Emmanuel P\u00e9luchon \u00e9b\u00e9niste","article_modified_time":"2025-05-13T06:33:37+00:00","og_image":[{"width":2560,"height":1707,"url":"https:\/\/boisselier.ca\/wp-content\/uploads\/2024\/12\/table-shaker-style-avec-banc-scaled.jpg","type":"image\/jpeg"}],"twitter_card":"summary_large_image","twitter_misc":{"Est. reading time":"1 minute"},"schema":{"@context":"https:\/\/schema.org","@graph":[{"@type":"WebPage","@id":"https:\/\/boisselier.ca\/en\/product\/table-de-style-shaker\/","url":"https:\/\/boisselier.ca\/en\/product\/table-de-style-shaker\/","name":"Table de style Shaker - Le boisselier - Emmanuel P\u00e9luchon \u00e9b\u00e9niste","isPartOf":{"@id":"https:\/\/boisselier.ca\/#website"},"primaryImageOfPage":{"@id":"https:\/\/boisselier.ca\/en\/product\/table-de-style-shaker\/#primaryimage"},"image":{"@id":"https:\/\/boisselier.ca\/en\/product\/table-de-style-shaker\/#primaryimage"},"thumbnailUrl":"https:\/\/boisselier.ca\/wp-content\/uploads\/2024\/12\/table-shaker-style-avec-banc-scaled.jpg","datePublished":"2024-12-11T17:59:45+00:00","dateModified":"2025-05-13T06:33:37+00:00","description":"Style Shaker: Ce qui caract\u00e9rise la tradition shaker, c\u2019est l\u2019excellence de la fabrication. Les lignes pures\u00a0du mobilier, le souci des proportions, des finitions parfaites et de l\u2019utilisation de mat\u00e9riaux naturels.\u00a0Ce style associe associe l\u00e9g\u00e8ret\u00e9, solidit\u00e9 et ergonomie. Table en cerisier\u00a0pour la salle \u00e0 manger ou le bureau. Prix approximatif des dimensions courantes: 60Lx36lx30H pouces - 153Lx92lx76H cm : 2,100$ 72Lx36lx30H pouces - 183Lx92lx76H cm : 2,400$ 84Lx42lx30H pouces - 213L\u00d7107lx76H cm : 3,500$ Options \u00e0 discuter au devis: Tiroirs, pattes obliques, assemblage tenon et mortaise avec chevilles, pattes d\u00e9montables, ceinture moulur\u00e9e, ajout d'un ou deux bancs. Bois par d\u00e9faut: cerisier tardif. Finition naturelle \u00e0 l'huile. Possibilit\u00e9 d'ajouter des rallonges. Autres dimensions, bois ou mod\u00e8le sur demande.","breadcrumb":{"@id":"https:\/\/boisselier.ca\/en\/product\/table-de-style-shaker\/#breadcrumb"},"inLanguage":"en-US","potentialAction":[{"@type":"ReadAction","target":["https:\/\/boisselier.ca\/en\/product\/table-de-style-shaker\/"]}]},{"@type":"ImageObject","inLanguage":"en-US","@id":"https:\/\/boisselier.ca\/en\/product\/table-de-style-shaker\/#primaryimage","url":"https:\/\/boisselier.ca\/wp-content\/uploads\/2024\/12\/table-shaker-style-avec-banc-scaled.jpg","contentUrl":"https:\/\/boisselier.ca\/wp-content\/uploads\/2024\/12\/table-shaker-style-avec-banc-scaled.jpg","width":2560,"height":1707},{"@type":"BreadcrumbList","@id":"https:\/\/boisselier.ca\/en\/product\/table-de-style-shaker\/#breadcrumb","itemListElement":[{"@type":"ListItem","position":1,"name":"Home","item":"https:\/\/boisselier.ca\/"},{"@type":"ListItem","position":2,"name":"Shop","item":"https:\/\/boisselier.ca\/en\/shop\/"},{"@type":"ListItem","position":3,"name":"Table de style Shaker"}]},{"@type":"WebSite","@id":"https:\/\/boisselier.ca\/#website","url":"https:\/\/boisselier.ca\/","name":"Le boisselier - Emmanuel P\u00e9luchon \u00e9b\u00e9niste","description":"","publisher":{"@id":"https:\/\/boisselier.ca\/#organization"},"potentialAction":[{"@type":"SearchAction","target":{"@type":"EntryPoint","urlTemplate":"https:\/\/boisselier.ca\/?s={search_term_string}"},"query-input":{"@type":"PropertyValueSpecification","valueRequired":true,"valueName":"search_term_string"}}],"inLanguage":"en-US"},{"@type":"Organization","@id":"https:\/\/boisselier.ca\/#organization","name":"Le boisselier - Emmanuel P\u00e9luchon \u00e9b\u00e9niste","url":"https:\/\/boisselier.ca\/","logo":{"@type":"ImageObject","inLanguage":"en-US","@id":"https:\/\/boisselier.ca\/#\/schema\/logo\/image\/","url":"https:\/\/boisselier.ca\/wp-content\/uploads\/2024\/12\/epeluchon_logo.png","contentUrl":"https:\/\/boisselier.ca\/wp-content\/uploads\/2024\/12\/epeluchon_logo.png","width":196,"height":96,"caption":"Le boisselier - Emmanuel P\u00e9luchon \u00e9b\u00e9niste"},"image":{"@id":"https:\/\/boisselier.ca\/#\/schema\/logo\/image\/"}}]}},"_links":{"self":[{"href":"https:\/\/boisselier.ca\/en\/wp-json\/wp\/v2\/product\/2026","targetHints":{"allow":["GET"]}}],"collection":[{"href":"https:\/\/boisselier.ca\/en\/wp-json\/wp\/v2\/product"}],"about":[{"href":"https:\/\/boisselier.ca\/en\/wp-json\/wp\/v2\/types\/product"}],"replies":[{"embeddable":true,"href":"https:\/\/boisselier.ca\/en\/wp-json\/wp\/v2\/comments?post=2026"}],"wp:featuredmedia":[{"embeddable":true,"href":"https:\/\/boisselier.ca\/en\/wp-json\/wp\/v2\/media\/1930"}],"wp:attachment":[{"href":"https:\/\/boisselier.ca\/en\/wp-json\/wp\/v2\/media?parent=2026"}],"wp:term":[{"taxonomy":"product_brand","embeddable":true,"href":"https:\/\/boisselier.ca\/en\/wp-json\/wp\/v2\/product_brand?post=2026"},{"taxonomy":"product_cat","embeddable":true,"href":"https:\/\/boisselier.ca\/en\/wp-json\/wp\/v2\/product_cat?post=2026"},{"taxonomy":"product_tag","embeddable":true,"href":"https:\/\/boisselier.ca\/en\/wp-json\/wp\/v2\/product_tag?post=2026"},{"taxonomy":"product_brands","embeddable":true,"href":"https:\/\/boisselier.ca\/en\/wp-json\/wp\/v2\/product_brands?post=2026"}],"curies":[{"name":"wp","href":"https:\/\/api.w.org\/{rel}","templated":true}]}}