{"id":2027,"date":"2024-12-11T20:12:30","date_gmt":"2024-12-11T20:12:30","guid":{"rendered":"https:\/\/boisselier.ca\/product\/banc-style-shaker\/"},"modified":"2025-05-13T06:32:24","modified_gmt":"2025-05-13T06:32:24","slug":"banc-style-shaker","status":"publish","type":"product","link":"https:\/\/boisselier.ca\/en\/product\/banc-style-shaker\/","title":{"rendered":"Banc Style Shaker"},"content":{"rendered":"<div class=\"wpsc_description\">\n<h2>Le style Shaker:<\/h2>\n<p>Ce qui caract\u00e9rise la tradition shaker, c\u2019est l\u2019excellence de la fabrication. Les lignes pures\u00a0du mobilier, le souci des proportions, des finitions parfaites et de l\u2019utilisation de mat\u00e9riaux naturels.\u00a0Ce style associe associe l\u00e9g\u00e8ret\u00e9, solidit\u00e9 et ergonomie.<\/p>\n<h3>Banc\u00a0:<\/h3>\n<p>Prix approximatif des dimensions courantes:<br \/>\n72L\u00d713lx18H pouces \u2013 182L\u00d733lx45H cm<br \/>\nPattes assembl\u00e9es avec tenons et mortaises: 950$<\/p>\n<p>Options \u00e0 discuter au devis:<br \/>\nPattes d\u00e9montables, autres dimensions et quantit\u00e9s<\/p>\n<p>Finition naturelle \u00e0 l\u2019huile.<br \/>\nBois par d\u00e9faut: cerisier tardif.<\/p>\n<\/div>\n","protected":false},"excerpt":{"rendered":"<div class=\"wpsc_description\">\n<div class=\"wpsc_description\">\n<h2>Le style Shaker:<\/h2>\n<p>Ce qui caract\u00e9rise la tradition shaker, c\u2019est l\u2019excellence de la fabrication. Les lignes pures\u00a0du mobilier, le souci des proportions, des finitions parfaites et de l\u2019utilisation de mat\u00e9riaux naturels.\u00a0Ce style associe associe l\u00e9g\u00e8ret\u00e9, solidit\u00e9 et ergonomie.<\/p>\n<h3>Banc\u00a0:<\/h3>\n<p>Prix approximatif des dimensions courantes:<br \/>\n72L\u00d713lx18H pouces \u2013 182L\u00d733lx45H cm<br \/>\nPattes assembl\u00e9es avec tenons et mortaises: 950$<\/p>\n<p>Options \u00e0 discuter au devis:<br \/>\nPattes d\u00e9montables, autres dimensions et quantit\u00e9s<\/p>\n<p>Finition naturelle \u00e0 l\u2019huile.<br \/>\nBois par d\u00e9faut: cerisier tardif.<\/p>\n<\/div>\n<\/div>\n","protected":false},"featured_media":1940,"comment_status":"open","ping_status":"closed","template":"","meta":{"_bst_post_transparent":"default","_bst_post_title":"","_bst_post_layout":"default","_bst_post_sidebar_id":"","_bst_post_content_style":"default","_bst_post_vertical_padding":"default","_bst_post_feature":"","_bst_post_feature_position":"","_bst_post_header":false,"_bst_post_footer":false},"product_brand":[],"product_cat":[136],"product_tag":[],"product_brands":[],"class_list":{"0":"post-2027","1":"product","2":"type-product","3":"status-publish","4":"has-post-thumbnail","6":"product_cat-furniture","8":"first","9":"instock","10":"taxable","11":"shipping-taxable","12":"purchasable","13":"product-type-simple","14":"entry","15":"content-bg","16":"loop-entry"},"yoast_head":"<!-- This site is optimized with the Yoast SEO plugin v24.0 - https:\/\/yoast.com\/wordpress\/plugins\/seo\/ -->\n<title>Banc Style Shaker - Le boisselier - Emmanuel P\u00e9luchon \u00e9b\u00e9niste<\/title>\n<meta name=\"description\" content=\"Le style Shaker: Ce qui caract\u00e9rise la tradition shaker, c\u2019est l\u2019excellence de la fabrication. Les lignes pures\u00a0du mobilier, le souci des proportions, des finitions parfaites et de l\u2019utilisation de mat\u00e9riaux naturels.\u00a0Ce style associe associe l\u00e9g\u00e8ret\u00e9, solidit\u00e9 et ergonomie. Banc\u00a0: Prix approximatif des dimensions courantes: 72L\u00d713lx18H pouces \u2013 182L\u00d733lx45H cm Pattes assembl\u00e9es avec tenons et mortaises: 950$  Options \u00e0 discuter au devis: Pattes d\u00e9montables, autres dimensions et quantit\u00e9s  Finition naturelle \u00e0 l\u2019huile. Bois par d\u00e9faut: cerisier tardif.\" \/>\n<meta name=\"robots\" content=\"index, follow, max-snippet:-1, max-image-preview:large, max-video-preview:-1\" \/>\n<link rel=\"canonical\" href=\"https:\/\/boisselier.ca\/en\/product\/banc-style-shaker\/\" \/>\n<meta property=\"og:locale\" content=\"en_US\" \/>\n<meta property=\"og:type\" content=\"article\" \/>\n<meta property=\"og:title\" content=\"Banc Style Shaker - Le boisselier - Emmanuel P\u00e9luchon \u00e9b\u00e9niste\" \/>\n<meta property=\"og:description\" content=\"Le style Shaker: Ce qui caract\u00e9rise la tradition shaker, c\u2019est l\u2019excellence de la fabrication. Les lignes pures\u00a0du mobilier, le souci des proportions, des finitions parfaites et de l\u2019utilisation de mat\u00e9riaux naturels.\u00a0Ce style associe associe l\u00e9g\u00e8ret\u00e9, solidit\u00e9 et ergonomie. Banc\u00a0: Prix approximatif des dimensions courantes: 72L\u00d713lx18H pouces \u2013 182L\u00d733lx45H cm Pattes assembl\u00e9es avec tenons et mortaises: 950$  Options \u00e0 discuter au devis: Pattes d\u00e9montables, autres dimensions et quantit\u00e9s  Finition naturelle \u00e0 l\u2019huile. Bois par d\u00e9faut: cerisier tardif.\" \/>\n<meta property=\"og:url\" content=\"https:\/\/boisselier.ca\/en\/product\/banc-style-shaker\/\" \/>\n<meta property=\"og:site_name\" content=\"Le boisselier - Emmanuel P\u00e9luchon \u00e9b\u00e9niste\" \/>\n<meta property=\"article:modified_time\" content=\"2025-05-13T06:32:24+00:00\" \/>\n<meta property=\"og:image\" content=\"https:\/\/boisselier.ca\/wp-content\/uploads\/2024\/12\/MG_0850-scaled.jpg\" \/>\n\t<meta property=\"og:image:width\" content=\"2560\" \/>\n\t<meta property=\"og:image:height\" content=\"1669\" \/>\n\t<meta property=\"og:image:type\" content=\"image\/jpeg\" \/>\n<meta name=\"twitter:card\" content=\"summary_large_image\" \/>\n<meta name=\"twitter:label1\" content=\"Est. reading time\" \/>\n\t<meta name=\"twitter:data1\" content=\"1 minute\" \/>\n<script type=\"application\/ld+json\" class=\"yoast-schema-graph\">{\"@context\":\"https:\/\/schema.org\",\"@graph\":[{\"@type\":\"WebPage\",\"@id\":\"https:\/\/boisselier.ca\/en\/product\/banc-style-shaker\/\",\"url\":\"https:\/\/boisselier.ca\/en\/product\/banc-style-shaker\/\",\"name\":\"Banc Style Shaker - Le boisselier - Emmanuel P\u00e9luchon \u00e9b\u00e9niste\",\"isPartOf\":{\"@id\":\"https:\/\/boisselier.ca\/#website\"},\"primaryImageOfPage\":{\"@id\":\"https:\/\/boisselier.ca\/en\/product\/banc-style-shaker\/#primaryimage\"},\"image\":{\"@id\":\"https:\/\/boisselier.ca\/en\/product\/banc-style-shaker\/#primaryimage\"},\"thumbnailUrl\":\"https:\/\/boisselier.ca\/wp-content\/uploads\/2024\/12\/MG_0850-scaled.jpg\",\"datePublished\":\"2024-12-11T20:12:30+00:00\",\"dateModified\":\"2025-05-13T06:32:24+00:00\",\"description\":\"Le style Shaker: Ce qui caract\u00e9rise la tradition shaker, c\u2019est l\u2019excellence de la fabrication. Les lignes pures\u00a0du mobilier, le souci des proportions, des finitions parfaites et de l\u2019utilisation de mat\u00e9riaux naturels.\u00a0Ce style associe associe l\u00e9g\u00e8ret\u00e9, solidit\u00e9 et ergonomie. Banc\u00a0: Prix approximatif des dimensions courantes: 72L\u00d713lx18H pouces \u2013 182L\u00d733lx45H cm Pattes assembl\u00e9es avec tenons et mortaises: 950$ Options \u00e0 discuter au devis: Pattes d\u00e9montables, autres dimensions et quantit\u00e9s Finition naturelle \u00e0 l\u2019huile. Bois par d\u00e9faut: cerisier tardif.\",\"breadcrumb\":{\"@id\":\"https:\/\/boisselier.ca\/en\/product\/banc-style-shaker\/#breadcrumb\"},\"inLanguage\":\"en-US\",\"potentialAction\":[{\"@type\":\"ReadAction\",\"target\":[\"https:\/\/boisselier.ca\/en\/product\/banc-style-shaker\/\"]}]},{\"@type\":\"ImageObject\",\"inLanguage\":\"en-US\",\"@id\":\"https:\/\/boisselier.ca\/en\/product\/banc-style-shaker\/#primaryimage\",\"url\":\"https:\/\/boisselier.ca\/wp-content\/uploads\/2024\/12\/MG_0850-scaled.jpg\",\"contentUrl\":\"https:\/\/boisselier.ca\/wp-content\/uploads\/2024\/12\/MG_0850-scaled.jpg\",\"width\":2560,\"height\":1669},{\"@type\":\"BreadcrumbList\",\"@id\":\"https:\/\/boisselier.ca\/en\/product\/banc-style-shaker\/#breadcrumb\",\"itemListElement\":[{\"@type\":\"ListItem\",\"position\":1,\"name\":\"Home\",\"item\":\"https:\/\/boisselier.ca\/\"},{\"@type\":\"ListItem\",\"position\":2,\"name\":\"Shop\",\"item\":\"https:\/\/boisselier.ca\/en\/shop\/\"},{\"@type\":\"ListItem\",\"position\":3,\"name\":\"Banc Style Shaker\"}]},{\"@type\":\"WebSite\",\"@id\":\"https:\/\/boisselier.ca\/#website\",\"url\":\"https:\/\/boisselier.ca\/\",\"name\":\"Le boisselier - Emmanuel P\u00e9luchon \u00e9b\u00e9niste\",\"description\":\"\",\"publisher\":{\"@id\":\"https:\/\/boisselier.ca\/#organization\"},\"potentialAction\":[{\"@type\":\"SearchAction\",\"target\":{\"@type\":\"EntryPoint\",\"urlTemplate\":\"https:\/\/boisselier.ca\/?s={search_term_string}\"},\"query-input\":{\"@type\":\"PropertyValueSpecification\",\"valueRequired\":true,\"valueName\":\"search_term_string\"}}],\"inLanguage\":\"en-US\"},{\"@type\":\"Organization\",\"@id\":\"https:\/\/boisselier.ca\/#organization\",\"name\":\"Le boisselier - Emmanuel P\u00e9luchon \u00e9b\u00e9niste\",\"url\":\"https:\/\/boisselier.ca\/\",\"logo\":{\"@type\":\"ImageObject\",\"inLanguage\":\"en-US\",\"@id\":\"https:\/\/boisselier.ca\/#\/schema\/logo\/image\/\",\"url\":\"https:\/\/boisselier.ca\/wp-content\/uploads\/2024\/12\/epeluchon_logo.png\",\"contentUrl\":\"https:\/\/boisselier.ca\/wp-content\/uploads\/2024\/12\/epeluchon_logo.png\",\"width\":196,\"height\":96,\"caption\":\"Le boisselier - Emmanuel P\u00e9luchon \u00e9b\u00e9niste\"},\"image\":{\"@id\":\"https:\/\/boisselier.ca\/#\/schema\/logo\/image\/\"}}]}<\/script>\n<!-- \/ Yoast SEO plugin. -->","yoast_head_json":{"title":"Banc Style Shaker - Le boisselier - Emmanuel P\u00e9luchon \u00e9b\u00e9niste","description":"Le style Shaker: Ce qui caract\u00e9rise la tradition shaker, c\u2019est l\u2019excellence de la fabrication. Les lignes pures\u00a0du mobilier, le souci des proportions, des finitions parfaites et de l\u2019utilisation de mat\u00e9riaux naturels.\u00a0Ce style associe associe l\u00e9g\u00e8ret\u00e9, solidit\u00e9 et ergonomie. Banc\u00a0: Prix approximatif des dimensions courantes: 72L\u00d713lx18H pouces \u2013 182L\u00d733lx45H cm Pattes assembl\u00e9es avec tenons et mortaises: 950$  Options \u00e0 discuter au devis: Pattes d\u00e9montables, autres dimensions et quantit\u00e9s  Finition naturelle \u00e0 l\u2019huile. Bois par d\u00e9faut: cerisier tardif.","robots":{"index":"index","follow":"follow","max-snippet":"max-snippet:-1","max-image-preview":"max-image-preview:large","max-video-preview":"max-video-preview:-1"},"canonical":"https:\/\/boisselier.ca\/en\/product\/banc-style-shaker\/","og_locale":"en_US","og_type":"article","og_title":"Banc Style Shaker - Le boisselier - Emmanuel P\u00e9luchon \u00e9b\u00e9niste","og_description":"Le style Shaker: Ce qui caract\u00e9rise la tradition shaker, c\u2019est l\u2019excellence de la fabrication. Les lignes pures\u00a0du mobilier, le souci des proportions, des finitions parfaites et de l\u2019utilisation de mat\u00e9riaux naturels.\u00a0Ce style associe associe l\u00e9g\u00e8ret\u00e9, solidit\u00e9 et ergonomie. Banc\u00a0: Prix approximatif des dimensions courantes: 72L\u00d713lx18H pouces \u2013 182L\u00d733lx45H cm Pattes assembl\u00e9es avec tenons et mortaises: 950$  Options \u00e0 discuter au devis: Pattes d\u00e9montables, autres dimensions et quantit\u00e9s  Finition naturelle \u00e0 l\u2019huile. Bois par d\u00e9faut: cerisier tardif.","og_url":"https:\/\/boisselier.ca\/en\/product\/banc-style-shaker\/","og_site_name":"Le boisselier - Emmanuel P\u00e9luchon \u00e9b\u00e9niste","article_modified_time":"2025-05-13T06:32:24+00:00","og_image":[{"width":2560,"height":1669,"url":"https:\/\/boisselier.ca\/wp-content\/uploads\/2024\/12\/MG_0850-scaled.jpg","type":"image\/jpeg"}],"twitter_card":"summary_large_image","twitter_misc":{"Est. reading time":"1 minute"},"schema":{"@context":"https:\/\/schema.org","@graph":[{"@type":"WebPage","@id":"https:\/\/boisselier.ca\/en\/product\/banc-style-shaker\/","url":"https:\/\/boisselier.ca\/en\/product\/banc-style-shaker\/","name":"Banc Style Shaker - Le boisselier - Emmanuel P\u00e9luchon \u00e9b\u00e9niste","isPartOf":{"@id":"https:\/\/boisselier.ca\/#website"},"primaryImageOfPage":{"@id":"https:\/\/boisselier.ca\/en\/product\/banc-style-shaker\/#primaryimage"},"image":{"@id":"https:\/\/boisselier.ca\/en\/product\/banc-style-shaker\/#primaryimage"},"thumbnailUrl":"https:\/\/boisselier.ca\/wp-content\/uploads\/2024\/12\/MG_0850-scaled.jpg","datePublished":"2024-12-11T20:12:30+00:00","dateModified":"2025-05-13T06:32:24+00:00","description":"Le style Shaker: Ce qui caract\u00e9rise la tradition shaker, c\u2019est l\u2019excellence de la fabrication. Les lignes pures\u00a0du mobilier, le souci des proportions, des finitions parfaites et de l\u2019utilisation de mat\u00e9riaux naturels.\u00a0Ce style associe associe l\u00e9g\u00e8ret\u00e9, solidit\u00e9 et ergonomie. Banc\u00a0: Prix approximatif des dimensions courantes: 72L\u00d713lx18H pouces \u2013 182L\u00d733lx45H cm Pattes assembl\u00e9es avec tenons et mortaises: 950$ Options \u00e0 discuter au devis: Pattes d\u00e9montables, autres dimensions et quantit\u00e9s Finition naturelle \u00e0 l\u2019huile. Bois par d\u00e9faut: cerisier tardif.","breadcrumb":{"@id":"https:\/\/boisselier.ca\/en\/product\/banc-style-shaker\/#breadcrumb"},"inLanguage":"en-US","potentialAction":[{"@type":"ReadAction","target":["https:\/\/boisselier.ca\/en\/product\/banc-style-shaker\/"]}]},{"@type":"ImageObject","inLanguage":"en-US","@id":"https:\/\/boisselier.ca\/en\/product\/banc-style-shaker\/#primaryimage","url":"https:\/\/boisselier.ca\/wp-content\/uploads\/2024\/12\/MG_0850-scaled.jpg","contentUrl":"https:\/\/boisselier.ca\/wp-content\/uploads\/2024\/12\/MG_0850-scaled.jpg","width":2560,"height":1669},{"@type":"BreadcrumbList","@id":"https:\/\/boisselier.ca\/en\/product\/banc-style-shaker\/#breadcrumb","itemListElement":[{"@type":"ListItem","position":1,"name":"Home","item":"https:\/\/boisselier.ca\/"},{"@type":"ListItem","position":2,"name":"Shop","item":"https:\/\/boisselier.ca\/en\/shop\/"},{"@type":"ListItem","position":3,"name":"Banc Style Shaker"}]},{"@type":"WebSite","@id":"https:\/\/boisselier.ca\/#website","url":"https:\/\/boisselier.ca\/","name":"Le boisselier - Emmanuel P\u00e9luchon \u00e9b\u00e9niste","description":"","publisher":{"@id":"https:\/\/boisselier.ca\/#organization"},"potentialAction":[{"@type":"SearchAction","target":{"@type":"EntryPoint","urlTemplate":"https:\/\/boisselier.ca\/?s={search_term_string}"},"query-input":{"@type":"PropertyValueSpecification","valueRequired":true,"valueName":"search_term_string"}}],"inLanguage":"en-US"},{"@type":"Organization","@id":"https:\/\/boisselier.ca\/#organization","name":"Le boisselier - Emmanuel P\u00e9luchon \u00e9b\u00e9niste","url":"https:\/\/boisselier.ca\/","logo":{"@type":"ImageObject","inLanguage":"en-US","@id":"https:\/\/boisselier.ca\/#\/schema\/logo\/image\/","url":"https:\/\/boisselier.ca\/wp-content\/uploads\/2024\/12\/epeluchon_logo.png","contentUrl":"https:\/\/boisselier.ca\/wp-content\/uploads\/2024\/12\/epeluchon_logo.png","width":196,"height":96,"caption":"Le boisselier - Emmanuel P\u00e9luchon \u00e9b\u00e9niste"},"image":{"@id":"https:\/\/boisselier.ca\/#\/schema\/logo\/image\/"}}]}},"_links":{"self":[{"href":"https:\/\/boisselier.ca\/en\/wp-json\/wp\/v2\/product\/2027","targetHints":{"allow":["GET"]}}],"collection":[{"href":"https:\/\/boisselier.ca\/en\/wp-json\/wp\/v2\/product"}],"about":[{"href":"https:\/\/boisselier.ca\/en\/wp-json\/wp\/v2\/types\/product"}],"replies":[{"embeddable":true,"href":"https:\/\/boisselier.ca\/en\/wp-json\/wp\/v2\/comments?post=2027"}],"wp:featuredmedia":[{"embeddable":true,"href":"https:\/\/boisselier.ca\/en\/wp-json\/wp\/v2\/media\/1940"}],"wp:attachment":[{"href":"https:\/\/boisselier.ca\/en\/wp-json\/wp\/v2\/media?parent=2027"}],"wp:term":[{"taxonomy":"product_brand","embeddable":true,"href":"https:\/\/boisselier.ca\/en\/wp-json\/wp\/v2\/product_brand?post=2027"},{"taxonomy":"product_cat","embeddable":true,"href":"https:\/\/boisselier.ca\/en\/wp-json\/wp\/v2\/product_cat?post=2027"},{"taxonomy":"product_tag","embeddable":true,"href":"https:\/\/boisselier.ca\/en\/wp-json\/wp\/v2\/product_tag?post=2027"},{"taxonomy":"product_brands","embeddable":true,"href":"https:\/\/boisselier.ca\/en\/wp-json\/wp\/v2\/product_brands?post=2027"}],"curies":[{"name":"wp","href":"https:\/\/api.w.org\/{rel}","templated":true}]}}