{"id":2096,"date":"2024-12-12T06:49:42","date_gmt":"2024-12-12T06:49:42","guid":{"rendered":"https:\/\/boisselier.ca\/?post_type=product&#038;p=2096"},"modified":"2025-05-13T06:23:47","modified_gmt":"2025-05-13T06:23:47","slug":"boites-en-bois","status":"publish","type":"product","link":"https:\/\/boisselier.ca\/en\/product\/boites-en-bois\/","title":{"rendered":"Bo\u00eetes en bois"},"content":{"rendered":"<p>Fabrication de bo\u00eetes\u00a0selon vos besoins.<br \/>\nEmballer, prot\u00e9ger, exp\u00e9dier, valoriser\u2026<\/p>\n","protected":false},"excerpt":{"rendered":"<p>Fabrication de bo\u00eetes\u00a0selon vos besoins.<br \/>\nEmballer, prot\u00e9ger, exp\u00e9dier, valoriser\u2026<\/p>\n","protected":false},"featured_media":2098,"comment_status":"open","ping_status":"closed","template":"","meta":{"_bst_post_transparent":"default","_bst_post_title":"","_bst_post_layout":"default","_bst_post_sidebar_id":"","_bst_post_content_style":"default","_bst_post_vertical_padding":"default","_bst_post_feature":"","_bst_post_feature_position":"","_bst_post_header":false,"_bst_post_footer":false},"product_brand":[],"product_cat":[137],"product_tag":[],"product_brands":[],"class_list":{"0":"post-2096","1":"product","2":"type-product","3":"status-publish","4":"has-post-thumbnail","6":"product_cat-tailor-made","8":"first","9":"instock","10":"taxable","11":"shipping-taxable","12":"purchasable","13":"product-type-simple","14":"entry","15":"content-bg","16":"loop-entry"},"yoast_head":"<!-- This site is optimized with the Yoast SEO plugin v24.0 - https:\/\/yoast.com\/wordpress\/plugins\/seo\/ -->\n<title>Bo\u00eetes en bois - Le boisselier - Emmanuel P\u00e9luchon \u00e9b\u00e9niste<\/title>\n<meta name=\"description\" content=\"Fabrication de bo\u00eetes\u00a0selon vos besoins. Emballer, prot\u00e9ger, exp\u00e9dier, valoriser\u2026\" \/>\n<meta name=\"robots\" content=\"index, follow, max-snippet:-1, max-image-preview:large, max-video-preview:-1\" \/>\n<link rel=\"canonical\" href=\"https:\/\/boisselier.ca\/en\/product\/boites-en-bois\/\" \/>\n<meta property=\"og:locale\" content=\"en_US\" \/>\n<meta property=\"og:type\" content=\"article\" \/>\n<meta property=\"og:title\" content=\"Bo\u00eetes en bois - Le boisselier - Emmanuel P\u00e9luchon \u00e9b\u00e9niste\" \/>\n<meta property=\"og:description\" content=\"Fabrication de bo\u00eetes\u00a0selon vos besoins. Emballer, prot\u00e9ger, exp\u00e9dier, valoriser\u2026\" \/>\n<meta property=\"og:url\" content=\"https:\/\/boisselier.ca\/en\/product\/boites-en-bois\/\" \/>\n<meta property=\"og:site_name\" content=\"Le boisselier - Emmanuel P\u00e9luchon \u00e9b\u00e9niste\" \/>\n<meta property=\"article:modified_time\" content=\"2025-05-13T06:23:47+00:00\" \/>\n<meta property=\"og:image\" content=\"https:\/\/boisselier.ca\/wp-content\/uploads\/2024\/12\/Boite-en-bois-Emmanuel-Peluchon.jpg\" \/>\n\t<meta property=\"og:image:width\" content=\"1024\" \/>\n\t<meta property=\"og:image:height\" content=\"683\" \/>\n\t<meta property=\"og:image:type\" content=\"image\/jpeg\" \/>\n<meta name=\"twitter:card\" content=\"summary_large_image\" \/>\n<meta name=\"twitter:label1\" content=\"Est. reading time\" \/>\n\t<meta name=\"twitter:data1\" content=\"1 minute\" \/>\n<script type=\"application\/ld+json\" class=\"yoast-schema-graph\">{\"@context\":\"https:\/\/schema.org\",\"@graph\":[{\"@type\":\"WebPage\",\"@id\":\"https:\/\/boisselier.ca\/en\/product\/boites-en-bois\/\",\"url\":\"https:\/\/boisselier.ca\/en\/product\/boites-en-bois\/\",\"name\":\"Bo\u00eetes en bois - Le boisselier - Emmanuel P\u00e9luchon \u00e9b\u00e9niste\",\"isPartOf\":{\"@id\":\"https:\/\/boisselier.ca\/#website\"},\"primaryImageOfPage\":{\"@id\":\"https:\/\/boisselier.ca\/en\/product\/boites-en-bois\/#primaryimage\"},\"image\":{\"@id\":\"https:\/\/boisselier.ca\/en\/product\/boites-en-bois\/#primaryimage\"},\"thumbnailUrl\":\"https:\/\/boisselier.ca\/wp-content\/uploads\/2024\/12\/Boite-en-bois-Emmanuel-Peluchon.jpg\",\"datePublished\":\"2024-12-12T06:49:42+00:00\",\"dateModified\":\"2025-05-13T06:23:47+00:00\",\"description\":\"Fabrication de bo\u00eetes\u00a0selon vos besoins. Emballer, prot\u00e9ger, exp\u00e9dier, valoriser\u2026\",\"breadcrumb\":{\"@id\":\"https:\/\/boisselier.ca\/en\/product\/boites-en-bois\/#breadcrumb\"},\"inLanguage\":\"en-US\",\"potentialAction\":[{\"@type\":\"ReadAction\",\"target\":[\"https:\/\/boisselier.ca\/en\/product\/boites-en-bois\/\"]}]},{\"@type\":\"ImageObject\",\"inLanguage\":\"en-US\",\"@id\":\"https:\/\/boisselier.ca\/en\/product\/boites-en-bois\/#primaryimage\",\"url\":\"https:\/\/boisselier.ca\/wp-content\/uploads\/2024\/12\/Boite-en-bois-Emmanuel-Peluchon.jpg\",\"contentUrl\":\"https:\/\/boisselier.ca\/wp-content\/uploads\/2024\/12\/Boite-en-bois-Emmanuel-Peluchon.jpg\",\"width\":1024,\"height\":683},{\"@type\":\"BreadcrumbList\",\"@id\":\"https:\/\/boisselier.ca\/en\/product\/boites-en-bois\/#breadcrumb\",\"itemListElement\":[{\"@type\":\"ListItem\",\"position\":1,\"name\":\"Home\",\"item\":\"https:\/\/boisselier.ca\/\"},{\"@type\":\"ListItem\",\"position\":2,\"name\":\"Shop\",\"item\":\"https:\/\/boisselier.ca\/en\/shop\/\"},{\"@type\":\"ListItem\",\"position\":3,\"name\":\"Bo\u00eetes en bois\"}]},{\"@type\":\"WebSite\",\"@id\":\"https:\/\/boisselier.ca\/#website\",\"url\":\"https:\/\/boisselier.ca\/\",\"name\":\"Le boisselier - Emmanuel P\u00e9luchon \u00e9b\u00e9niste\",\"description\":\"\",\"publisher\":{\"@id\":\"https:\/\/boisselier.ca\/#organization\"},\"potentialAction\":[{\"@type\":\"SearchAction\",\"target\":{\"@type\":\"EntryPoint\",\"urlTemplate\":\"https:\/\/boisselier.ca\/?s={search_term_string}\"},\"query-input\":{\"@type\":\"PropertyValueSpecification\",\"valueRequired\":true,\"valueName\":\"search_term_string\"}}],\"inLanguage\":\"en-US\"},{\"@type\":\"Organization\",\"@id\":\"https:\/\/boisselier.ca\/#organization\",\"name\":\"Le boisselier - Emmanuel P\u00e9luchon \u00e9b\u00e9niste\",\"url\":\"https:\/\/boisselier.ca\/\",\"logo\":{\"@type\":\"ImageObject\",\"inLanguage\":\"en-US\",\"@id\":\"https:\/\/boisselier.ca\/#\/schema\/logo\/image\/\",\"url\":\"https:\/\/boisselier.ca\/wp-content\/uploads\/2024\/12\/epeluchon_logo.png\",\"contentUrl\":\"https:\/\/boisselier.ca\/wp-content\/uploads\/2024\/12\/epeluchon_logo.png\",\"width\":196,\"height\":96,\"caption\":\"Le boisselier - Emmanuel P\u00e9luchon \u00e9b\u00e9niste\"},\"image\":{\"@id\":\"https:\/\/boisselier.ca\/#\/schema\/logo\/image\/\"}}]}<\/script>\n<!-- \/ Yoast SEO plugin. -->","yoast_head_json":{"title":"Bo\u00eetes en bois - Le boisselier - Emmanuel P\u00e9luchon \u00e9b\u00e9niste","description":"Fabrication de bo\u00eetes\u00a0selon vos besoins. Emballer, prot\u00e9ger, exp\u00e9dier, valoriser\u2026","robots":{"index":"index","follow":"follow","max-snippet":"max-snippet:-1","max-image-preview":"max-image-preview:large","max-video-preview":"max-video-preview:-1"},"canonical":"https:\/\/boisselier.ca\/en\/product\/boites-en-bois\/","og_locale":"en_US","og_type":"article","og_title":"Bo\u00eetes en bois - Le boisselier - Emmanuel P\u00e9luchon \u00e9b\u00e9niste","og_description":"Fabrication de bo\u00eetes\u00a0selon vos besoins. Emballer, prot\u00e9ger, exp\u00e9dier, valoriser\u2026","og_url":"https:\/\/boisselier.ca\/en\/product\/boites-en-bois\/","og_site_name":"Le boisselier - Emmanuel P\u00e9luchon \u00e9b\u00e9niste","article_modified_time":"2025-05-13T06:23:47+00:00","og_image":[{"width":1024,"height":683,"url":"https:\/\/boisselier.ca\/wp-content\/uploads\/2024\/12\/Boite-en-bois-Emmanuel-Peluchon.jpg","type":"image\/jpeg"}],"twitter_card":"summary_large_image","twitter_misc":{"Est. reading time":"1 minute"},"schema":{"@context":"https:\/\/schema.org","@graph":[{"@type":"WebPage","@id":"https:\/\/boisselier.ca\/en\/product\/boites-en-bois\/","url":"https:\/\/boisselier.ca\/en\/product\/boites-en-bois\/","name":"Bo\u00eetes en bois - Le boisselier - Emmanuel P\u00e9luchon \u00e9b\u00e9niste","isPartOf":{"@id":"https:\/\/boisselier.ca\/#website"},"primaryImageOfPage":{"@id":"https:\/\/boisselier.ca\/en\/product\/boites-en-bois\/#primaryimage"},"image":{"@id":"https:\/\/boisselier.ca\/en\/product\/boites-en-bois\/#primaryimage"},"thumbnailUrl":"https:\/\/boisselier.ca\/wp-content\/uploads\/2024\/12\/Boite-en-bois-Emmanuel-Peluchon.jpg","datePublished":"2024-12-12T06:49:42+00:00","dateModified":"2025-05-13T06:23:47+00:00","description":"Fabrication de bo\u00eetes\u00a0selon vos besoins. Emballer, prot\u00e9ger, exp\u00e9dier, valoriser\u2026","breadcrumb":{"@id":"https:\/\/boisselier.ca\/en\/product\/boites-en-bois\/#breadcrumb"},"inLanguage":"en-US","potentialAction":[{"@type":"ReadAction","target":["https:\/\/boisselier.ca\/en\/product\/boites-en-bois\/"]}]},{"@type":"ImageObject","inLanguage":"en-US","@id":"https:\/\/boisselier.ca\/en\/product\/boites-en-bois\/#primaryimage","url":"https:\/\/boisselier.ca\/wp-content\/uploads\/2024\/12\/Boite-en-bois-Emmanuel-Peluchon.jpg","contentUrl":"https:\/\/boisselier.ca\/wp-content\/uploads\/2024\/12\/Boite-en-bois-Emmanuel-Peluchon.jpg","width":1024,"height":683},{"@type":"BreadcrumbList","@id":"https:\/\/boisselier.ca\/en\/product\/boites-en-bois\/#breadcrumb","itemListElement":[{"@type":"ListItem","position":1,"name":"Home","item":"https:\/\/boisselier.ca\/"},{"@type":"ListItem","position":2,"name":"Shop","item":"https:\/\/boisselier.ca\/en\/shop\/"},{"@type":"ListItem","position":3,"name":"Bo\u00eetes en bois"}]},{"@type":"WebSite","@id":"https:\/\/boisselier.ca\/#website","url":"https:\/\/boisselier.ca\/","name":"Le boisselier - Emmanuel P\u00e9luchon \u00e9b\u00e9niste","description":"","publisher":{"@id":"https:\/\/boisselier.ca\/#organization"},"potentialAction":[{"@type":"SearchAction","target":{"@type":"EntryPoint","urlTemplate":"https:\/\/boisselier.ca\/?s={search_term_string}"},"query-input":{"@type":"PropertyValueSpecification","valueRequired":true,"valueName":"search_term_string"}}],"inLanguage":"en-US"},{"@type":"Organization","@id":"https:\/\/boisselier.ca\/#organization","name":"Le boisselier - Emmanuel P\u00e9luchon \u00e9b\u00e9niste","url":"https:\/\/boisselier.ca\/","logo":{"@type":"ImageObject","inLanguage":"en-US","@id":"https:\/\/boisselier.ca\/#\/schema\/logo\/image\/","url":"https:\/\/boisselier.ca\/wp-content\/uploads\/2024\/12\/epeluchon_logo.png","contentUrl":"https:\/\/boisselier.ca\/wp-content\/uploads\/2024\/12\/epeluchon_logo.png","width":196,"height":96,"caption":"Le boisselier - Emmanuel P\u00e9luchon \u00e9b\u00e9niste"},"image":{"@id":"https:\/\/boisselier.ca\/#\/schema\/logo\/image\/"}}]}},"_links":{"self":[{"href":"https:\/\/boisselier.ca\/en\/wp-json\/wp\/v2\/product\/2096","targetHints":{"allow":["GET"]}}],"collection":[{"href":"https:\/\/boisselier.ca\/en\/wp-json\/wp\/v2\/product"}],"about":[{"href":"https:\/\/boisselier.ca\/en\/wp-json\/wp\/v2\/types\/product"}],"replies":[{"embeddable":true,"href":"https:\/\/boisselier.ca\/en\/wp-json\/wp\/v2\/comments?post=2096"}],"wp:featuredmedia":[{"embeddable":true,"href":"https:\/\/boisselier.ca\/en\/wp-json\/wp\/v2\/media\/2098"}],"wp:attachment":[{"href":"https:\/\/boisselier.ca\/en\/wp-json\/wp\/v2\/media?parent=2096"}],"wp:term":[{"taxonomy":"product_brand","embeddable":true,"href":"https:\/\/boisselier.ca\/en\/wp-json\/wp\/v2\/product_brand?post=2096"},{"taxonomy":"product_cat","embeddable":true,"href":"https:\/\/boisselier.ca\/en\/wp-json\/wp\/v2\/product_cat?post=2096"},{"taxonomy":"product_tag","embeddable":true,"href":"https:\/\/boisselier.ca\/en\/wp-json\/wp\/v2\/product_tag?post=2096"},{"taxonomy":"product_brands","embeddable":true,"href":"https:\/\/boisselier.ca\/en\/wp-json\/wp\/v2\/product_brands?post=2096"}],"curies":[{"name":"wp","href":"https:\/\/api.w.org\/{rel}","templated":true}]}}