{"id":2130,"date":"2024-12-12T06:58:04","date_gmt":"2024-12-12T06:58:04","guid":{"rendered":"https:\/\/boisselier.ca\/?post_type=product&#038;p=2130"},"modified":"2025-05-13T06:21:45","modified_gmt":"2025-05-13T06:21:45","slug":"kiosques-presentoirs","status":"publish","type":"product","link":"https:\/\/boisselier.ca\/en\/product\/kiosques-presentoirs\/","title":{"rendered":"Kiosques \/ pr\u00e9sentoirs"},"content":{"rendered":"<p>A partir d\u2019un dessin r\u00e9alis\u00e9 par un graphiste ou designer, je r\u00e9alise votre kiosque ou certaines composantes pour optimiser les transport, montage et ergonomie pour vos foires commerciales et salons de m\u00e9tiers d\u2019art.<\/p>\n","protected":false},"excerpt":{"rendered":"<p>A partir d\u2019un dessin r\u00e9alis\u00e9 par un graphiste ou designer, je r\u00e9alise votre kiosque ou certaines composantes pour optimiser les transport, montage et ergonomie pour vos foires commerciales et salons de m\u00e9tiers d\u2019art.<\/p>\n","protected":false},"featured_media":2132,"comment_status":"open","ping_status":"closed","template":"","meta":{"_bst_post_transparent":"default","_bst_post_title":"","_bst_post_layout":"default","_bst_post_sidebar_id":"","_bst_post_content_style":"default","_bst_post_vertical_padding":"default","_bst_post_feature":"","_bst_post_feature_position":"","_bst_post_header":false,"_bst_post_footer":false},"product_brand":[],"product_cat":[137],"product_tag":[],"product_brands":[],"class_list":{"0":"post-2130","1":"product","2":"type-product","3":"status-publish","4":"has-post-thumbnail","6":"product_cat-tailor-made","8":"first","9":"instock","10":"taxable","11":"shipping-taxable","12":"purchasable","13":"product-type-simple","14":"entry","15":"content-bg","16":"loop-entry"},"yoast_head":"<!-- This site is optimized with the Yoast SEO plugin v24.0 - https:\/\/yoast.com\/wordpress\/plugins\/seo\/ -->\n<title>Kiosques \/ pr\u00e9sentoirs - Le boisselier - Emmanuel P\u00e9luchon \u00e9b\u00e9niste<\/title>\n<meta name=\"description\" content=\"A partir d\u2019un dessin r\u00e9alis\u00e9 par un graphiste ou designer, je r\u00e9alise votre kiosque ou certaines composantes pour optimiser les transport, montage et ergonomie pour vos foires commerciales et salons de m\u00e9tiers d\u2019art.\" \/>\n<meta name=\"robots\" content=\"index, follow, max-snippet:-1, max-image-preview:large, max-video-preview:-1\" \/>\n<link rel=\"canonical\" href=\"https:\/\/boisselier.ca\/en\/product\/kiosques-presentoirs\/\" \/>\n<meta property=\"og:locale\" content=\"en_US\" \/>\n<meta property=\"og:type\" content=\"article\" \/>\n<meta property=\"og:title\" content=\"Kiosques \/ pr\u00e9sentoirs - Le boisselier - Emmanuel P\u00e9luchon \u00e9b\u00e9niste\" \/>\n<meta property=\"og:description\" content=\"A partir d\u2019un dessin r\u00e9alis\u00e9 par un graphiste ou designer, je r\u00e9alise votre kiosque ou certaines composantes pour optimiser les transport, montage et ergonomie pour vos foires commerciales et salons de m\u00e9tiers d\u2019art.\" \/>\n<meta property=\"og:url\" content=\"https:\/\/boisselier.ca\/en\/product\/kiosques-presentoirs\/\" \/>\n<meta property=\"og:site_name\" content=\"Le boisselier - Emmanuel P\u00e9luchon \u00e9b\u00e9niste\" \/>\n<meta property=\"article:modified_time\" content=\"2025-05-13T06:21:45+00:00\" \/>\n<meta property=\"og:image\" content=\"https:\/\/boisselier.ca\/wp-content\/uploads\/2024\/12\/tables-kiosque.jpg\" \/>\n\t<meta property=\"og:image:width\" content=\"960\" \/>\n\t<meta property=\"og:image:height\" content=\"720\" \/>\n\t<meta property=\"og:image:type\" content=\"image\/jpeg\" \/>\n<meta name=\"twitter:card\" content=\"summary_large_image\" \/>\n<meta name=\"twitter:label1\" content=\"Est. reading time\" \/>\n\t<meta name=\"twitter:data1\" content=\"1 minute\" \/>\n<script type=\"application\/ld+json\" class=\"yoast-schema-graph\">{\"@context\":\"https:\/\/schema.org\",\"@graph\":[{\"@type\":\"WebPage\",\"@id\":\"https:\/\/boisselier.ca\/en\/product\/kiosques-presentoirs\/\",\"url\":\"https:\/\/boisselier.ca\/en\/product\/kiosques-presentoirs\/\",\"name\":\"Kiosques \/ pr\u00e9sentoirs - Le boisselier - Emmanuel P\u00e9luchon \u00e9b\u00e9niste\",\"isPartOf\":{\"@id\":\"https:\/\/boisselier.ca\/#website\"},\"primaryImageOfPage\":{\"@id\":\"https:\/\/boisselier.ca\/en\/product\/kiosques-presentoirs\/#primaryimage\"},\"image\":{\"@id\":\"https:\/\/boisselier.ca\/en\/product\/kiosques-presentoirs\/#primaryimage\"},\"thumbnailUrl\":\"https:\/\/boisselier.ca\/wp-content\/uploads\/2024\/12\/tables-kiosque.jpg\",\"datePublished\":\"2024-12-12T06:58:04+00:00\",\"dateModified\":\"2025-05-13T06:21:45+00:00\",\"description\":\"A partir d\u2019un dessin r\u00e9alis\u00e9 par un graphiste ou designer, je r\u00e9alise votre kiosque ou certaines composantes pour optimiser les transport, montage et ergonomie pour vos foires commerciales et salons de m\u00e9tiers d\u2019art.\",\"breadcrumb\":{\"@id\":\"https:\/\/boisselier.ca\/en\/product\/kiosques-presentoirs\/#breadcrumb\"},\"inLanguage\":\"en-US\",\"potentialAction\":[{\"@type\":\"ReadAction\",\"target\":[\"https:\/\/boisselier.ca\/en\/product\/kiosques-presentoirs\/\"]}]},{\"@type\":\"ImageObject\",\"inLanguage\":\"en-US\",\"@id\":\"https:\/\/boisselier.ca\/en\/product\/kiosques-presentoirs\/#primaryimage\",\"url\":\"https:\/\/boisselier.ca\/wp-content\/uploads\/2024\/12\/tables-kiosque.jpg\",\"contentUrl\":\"https:\/\/boisselier.ca\/wp-content\/uploads\/2024\/12\/tables-kiosque.jpg\",\"width\":960,\"height\":720},{\"@type\":\"BreadcrumbList\",\"@id\":\"https:\/\/boisselier.ca\/en\/product\/kiosques-presentoirs\/#breadcrumb\",\"itemListElement\":[{\"@type\":\"ListItem\",\"position\":1,\"name\":\"Home\",\"item\":\"https:\/\/boisselier.ca\/\"},{\"@type\":\"ListItem\",\"position\":2,\"name\":\"Shop\",\"item\":\"https:\/\/boisselier.ca\/en\/shop\/\"},{\"@type\":\"ListItem\",\"position\":3,\"name\":\"Kiosques \/ pr\u00e9sentoirs\"}]},{\"@type\":\"WebSite\",\"@id\":\"https:\/\/boisselier.ca\/#website\",\"url\":\"https:\/\/boisselier.ca\/\",\"name\":\"Le boisselier - Emmanuel P\u00e9luchon \u00e9b\u00e9niste\",\"description\":\"\",\"publisher\":{\"@id\":\"https:\/\/boisselier.ca\/#organization\"},\"potentialAction\":[{\"@type\":\"SearchAction\",\"target\":{\"@type\":\"EntryPoint\",\"urlTemplate\":\"https:\/\/boisselier.ca\/?s={search_term_string}\"},\"query-input\":{\"@type\":\"PropertyValueSpecification\",\"valueRequired\":true,\"valueName\":\"search_term_string\"}}],\"inLanguage\":\"en-US\"},{\"@type\":\"Organization\",\"@id\":\"https:\/\/boisselier.ca\/#organization\",\"name\":\"Le boisselier - Emmanuel P\u00e9luchon \u00e9b\u00e9niste\",\"url\":\"https:\/\/boisselier.ca\/\",\"logo\":{\"@type\":\"ImageObject\",\"inLanguage\":\"en-US\",\"@id\":\"https:\/\/boisselier.ca\/#\/schema\/logo\/image\/\",\"url\":\"https:\/\/boisselier.ca\/wp-content\/uploads\/2024\/12\/epeluchon_logo.png\",\"contentUrl\":\"https:\/\/boisselier.ca\/wp-content\/uploads\/2024\/12\/epeluchon_logo.png\",\"width\":196,\"height\":96,\"caption\":\"Le boisselier - Emmanuel P\u00e9luchon \u00e9b\u00e9niste\"},\"image\":{\"@id\":\"https:\/\/boisselier.ca\/#\/schema\/logo\/image\/\"}}]}<\/script>\n<!-- \/ Yoast SEO plugin. -->","yoast_head_json":{"title":"Kiosques \/ pr\u00e9sentoirs - Le boisselier - Emmanuel P\u00e9luchon \u00e9b\u00e9niste","description":"A partir d\u2019un dessin r\u00e9alis\u00e9 par un graphiste ou designer, je r\u00e9alise votre kiosque ou certaines composantes pour optimiser les transport, montage et ergonomie pour vos foires commerciales et salons de m\u00e9tiers d\u2019art.","robots":{"index":"index","follow":"follow","max-snippet":"max-snippet:-1","max-image-preview":"max-image-preview:large","max-video-preview":"max-video-preview:-1"},"canonical":"https:\/\/boisselier.ca\/en\/product\/kiosques-presentoirs\/","og_locale":"en_US","og_type":"article","og_title":"Kiosques \/ pr\u00e9sentoirs - Le boisselier - Emmanuel P\u00e9luchon \u00e9b\u00e9niste","og_description":"A partir d\u2019un dessin r\u00e9alis\u00e9 par un graphiste ou designer, je r\u00e9alise votre kiosque ou certaines composantes pour optimiser les transport, montage et ergonomie pour vos foires commerciales et salons de m\u00e9tiers d\u2019art.","og_url":"https:\/\/boisselier.ca\/en\/product\/kiosques-presentoirs\/","og_site_name":"Le boisselier - Emmanuel P\u00e9luchon \u00e9b\u00e9niste","article_modified_time":"2025-05-13T06:21:45+00:00","og_image":[{"width":960,"height":720,"url":"https:\/\/boisselier.ca\/wp-content\/uploads\/2024\/12\/tables-kiosque.jpg","type":"image\/jpeg"}],"twitter_card":"summary_large_image","twitter_misc":{"Est. reading time":"1 minute"},"schema":{"@context":"https:\/\/schema.org","@graph":[{"@type":"WebPage","@id":"https:\/\/boisselier.ca\/en\/product\/kiosques-presentoirs\/","url":"https:\/\/boisselier.ca\/en\/product\/kiosques-presentoirs\/","name":"Kiosques \/ pr\u00e9sentoirs - Le boisselier - Emmanuel P\u00e9luchon \u00e9b\u00e9niste","isPartOf":{"@id":"https:\/\/boisselier.ca\/#website"},"primaryImageOfPage":{"@id":"https:\/\/boisselier.ca\/en\/product\/kiosques-presentoirs\/#primaryimage"},"image":{"@id":"https:\/\/boisselier.ca\/en\/product\/kiosques-presentoirs\/#primaryimage"},"thumbnailUrl":"https:\/\/boisselier.ca\/wp-content\/uploads\/2024\/12\/tables-kiosque.jpg","datePublished":"2024-12-12T06:58:04+00:00","dateModified":"2025-05-13T06:21:45+00:00","description":"A partir d\u2019un dessin r\u00e9alis\u00e9 par un graphiste ou designer, je r\u00e9alise votre kiosque ou certaines composantes pour optimiser les transport, montage et ergonomie pour vos foires commerciales et salons de m\u00e9tiers d\u2019art.","breadcrumb":{"@id":"https:\/\/boisselier.ca\/en\/product\/kiosques-presentoirs\/#breadcrumb"},"inLanguage":"en-US","potentialAction":[{"@type":"ReadAction","target":["https:\/\/boisselier.ca\/en\/product\/kiosques-presentoirs\/"]}]},{"@type":"ImageObject","inLanguage":"en-US","@id":"https:\/\/boisselier.ca\/en\/product\/kiosques-presentoirs\/#primaryimage","url":"https:\/\/boisselier.ca\/wp-content\/uploads\/2024\/12\/tables-kiosque.jpg","contentUrl":"https:\/\/boisselier.ca\/wp-content\/uploads\/2024\/12\/tables-kiosque.jpg","width":960,"height":720},{"@type":"BreadcrumbList","@id":"https:\/\/boisselier.ca\/en\/product\/kiosques-presentoirs\/#breadcrumb","itemListElement":[{"@type":"ListItem","position":1,"name":"Home","item":"https:\/\/boisselier.ca\/"},{"@type":"ListItem","position":2,"name":"Shop","item":"https:\/\/boisselier.ca\/en\/shop\/"},{"@type":"ListItem","position":3,"name":"Kiosques \/ pr\u00e9sentoirs"}]},{"@type":"WebSite","@id":"https:\/\/boisselier.ca\/#website","url":"https:\/\/boisselier.ca\/","name":"Le boisselier - Emmanuel P\u00e9luchon \u00e9b\u00e9niste","description":"","publisher":{"@id":"https:\/\/boisselier.ca\/#organization"},"potentialAction":[{"@type":"SearchAction","target":{"@type":"EntryPoint","urlTemplate":"https:\/\/boisselier.ca\/?s={search_term_string}"},"query-input":{"@type":"PropertyValueSpecification","valueRequired":true,"valueName":"search_term_string"}}],"inLanguage":"en-US"},{"@type":"Organization","@id":"https:\/\/boisselier.ca\/#organization","name":"Le boisselier - Emmanuel P\u00e9luchon \u00e9b\u00e9niste","url":"https:\/\/boisselier.ca\/","logo":{"@type":"ImageObject","inLanguage":"en-US","@id":"https:\/\/boisselier.ca\/#\/schema\/logo\/image\/","url":"https:\/\/boisselier.ca\/wp-content\/uploads\/2024\/12\/epeluchon_logo.png","contentUrl":"https:\/\/boisselier.ca\/wp-content\/uploads\/2024\/12\/epeluchon_logo.png","width":196,"height":96,"caption":"Le boisselier - Emmanuel P\u00e9luchon \u00e9b\u00e9niste"},"image":{"@id":"https:\/\/boisselier.ca\/#\/schema\/logo\/image\/"}}]}},"_links":{"self":[{"href":"https:\/\/boisselier.ca\/en\/wp-json\/wp\/v2\/product\/2130","targetHints":{"allow":["GET"]}}],"collection":[{"href":"https:\/\/boisselier.ca\/en\/wp-json\/wp\/v2\/product"}],"about":[{"href":"https:\/\/boisselier.ca\/en\/wp-json\/wp\/v2\/types\/product"}],"replies":[{"embeddable":true,"href":"https:\/\/boisselier.ca\/en\/wp-json\/wp\/v2\/comments?post=2130"}],"wp:featuredmedia":[{"embeddable":true,"href":"https:\/\/boisselier.ca\/en\/wp-json\/wp\/v2\/media\/2132"}],"wp:attachment":[{"href":"https:\/\/boisselier.ca\/en\/wp-json\/wp\/v2\/media?parent=2130"}],"wp:term":[{"taxonomy":"product_brand","embeddable":true,"href":"https:\/\/boisselier.ca\/en\/wp-json\/wp\/v2\/product_brand?post=2130"},{"taxonomy":"product_cat","embeddable":true,"href":"https:\/\/boisselier.ca\/en\/wp-json\/wp\/v2\/product_cat?post=2130"},{"taxonomy":"product_tag","embeddable":true,"href":"https:\/\/boisselier.ca\/en\/wp-json\/wp\/v2\/product_tag?post=2130"},{"taxonomy":"product_brands","embeddable":true,"href":"https:\/\/boisselier.ca\/en\/wp-json\/wp\/v2\/product_brands?post=2130"}],"curies":[{"name":"wp","href":"https:\/\/api.w.org\/{rel}","templated":true}]}}