{"id":2227,"date":"2024-12-12T07:21:28","date_gmt":"2024-12-12T07:21:28","guid":{"rendered":"https:\/\/boisselier.ca\/?post_type=product&#038;p=2227"},"modified":"2025-05-13T06:17:09","modified_gmt":"2025-05-13T06:17:09","slug":"arbre-de-lamitie-musical","status":"publish","type":"product","link":"https:\/\/boisselier.ca\/en\/product\/arbre-de-lamitie-musical\/","title":{"rendered":"Arbre de l\u2019Amiti\u00e9 musical"},"content":{"rendered":"<p>Plac\u00e9 sur votre bureau ou dans la chambre d\u2019un enfant, l\u2019arbre de l\u2019amiti\u00e9 est un bel objet de relaxation et d\u2019inspiration. Les billes d\u00e9pos\u00e9es sur la cime descendent le long du tronc et font raisonner les pens\u00e9es positives grav\u00e9es sur chacune des feuilles \u00e0 la fa\u00e7on d\u2019un xylophone.<\/p>\n<p>Cet objet nous rappelle que l\u2019amiti\u00e9 grandit un peu comme les arbres. Plus son environnement naturel est riche, plus il s\u2019\u00e9panouit, et embellit la vie de ceux et celles qui l\u2019entourent.<\/p>\n<p>Peuplier \u2013\u00a0bouleau \u2013 Cuir recycl\u00e9<br \/>\nEnviron 28cm x 15cm x 15 cm (11\u00d76 pouces)<\/p>\n<div style=\"width: 1430px;\" class=\"wp-video\"><video class=\"wp-video-shortcode\" id=\"video-2227-1\" width=\"1430\" height=\"804\" preload=\"metadata\" controls=\"controls\"><source type=\"video\/mp4\" src=\"https:\/\/boisselier.ca\/wp-content\/uploads\/2024\/12\/Video-Arbre-Amitie.mp4?_=1\" \/><a href=\"https:\/\/boisselier.ca\/wp-content\/uploads\/2024\/12\/Video-Arbre-Amitie.mp4\">https:\/\/boisselier.ca\/wp-content\/uploads\/2024\/12\/Video-Arbre-Amitie.mp4<\/a><\/video><\/div>\n","protected":false},"excerpt":{"rendered":"<p>Plac\u00e9 sur votre bureau ou dans la chambre d\u2019un enfant, l\u2019arbre de l\u2019amiti\u00e9 est un bel objet de relaxation et d\u2019inspiration. Les billes d\u00e9pos\u00e9es sur la cime descendent le long du tronc et font raisonner les pens\u00e9es positives grav\u00e9es sur chacune des feuilles \u00e0 la fa\u00e7on d\u2019un xylophone.<\/p>\n<p>Cet objet nous rappelle que l\u2019amiti\u00e9 grandit un peu comme les arbres. Plus son environnement naturel est riche, plus il s\u2019\u00e9panouit, et embellit la vie de ceux et celles qui l\u2019entourent.<\/p>\n<p>Peuplier \u2013\u00a0bouleau \u2013 Cuir recycl\u00e9<\/p>\n[video width=\"1920\" height=\"1080\" mp4=\"https:\/\/boisselier.ca\/wp-content\/uploads\/2024\/12\/Video-Arbre-Amitie.mp4\"][\/video]\n<p>Environ 28cm x 15cm x 15 cm (11\u00d76 pouces)<\/p>\n","protected":false},"featured_media":2229,"comment_status":"open","ping_status":"closed","template":"","meta":{"_bst_post_transparent":"default","_bst_post_title":"","_bst_post_layout":"default","_bst_post_sidebar_id":"","_bst_post_content_style":"default","_bst_post_vertical_padding":"default","_bst_post_feature":"","_bst_post_feature_position":"","_bst_post_header":false,"_bst_post_footer":false},"product_brand":[],"product_cat":[135],"product_tag":[],"product_brands":[],"class_list":{"0":"post-2227","1":"product","2":"type-product","3":"status-publish","4":"has-post-thumbnail","6":"product_cat-curiosities","7":"product_shipping_class-20-canada-150-international-en","9":"first","10":"outofstock","11":"taxable","12":"shipping-taxable","13":"purchasable","14":"product-type-simple","15":"entry","16":"content-bg","17":"loop-entry"},"yoast_head":"<!-- This site is optimized with the Yoast SEO plugin v24.0 - https:\/\/yoast.com\/wordpress\/plugins\/seo\/ -->\n<title>Arbre de l&#039;Amiti\u00e9 musical - curiosit\u00e9s et jouets en bois originaux<\/title>\n<meta name=\"description\" content=\"Cet arbre de l&#039;amiti\u00e9 musical r\u00e9sonne comme un xylophone. Placez les billes en haut de l\u2019arbre et elles descendront en faisant sonner chacune des feuilles.\" \/>\n<meta name=\"robots\" content=\"index, follow, max-snippet:-1, max-image-preview:large, max-video-preview:-1\" \/>\n<link rel=\"canonical\" href=\"https:\/\/boisselier.ca\/en\/product\/arbre-de-lamitie-musical\/\" \/>\n<meta property=\"og:locale\" content=\"en_US\" \/>\n<meta property=\"og:type\" content=\"article\" \/>\n<meta property=\"og:title\" content=\"Arbre de l&#039;Amiti\u00e9 musical - curiosit\u00e9s et jouets en bois originaux\" \/>\n<meta property=\"og:description\" content=\"Cet arbre de l&#039;amiti\u00e9 musical r\u00e9sonne comme un xylophone. Placez les billes en haut de l\u2019arbre et elles descendront en faisant sonner chacune des feuilles.\" \/>\n<meta property=\"og:url\" content=\"https:\/\/boisselier.ca\/en\/product\/arbre-de-lamitie-musical\/\" \/>\n<meta property=\"og:site_name\" content=\"Le boisselier - Emmanuel P\u00e9luchon \u00e9b\u00e9niste\" \/>\n<meta property=\"article:modified_time\" content=\"2025-05-13T06:17:09+00:00\" \/>\n<meta property=\"og:image\" content=\"https:\/\/boisselier.ca\/wp-content\/uploads\/2024\/12\/Arbre-Amitie.jpg\" \/>\n\t<meta property=\"og:image:width\" content=\"1606\" \/>\n\t<meta property=\"og:image:height\" content=\"2175\" \/>\n\t<meta property=\"og:image:type\" content=\"image\/jpeg\" \/>\n<meta name=\"twitter:card\" content=\"summary_large_image\" \/>\n<meta name=\"twitter:label1\" content=\"Est. reading time\" \/>\n\t<meta name=\"twitter:data1\" content=\"1 minute\" \/>\n<script type=\"application\/ld+json\" class=\"yoast-schema-graph\">{\"@context\":\"https:\/\/schema.org\",\"@graph\":[{\"@type\":\"WebPage\",\"@id\":\"https:\/\/boisselier.ca\/en\/product\/arbre-de-lamitie-musical\/\",\"url\":\"https:\/\/boisselier.ca\/en\/product\/arbre-de-lamitie-musical\/\",\"name\":\"Arbre de l'Amiti\u00e9 musical - curiosit\u00e9s et jouets en bois originaux\",\"isPartOf\":{\"@id\":\"https:\/\/boisselier.ca\/#website\"},\"primaryImageOfPage\":{\"@id\":\"https:\/\/boisselier.ca\/en\/product\/arbre-de-lamitie-musical\/#primaryimage\"},\"image\":{\"@id\":\"https:\/\/boisselier.ca\/en\/product\/arbre-de-lamitie-musical\/#primaryimage\"},\"thumbnailUrl\":\"https:\/\/boisselier.ca\/wp-content\/uploads\/2024\/12\/Arbre-Amitie.jpg\",\"datePublished\":\"2024-12-12T07:21:28+00:00\",\"dateModified\":\"2025-05-13T06:17:09+00:00\",\"description\":\"Cet arbre de l'amiti\u00e9 musical r\u00e9sonne comme un xylophone. Placez les billes en haut de l\u2019arbre et elles descendront en faisant sonner chacune des feuilles.\",\"breadcrumb\":{\"@id\":\"https:\/\/boisselier.ca\/en\/product\/arbre-de-lamitie-musical\/#breadcrumb\"},\"inLanguage\":\"en-US\",\"potentialAction\":[{\"@type\":\"ReadAction\",\"target\":[\"https:\/\/boisselier.ca\/en\/product\/arbre-de-lamitie-musical\/\"]}]},{\"@type\":\"ImageObject\",\"inLanguage\":\"en-US\",\"@id\":\"https:\/\/boisselier.ca\/en\/product\/arbre-de-lamitie-musical\/#primaryimage\",\"url\":\"https:\/\/boisselier.ca\/wp-content\/uploads\/2024\/12\/Arbre-Amitie.jpg\",\"contentUrl\":\"https:\/\/boisselier.ca\/wp-content\/uploads\/2024\/12\/Arbre-Amitie.jpg\",\"width\":1606,\"height\":2175},{\"@type\":\"BreadcrumbList\",\"@id\":\"https:\/\/boisselier.ca\/en\/product\/arbre-de-lamitie-musical\/#breadcrumb\",\"itemListElement\":[{\"@type\":\"ListItem\",\"position\":1,\"name\":\"Home\",\"item\":\"https:\/\/boisselier.ca\/\"},{\"@type\":\"ListItem\",\"position\":2,\"name\":\"Shop\",\"item\":\"https:\/\/boisselier.ca\/en\/shop\/\"},{\"@type\":\"ListItem\",\"position\":3,\"name\":\"Arbre de l\u2019Amiti\u00e9 musical\"}]},{\"@type\":\"WebSite\",\"@id\":\"https:\/\/boisselier.ca\/#website\",\"url\":\"https:\/\/boisselier.ca\/\",\"name\":\"Le boisselier - Emmanuel P\u00e9luchon \u00e9b\u00e9niste\",\"description\":\"\",\"publisher\":{\"@id\":\"https:\/\/boisselier.ca\/#organization\"},\"potentialAction\":[{\"@type\":\"SearchAction\",\"target\":{\"@type\":\"EntryPoint\",\"urlTemplate\":\"https:\/\/boisselier.ca\/?s={search_term_string}\"},\"query-input\":{\"@type\":\"PropertyValueSpecification\",\"valueRequired\":true,\"valueName\":\"search_term_string\"}}],\"inLanguage\":\"en-US\"},{\"@type\":\"Organization\",\"@id\":\"https:\/\/boisselier.ca\/#organization\",\"name\":\"Le boisselier - Emmanuel P\u00e9luchon \u00e9b\u00e9niste\",\"url\":\"https:\/\/boisselier.ca\/\",\"logo\":{\"@type\":\"ImageObject\",\"inLanguage\":\"en-US\",\"@id\":\"https:\/\/boisselier.ca\/#\/schema\/logo\/image\/\",\"url\":\"https:\/\/boisselier.ca\/wp-content\/uploads\/2024\/12\/epeluchon_logo.png\",\"contentUrl\":\"https:\/\/boisselier.ca\/wp-content\/uploads\/2024\/12\/epeluchon_logo.png\",\"width\":196,\"height\":96,\"caption\":\"Le boisselier - Emmanuel P\u00e9luchon \u00e9b\u00e9niste\"},\"image\":{\"@id\":\"https:\/\/boisselier.ca\/#\/schema\/logo\/image\/\"}}]}<\/script>\n<!-- \/ Yoast SEO plugin. -->","yoast_head_json":{"title":"Arbre de l'Amiti\u00e9 musical - curiosit\u00e9s et jouets en bois originaux","description":"Cet arbre de l'amiti\u00e9 musical r\u00e9sonne comme un xylophone. Placez les billes en haut de l\u2019arbre et elles descendront en faisant sonner chacune des feuilles.","robots":{"index":"index","follow":"follow","max-snippet":"max-snippet:-1","max-image-preview":"max-image-preview:large","max-video-preview":"max-video-preview:-1"},"canonical":"https:\/\/boisselier.ca\/en\/product\/arbre-de-lamitie-musical\/","og_locale":"en_US","og_type":"article","og_title":"Arbre de l'Amiti\u00e9 musical - curiosit\u00e9s et jouets en bois originaux","og_description":"Cet arbre de l'amiti\u00e9 musical r\u00e9sonne comme un xylophone. Placez les billes en haut de l\u2019arbre et elles descendront en faisant sonner chacune des feuilles.","og_url":"https:\/\/boisselier.ca\/en\/product\/arbre-de-lamitie-musical\/","og_site_name":"Le boisselier - Emmanuel P\u00e9luchon \u00e9b\u00e9niste","article_modified_time":"2025-05-13T06:17:09+00:00","og_image":[{"width":1606,"height":2175,"url":"https:\/\/boisselier.ca\/wp-content\/uploads\/2024\/12\/Arbre-Amitie.jpg","type":"image\/jpeg"}],"twitter_card":"summary_large_image","twitter_misc":{"Est. reading time":"1 minute"},"schema":{"@context":"https:\/\/schema.org","@graph":[{"@type":"WebPage","@id":"https:\/\/boisselier.ca\/en\/product\/arbre-de-lamitie-musical\/","url":"https:\/\/boisselier.ca\/en\/product\/arbre-de-lamitie-musical\/","name":"Arbre de l'Amiti\u00e9 musical - curiosit\u00e9s et jouets en bois originaux","isPartOf":{"@id":"https:\/\/boisselier.ca\/#website"},"primaryImageOfPage":{"@id":"https:\/\/boisselier.ca\/en\/product\/arbre-de-lamitie-musical\/#primaryimage"},"image":{"@id":"https:\/\/boisselier.ca\/en\/product\/arbre-de-lamitie-musical\/#primaryimage"},"thumbnailUrl":"https:\/\/boisselier.ca\/wp-content\/uploads\/2024\/12\/Arbre-Amitie.jpg","datePublished":"2024-12-12T07:21:28+00:00","dateModified":"2025-05-13T06:17:09+00:00","description":"Cet arbre de l'amiti\u00e9 musical r\u00e9sonne comme un xylophone. Placez les billes en haut de l\u2019arbre et elles descendront en faisant sonner chacune des feuilles.","breadcrumb":{"@id":"https:\/\/boisselier.ca\/en\/product\/arbre-de-lamitie-musical\/#breadcrumb"},"inLanguage":"en-US","potentialAction":[{"@type":"ReadAction","target":["https:\/\/boisselier.ca\/en\/product\/arbre-de-lamitie-musical\/"]}]},{"@type":"ImageObject","inLanguage":"en-US","@id":"https:\/\/boisselier.ca\/en\/product\/arbre-de-lamitie-musical\/#primaryimage","url":"https:\/\/boisselier.ca\/wp-content\/uploads\/2024\/12\/Arbre-Amitie.jpg","contentUrl":"https:\/\/boisselier.ca\/wp-content\/uploads\/2024\/12\/Arbre-Amitie.jpg","width":1606,"height":2175},{"@type":"BreadcrumbList","@id":"https:\/\/boisselier.ca\/en\/product\/arbre-de-lamitie-musical\/#breadcrumb","itemListElement":[{"@type":"ListItem","position":1,"name":"Home","item":"https:\/\/boisselier.ca\/"},{"@type":"ListItem","position":2,"name":"Shop","item":"https:\/\/boisselier.ca\/en\/shop\/"},{"@type":"ListItem","position":3,"name":"Arbre de l\u2019Amiti\u00e9 musical"}]},{"@type":"WebSite","@id":"https:\/\/boisselier.ca\/#website","url":"https:\/\/boisselier.ca\/","name":"Le boisselier - Emmanuel P\u00e9luchon \u00e9b\u00e9niste","description":"","publisher":{"@id":"https:\/\/boisselier.ca\/#organization"},"potentialAction":[{"@type":"SearchAction","target":{"@type":"EntryPoint","urlTemplate":"https:\/\/boisselier.ca\/?s={search_term_string}"},"query-input":{"@type":"PropertyValueSpecification","valueRequired":true,"valueName":"search_term_string"}}],"inLanguage":"en-US"},{"@type":"Organization","@id":"https:\/\/boisselier.ca\/#organization","name":"Le boisselier - Emmanuel P\u00e9luchon \u00e9b\u00e9niste","url":"https:\/\/boisselier.ca\/","logo":{"@type":"ImageObject","inLanguage":"en-US","@id":"https:\/\/boisselier.ca\/#\/schema\/logo\/image\/","url":"https:\/\/boisselier.ca\/wp-content\/uploads\/2024\/12\/epeluchon_logo.png","contentUrl":"https:\/\/boisselier.ca\/wp-content\/uploads\/2024\/12\/epeluchon_logo.png","width":196,"height":96,"caption":"Le boisselier - Emmanuel P\u00e9luchon \u00e9b\u00e9niste"},"image":{"@id":"https:\/\/boisselier.ca\/#\/schema\/logo\/image\/"}}]}},"_links":{"self":[{"href":"https:\/\/boisselier.ca\/en\/wp-json\/wp\/v2\/product\/2227","targetHints":{"allow":["GET"]}}],"collection":[{"href":"https:\/\/boisselier.ca\/en\/wp-json\/wp\/v2\/product"}],"about":[{"href":"https:\/\/boisselier.ca\/en\/wp-json\/wp\/v2\/types\/product"}],"replies":[{"embeddable":true,"href":"https:\/\/boisselier.ca\/en\/wp-json\/wp\/v2\/comments?post=2227"}],"wp:featuredmedia":[{"embeddable":true,"href":"https:\/\/boisselier.ca\/en\/wp-json\/wp\/v2\/media\/2229"}],"wp:attachment":[{"href":"https:\/\/boisselier.ca\/en\/wp-json\/wp\/v2\/media?parent=2227"}],"wp:term":[{"taxonomy":"product_brand","embeddable":true,"href":"https:\/\/boisselier.ca\/en\/wp-json\/wp\/v2\/product_brand?post=2227"},{"taxonomy":"product_cat","embeddable":true,"href":"https:\/\/boisselier.ca\/en\/wp-json\/wp\/v2\/product_cat?post=2227"},{"taxonomy":"product_tag","embeddable":true,"href":"https:\/\/boisselier.ca\/en\/wp-json\/wp\/v2\/product_tag?post=2227"},{"taxonomy":"product_brands","embeddable":true,"href":"https:\/\/boisselier.ca\/en\/wp-json\/wp\/v2\/product_brands?post=2227"}],"curies":[{"name":"wp","href":"https:\/\/api.w.org\/{rel}","templated":true}]}}