{"id":2237,"date":"2024-12-12T07:28:43","date_gmt":"2024-12-12T07:28:43","guid":{"rendered":"https:\/\/boisselier.ca\/?post_type=product&#038;p=2237"},"modified":"2025-05-13T06:16:18","modified_gmt":"2025-05-13T06:16:18","slug":"concerto-pour-feuilles-jouet-musical","status":"publish","type":"product","link":"https:\/\/boisselier.ca\/en\/product\/concerto-pour-feuilles-jouet-musical\/","title":{"rendered":"Concerto pour feuilles \u2013 jouet musical"},"content":{"rendered":"<p>Ce jouet musical r\u00e9sonne comme un xylophone. Placez les billes en haut de l\u2019arbre et elles descendront en faisant sonner chacune des feuilles.<br \/>\nLa trajectoire des billes n\u2019est jamais tout \u00e0 fait la m\u00eame. Le d\u00e9fi est de faire d\u00e9gringoler toutes les billes sans qu\u2019elles ne quittent leur trajectoire autour du tronc.<br \/>\nCe jeu sonore pour tous les \u00e2ges est aussi une pi\u00e8ce d\u00e9corative ou un carillon \u00e0 placer dans l\u2019entr\u00e9e de votre maison.<\/p>\n<p><a title=\"Concerto pour feuilles\" href=\"https:\/\/www.youtube.com\/watch?v=zpZ2B4myHiI\" target=\"_blank\" rel=\"noopener\">Voir la video<\/a><\/p>\n<p>Peuplier \u2013 Ch\u00eane \u2013 Cuir recycl\u00e9<br \/>\nEnviron 35cm x 70cm (14\u00d728 pouces)<\/p>\n","protected":false},"excerpt":{"rendered":"<p>Ce jouet musical r\u00e9sonne comme un xylophone. Placez les billes en haut de l\u2019arbre et elles descendront en faisant sonner chacune des feuilles.<br \/>\nLa trajectoire des billes n\u2019est jamais tout \u00e0 fait la m\u00eame. Le d\u00e9fi est de faire d\u00e9gringoler toutes les billes sans qu\u2019elles ne quittent leur trajectoire autour du tronc.<br \/>\nCe jeu sonore pour tous les \u00e2ges est aussi une pi\u00e8ce d\u00e9corative ou un carillon \u00e0 placer dans l\u2019entr\u00e9e de votre maison.<\/p>\n<p><a title=\"Concerto pour feuilles\" href=\"https:\/\/www.youtube.com\/watch?v=zpZ2B4myHiI\" target=\"_blank\" rel=\"noopener\">Voir la video<\/a><\/p>\n<p>Peuplier \u2013 Ch\u00eane \u2013 Cuir recycl\u00e9<br \/>\nEnviron 35cm x 70cm (14\u00d728 pouces)<\/p>\n","protected":false},"featured_media":2233,"comment_status":"open","ping_status":"closed","template":"","meta":{"_bst_post_transparent":"default","_bst_post_title":"","_bst_post_layout":"default","_bst_post_sidebar_id":"","_bst_post_content_style":"default","_bst_post_vertical_padding":"default","_bst_post_feature":"","_bst_post_feature_position":"","_bst_post_header":false,"_bst_post_footer":false},"product_brand":[],"product_cat":[135],"product_tag":[],"product_brands":[],"class_list":{"0":"post-2237","1":"product","2":"type-product","3":"status-publish","4":"has-post-thumbnail","6":"product_cat-curiosities","7":"product_shipping_class-20-canada-150-international-en","9":"first","10":"instock","11":"taxable","12":"shipping-taxable","13":"purchasable","14":"product-type-simple","15":"entry","16":"content-bg","17":"loop-entry"},"yoast_head":"<!-- This site is optimized with the Yoast SEO plugin v24.0 - https:\/\/yoast.com\/wordpress\/plugins\/seo\/ -->\n<title>Concerto pour feuilles \u2013 jouet musical - Le boisselier - Emmanuel P\u00e9luchon \u00e9b\u00e9niste<\/title>\n<meta name=\"description\" content=\"Ce jouet musical r\u00e9sonne comme un xylophone. Placez les billes en haut de l\u2019arbre et elles descendront en faisant sonner chacune des feuilles.\" \/>\n<meta name=\"robots\" content=\"index, follow, max-snippet:-1, max-image-preview:large, max-video-preview:-1\" \/>\n<link rel=\"canonical\" href=\"https:\/\/boisselier.ca\/en\/product\/concerto-pour-feuilles-jouet-musical\/\" \/>\n<meta property=\"og:locale\" content=\"en_US\" \/>\n<meta property=\"og:type\" content=\"article\" \/>\n<meta property=\"og:title\" content=\"Concerto pour feuilles \u2013 jouet musical - Le boisselier - Emmanuel P\u00e9luchon \u00e9b\u00e9niste\" \/>\n<meta property=\"og:description\" content=\"Ce jouet musical r\u00e9sonne comme un xylophone. Placez les billes en haut de l\u2019arbre et elles descendront en faisant sonner chacune des feuilles.\" \/>\n<meta property=\"og:url\" content=\"https:\/\/boisselier.ca\/en\/product\/concerto-pour-feuilles-jouet-musical\/\" \/>\n<meta property=\"og:site_name\" content=\"Le boisselier - Emmanuel P\u00e9luchon \u00e9b\u00e9niste\" \/>\n<meta property=\"article:modified_time\" content=\"2025-05-13T06:16:18+00:00\" \/>\n<meta property=\"og:image\" content=\"https:\/\/boisselier.ca\/wp-content\/uploads\/2024\/12\/Concerto-pour-feuille-scaled.jpg\" \/>\n\t<meta property=\"og:image:width\" content=\"1104\" \/>\n\t<meta property=\"og:image:height\" content=\"2560\" \/>\n\t<meta property=\"og:image:type\" content=\"image\/jpeg\" \/>\n<meta name=\"twitter:card\" content=\"summary_large_image\" \/>\n<meta name=\"twitter:label1\" content=\"Est. reading time\" \/>\n\t<meta name=\"twitter:data1\" content=\"1 minute\" \/>\n<script type=\"application\/ld+json\" class=\"yoast-schema-graph\">{\"@context\":\"https:\/\/schema.org\",\"@graph\":[{\"@type\":\"WebPage\",\"@id\":\"https:\/\/boisselier.ca\/en\/product\/concerto-pour-feuilles-jouet-musical\/\",\"url\":\"https:\/\/boisselier.ca\/en\/product\/concerto-pour-feuilles-jouet-musical\/\",\"name\":\"Concerto pour feuilles \u2013 jouet musical - Le boisselier - Emmanuel P\u00e9luchon \u00e9b\u00e9niste\",\"isPartOf\":{\"@id\":\"https:\/\/boisselier.ca\/#website\"},\"primaryImageOfPage\":{\"@id\":\"https:\/\/boisselier.ca\/en\/product\/concerto-pour-feuilles-jouet-musical\/#primaryimage\"},\"image\":{\"@id\":\"https:\/\/boisselier.ca\/en\/product\/concerto-pour-feuilles-jouet-musical\/#primaryimage\"},\"thumbnailUrl\":\"https:\/\/boisselier.ca\/wp-content\/uploads\/2024\/12\/Concerto-pour-feuille-scaled.jpg\",\"datePublished\":\"2024-12-12T07:28:43+00:00\",\"dateModified\":\"2025-05-13T06:16:18+00:00\",\"description\":\"Ce jouet musical r\u00e9sonne comme un xylophone. Placez les billes en haut de l\u2019arbre et elles descendront en faisant sonner chacune des feuilles.\",\"breadcrumb\":{\"@id\":\"https:\/\/boisselier.ca\/en\/product\/concerto-pour-feuilles-jouet-musical\/#breadcrumb\"},\"inLanguage\":\"en-US\",\"potentialAction\":[{\"@type\":\"ReadAction\",\"target\":[\"https:\/\/boisselier.ca\/en\/product\/concerto-pour-feuilles-jouet-musical\/\"]}]},{\"@type\":\"ImageObject\",\"inLanguage\":\"en-US\",\"@id\":\"https:\/\/boisselier.ca\/en\/product\/concerto-pour-feuilles-jouet-musical\/#primaryimage\",\"url\":\"https:\/\/boisselier.ca\/wp-content\/uploads\/2024\/12\/Concerto-pour-feuille-scaled.jpg\",\"contentUrl\":\"https:\/\/boisselier.ca\/wp-content\/uploads\/2024\/12\/Concerto-pour-feuille-scaled.jpg\",\"width\":1104,\"height\":2560},{\"@type\":\"BreadcrumbList\",\"@id\":\"https:\/\/boisselier.ca\/en\/product\/concerto-pour-feuilles-jouet-musical\/#breadcrumb\",\"itemListElement\":[{\"@type\":\"ListItem\",\"position\":1,\"name\":\"Home\",\"item\":\"https:\/\/boisselier.ca\/\"},{\"@type\":\"ListItem\",\"position\":2,\"name\":\"Shop\",\"item\":\"https:\/\/boisselier.ca\/en\/shop\/\"},{\"@type\":\"ListItem\",\"position\":3,\"name\":\"Concerto pour feuilles \u2013 jouet musical\"}]},{\"@type\":\"WebSite\",\"@id\":\"https:\/\/boisselier.ca\/#website\",\"url\":\"https:\/\/boisselier.ca\/\",\"name\":\"Le boisselier - Emmanuel P\u00e9luchon \u00e9b\u00e9niste\",\"description\":\"\",\"publisher\":{\"@id\":\"https:\/\/boisselier.ca\/#organization\"},\"potentialAction\":[{\"@type\":\"SearchAction\",\"target\":{\"@type\":\"EntryPoint\",\"urlTemplate\":\"https:\/\/boisselier.ca\/?s={search_term_string}\"},\"query-input\":{\"@type\":\"PropertyValueSpecification\",\"valueRequired\":true,\"valueName\":\"search_term_string\"}}],\"inLanguage\":\"en-US\"},{\"@type\":\"Organization\",\"@id\":\"https:\/\/boisselier.ca\/#organization\",\"name\":\"Le boisselier - Emmanuel P\u00e9luchon \u00e9b\u00e9niste\",\"url\":\"https:\/\/boisselier.ca\/\",\"logo\":{\"@type\":\"ImageObject\",\"inLanguage\":\"en-US\",\"@id\":\"https:\/\/boisselier.ca\/#\/schema\/logo\/image\/\",\"url\":\"https:\/\/boisselier.ca\/wp-content\/uploads\/2024\/12\/epeluchon_logo.png\",\"contentUrl\":\"https:\/\/boisselier.ca\/wp-content\/uploads\/2024\/12\/epeluchon_logo.png\",\"width\":196,\"height\":96,\"caption\":\"Le boisselier - Emmanuel P\u00e9luchon \u00e9b\u00e9niste\"},\"image\":{\"@id\":\"https:\/\/boisselier.ca\/#\/schema\/logo\/image\/\"}}]}<\/script>\n<!-- \/ Yoast SEO plugin. -->","yoast_head_json":{"title":"Concerto pour feuilles \u2013 jouet musical - Le boisselier - Emmanuel P\u00e9luchon \u00e9b\u00e9niste","description":"Ce jouet musical r\u00e9sonne comme un xylophone. Placez les billes en haut de l\u2019arbre et elles descendront en faisant sonner chacune des feuilles.","robots":{"index":"index","follow":"follow","max-snippet":"max-snippet:-1","max-image-preview":"max-image-preview:large","max-video-preview":"max-video-preview:-1"},"canonical":"https:\/\/boisselier.ca\/en\/product\/concerto-pour-feuilles-jouet-musical\/","og_locale":"en_US","og_type":"article","og_title":"Concerto pour feuilles \u2013 jouet musical - Le boisselier - Emmanuel P\u00e9luchon \u00e9b\u00e9niste","og_description":"Ce jouet musical r\u00e9sonne comme un xylophone. Placez les billes en haut de l\u2019arbre et elles descendront en faisant sonner chacune des feuilles.","og_url":"https:\/\/boisselier.ca\/en\/product\/concerto-pour-feuilles-jouet-musical\/","og_site_name":"Le boisselier - Emmanuel P\u00e9luchon \u00e9b\u00e9niste","article_modified_time":"2025-05-13T06:16:18+00:00","og_image":[{"width":1104,"height":2560,"url":"https:\/\/boisselier.ca\/wp-content\/uploads\/2024\/12\/Concerto-pour-feuille-scaled.jpg","type":"image\/jpeg"}],"twitter_card":"summary_large_image","twitter_misc":{"Est. reading time":"1 minute"},"schema":{"@context":"https:\/\/schema.org","@graph":[{"@type":"WebPage","@id":"https:\/\/boisselier.ca\/en\/product\/concerto-pour-feuilles-jouet-musical\/","url":"https:\/\/boisselier.ca\/en\/product\/concerto-pour-feuilles-jouet-musical\/","name":"Concerto pour feuilles \u2013 jouet musical - Le boisselier - Emmanuel P\u00e9luchon \u00e9b\u00e9niste","isPartOf":{"@id":"https:\/\/boisselier.ca\/#website"},"primaryImageOfPage":{"@id":"https:\/\/boisselier.ca\/en\/product\/concerto-pour-feuilles-jouet-musical\/#primaryimage"},"image":{"@id":"https:\/\/boisselier.ca\/en\/product\/concerto-pour-feuilles-jouet-musical\/#primaryimage"},"thumbnailUrl":"https:\/\/boisselier.ca\/wp-content\/uploads\/2024\/12\/Concerto-pour-feuille-scaled.jpg","datePublished":"2024-12-12T07:28:43+00:00","dateModified":"2025-05-13T06:16:18+00:00","description":"Ce jouet musical r\u00e9sonne comme un xylophone. Placez les billes en haut de l\u2019arbre et elles descendront en faisant sonner chacune des feuilles.","breadcrumb":{"@id":"https:\/\/boisselier.ca\/en\/product\/concerto-pour-feuilles-jouet-musical\/#breadcrumb"},"inLanguage":"en-US","potentialAction":[{"@type":"ReadAction","target":["https:\/\/boisselier.ca\/en\/product\/concerto-pour-feuilles-jouet-musical\/"]}]},{"@type":"ImageObject","inLanguage":"en-US","@id":"https:\/\/boisselier.ca\/en\/product\/concerto-pour-feuilles-jouet-musical\/#primaryimage","url":"https:\/\/boisselier.ca\/wp-content\/uploads\/2024\/12\/Concerto-pour-feuille-scaled.jpg","contentUrl":"https:\/\/boisselier.ca\/wp-content\/uploads\/2024\/12\/Concerto-pour-feuille-scaled.jpg","width":1104,"height":2560},{"@type":"BreadcrumbList","@id":"https:\/\/boisselier.ca\/en\/product\/concerto-pour-feuilles-jouet-musical\/#breadcrumb","itemListElement":[{"@type":"ListItem","position":1,"name":"Home","item":"https:\/\/boisselier.ca\/"},{"@type":"ListItem","position":2,"name":"Shop","item":"https:\/\/boisselier.ca\/en\/shop\/"},{"@type":"ListItem","position":3,"name":"Concerto pour feuilles \u2013 jouet musical"}]},{"@type":"WebSite","@id":"https:\/\/boisselier.ca\/#website","url":"https:\/\/boisselier.ca\/","name":"Le boisselier - Emmanuel P\u00e9luchon \u00e9b\u00e9niste","description":"","publisher":{"@id":"https:\/\/boisselier.ca\/#organization"},"potentialAction":[{"@type":"SearchAction","target":{"@type":"EntryPoint","urlTemplate":"https:\/\/boisselier.ca\/?s={search_term_string}"},"query-input":{"@type":"PropertyValueSpecification","valueRequired":true,"valueName":"search_term_string"}}],"inLanguage":"en-US"},{"@type":"Organization","@id":"https:\/\/boisselier.ca\/#organization","name":"Le boisselier - Emmanuel P\u00e9luchon \u00e9b\u00e9niste","url":"https:\/\/boisselier.ca\/","logo":{"@type":"ImageObject","inLanguage":"en-US","@id":"https:\/\/boisselier.ca\/#\/schema\/logo\/image\/","url":"https:\/\/boisselier.ca\/wp-content\/uploads\/2024\/12\/epeluchon_logo.png","contentUrl":"https:\/\/boisselier.ca\/wp-content\/uploads\/2024\/12\/epeluchon_logo.png","width":196,"height":96,"caption":"Le boisselier - Emmanuel P\u00e9luchon \u00e9b\u00e9niste"},"image":{"@id":"https:\/\/boisselier.ca\/#\/schema\/logo\/image\/"}}]}},"_links":{"self":[{"href":"https:\/\/boisselier.ca\/en\/wp-json\/wp\/v2\/product\/2237","targetHints":{"allow":["GET"]}}],"collection":[{"href":"https:\/\/boisselier.ca\/en\/wp-json\/wp\/v2\/product"}],"about":[{"href":"https:\/\/boisselier.ca\/en\/wp-json\/wp\/v2\/types\/product"}],"replies":[{"embeddable":true,"href":"https:\/\/boisselier.ca\/en\/wp-json\/wp\/v2\/comments?post=2237"}],"wp:featuredmedia":[{"embeddable":true,"href":"https:\/\/boisselier.ca\/en\/wp-json\/wp\/v2\/media\/2233"}],"wp:attachment":[{"href":"https:\/\/boisselier.ca\/en\/wp-json\/wp\/v2\/media?parent=2237"}],"wp:term":[{"taxonomy":"product_brand","embeddable":true,"href":"https:\/\/boisselier.ca\/en\/wp-json\/wp\/v2\/product_brand?post=2237"},{"taxonomy":"product_cat","embeddable":true,"href":"https:\/\/boisselier.ca\/en\/wp-json\/wp\/v2\/product_cat?post=2237"},{"taxonomy":"product_tag","embeddable":true,"href":"https:\/\/boisselier.ca\/en\/wp-json\/wp\/v2\/product_tag?post=2237"},{"taxonomy":"product_brands","embeddable":true,"href":"https:\/\/boisselier.ca\/en\/wp-json\/wp\/v2\/product_brands?post=2237"}],"curies":[{"name":"wp","href":"https:\/\/api.w.org\/{rel}","templated":true}]}}