{"id":2247,"date":"2024-12-12T07:37:43","date_gmt":"2024-12-12T07:37:43","guid":{"rendered":"https:\/\/boisselier.ca\/?post_type=product&#038;p=2247"},"modified":"2025-05-13T06:14:47","modified_gmt":"2025-05-13T06:14:47","slug":"anagyre-dragons","status":"publish","type":"product","link":"https:\/\/boisselier.ca\/en\/product\/anagyre-dragons\/","title":{"rendered":"Anagyre Dragons"},"content":{"rendered":"<p><strong>L\u2019anagyre, un esprit rebelle<\/strong><br \/>\nL\u2019anagyre n\u2019en fait qu\u2019\u00e0 sa t\u00eate ! Certains tournent dans le sens horaire, d\u2019autres uniquement dans le sens antihoraire. Essayez de le faire changer de direction et vous le verrez osciller\u2026 avant de repartir de son c\u00f4t\u00e9 !<\/p>\n<p><strong>Bois\u00a0revaloris\u00e9<\/strong><br \/>\n<strong>Dimensions:<\/strong>\u00a0environ 20 cm (8 pouces)<br \/>\n<strong>Sens de rotation:\u00a0<\/strong>anti-horaire<\/p>\n<p>Ces deux dragons entrem\u00eal\u00e9s sont une reproduction du livre de Kells (9e si\u00e8cle). L\u2019un et l\u2019autre regardent dans des directions oppos\u00e9es. Dans quel sens tourner ?<\/p>\n<p><a href=\"https:\/\/fr.wikipedia.org\/wiki\/Anagyre_(objet)\">Plus d\u2019information sur les anagyres<\/a><\/p>\n","protected":false},"excerpt":{"rendered":"<p><strong>L\u2019anagyre, un esprit rebelle<\/strong><br \/>\nL\u2019anagyre n\u2019en fait qu\u2019\u00e0 sa t\u00eate ! Certains tournent dans le sens horaire, d\u2019autres uniquement dans le sens antihoraire. Essayez de le faire changer de direction et vous le verrez osciller\u2026 avant de repartir de son c\u00f4t\u00e9 !<\/p>\n<p><strong>Bois\u00a0revaloris\u00e9<\/strong><br \/>\n<strong>Dimensions:<\/strong>\u00a0environ 20 cm (8 pouces)<br \/>\n<strong>Sens de rotation:\u00a0<\/strong>anti-horaire<\/p>\n<p>Ces deux dragons entrem\u00eal\u00e9s sont une reproduction du livre de Kells (9e si\u00e8cle). L\u2019un et l\u2019autre regardent dans des directions oppos\u00e9es. Dans quel sens tourner ?<\/p>\n<p><a href=\"https:\/\/fr.wikipedia.org\/wiki\/Anagyre_(objet)\">Plus d\u2019information sur les anagyres<\/a><\/p>\n","protected":false},"featured_media":2249,"comment_status":"open","ping_status":"closed","template":"","meta":{"_bst_post_transparent":"default","_bst_post_title":"","_bst_post_layout":"default","_bst_post_sidebar_id":"","_bst_post_content_style":"default","_bst_post_vertical_padding":"default","_bst_post_feature":"","_bst_post_feature_position":"","_bst_post_header":false,"_bst_post_footer":false},"product_brand":[],"product_cat":[135],"product_tag":[],"product_brands":[],"class_list":{"0":"post-2247","1":"product","2":"type-product","3":"status-publish","4":"has-post-thumbnail","6":"product_cat-curiosities","7":"product_shipping_class-free-canada-10-international-en","9":"first","10":"instock","11":"taxable","12":"shipping-taxable","13":"purchasable","14":"product-type-simple","15":"entry","16":"content-bg","17":"loop-entry"},"yoast_head":"<!-- This site is optimized with the Yoast SEO plugin v24.0 - https:\/\/yoast.com\/wordpress\/plugins\/seo\/ -->\n<title>Anagyre Dragons - Le boisselier - Emmanuel P\u00e9luchon \u00e9b\u00e9niste<\/title>\n<meta name=\"description\" content=\"L\u2019anagyre n\u2019en fait qu\u2019\u00e0 sa t\u00eate ! Certains tournent dans le sens horaire, d\u2019autres uniquement dans le sens antihoraire. Il n&#039;a pas fini de vous \u00e9tonner !\" \/>\n<meta name=\"robots\" content=\"index, follow, max-snippet:-1, max-image-preview:large, max-video-preview:-1\" \/>\n<link rel=\"canonical\" href=\"https:\/\/boisselier.ca\/en\/product\/anagyre-dragons\/\" \/>\n<meta property=\"og:locale\" content=\"en_US\" \/>\n<meta property=\"og:type\" content=\"article\" \/>\n<meta property=\"og:title\" content=\"Anagyre Dragons - Le boisselier - Emmanuel P\u00e9luchon \u00e9b\u00e9niste\" \/>\n<meta property=\"og:description\" content=\"L\u2019anagyre n\u2019en fait qu\u2019\u00e0 sa t\u00eate ! Certains tournent dans le sens horaire, d\u2019autres uniquement dans le sens antihoraire. Il n&#039;a pas fini de vous \u00e9tonner !\" \/>\n<meta property=\"og:url\" content=\"https:\/\/boisselier.ca\/en\/product\/anagyre-dragons\/\" \/>\n<meta property=\"og:site_name\" content=\"Le boisselier - Emmanuel P\u00e9luchon \u00e9b\u00e9niste\" \/>\n<meta property=\"article:modified_time\" content=\"2025-05-13T06:14:47+00:00\" \/>\n<meta property=\"og:image\" content=\"https:\/\/boisselier.ca\/wp-content\/uploads\/2024\/12\/Anagyre-Dragons-rattleback-Emmanuel-Peluchon-.jpg\" \/>\n\t<meta property=\"og:image:width\" content=\"2500\" \/>\n\t<meta property=\"og:image:height\" content=\"1669\" \/>\n\t<meta property=\"og:image:type\" content=\"image\/jpeg\" \/>\n<meta name=\"twitter:card\" content=\"summary_large_image\" \/>\n<meta name=\"twitter:label1\" content=\"Est. reading time\" \/>\n\t<meta name=\"twitter:data1\" content=\"1 minute\" \/>\n<script type=\"application\/ld+json\" class=\"yoast-schema-graph\">{\"@context\":\"https:\/\/schema.org\",\"@graph\":[{\"@type\":\"WebPage\",\"@id\":\"https:\/\/boisselier.ca\/en\/product\/anagyre-dragons\/\",\"url\":\"https:\/\/boisselier.ca\/en\/product\/anagyre-dragons\/\",\"name\":\"Anagyre Dragons - Le boisselier - Emmanuel P\u00e9luchon \u00e9b\u00e9niste\",\"isPartOf\":{\"@id\":\"https:\/\/boisselier.ca\/#website\"},\"primaryImageOfPage\":{\"@id\":\"https:\/\/boisselier.ca\/en\/product\/anagyre-dragons\/#primaryimage\"},\"image\":{\"@id\":\"https:\/\/boisselier.ca\/en\/product\/anagyre-dragons\/#primaryimage\"},\"thumbnailUrl\":\"https:\/\/boisselier.ca\/wp-content\/uploads\/2024\/12\/Anagyre-Dragons-rattleback-Emmanuel-Peluchon-.jpg\",\"datePublished\":\"2024-12-12T07:37:43+00:00\",\"dateModified\":\"2025-05-13T06:14:47+00:00\",\"description\":\"L\u2019anagyre n\u2019en fait qu\u2019\u00e0 sa t\u00eate ! Certains tournent dans le sens horaire, d\u2019autres uniquement dans le sens antihoraire. Il n'a pas fini de vous \u00e9tonner !\",\"breadcrumb\":{\"@id\":\"https:\/\/boisselier.ca\/en\/product\/anagyre-dragons\/#breadcrumb\"},\"inLanguage\":\"en-US\",\"potentialAction\":[{\"@type\":\"ReadAction\",\"target\":[\"https:\/\/boisselier.ca\/en\/product\/anagyre-dragons\/\"]}]},{\"@type\":\"ImageObject\",\"inLanguage\":\"en-US\",\"@id\":\"https:\/\/boisselier.ca\/en\/product\/anagyre-dragons\/#primaryimage\",\"url\":\"https:\/\/boisselier.ca\/wp-content\/uploads\/2024\/12\/Anagyre-Dragons-rattleback-Emmanuel-Peluchon-.jpg\",\"contentUrl\":\"https:\/\/boisselier.ca\/wp-content\/uploads\/2024\/12\/Anagyre-Dragons-rattleback-Emmanuel-Peluchon-.jpg\",\"width\":2500,\"height\":1669},{\"@type\":\"BreadcrumbList\",\"@id\":\"https:\/\/boisselier.ca\/en\/product\/anagyre-dragons\/#breadcrumb\",\"itemListElement\":[{\"@type\":\"ListItem\",\"position\":1,\"name\":\"Home\",\"item\":\"https:\/\/boisselier.ca\/\"},{\"@type\":\"ListItem\",\"position\":2,\"name\":\"Shop\",\"item\":\"https:\/\/boisselier.ca\/en\/shop\/\"},{\"@type\":\"ListItem\",\"position\":3,\"name\":\"Anagyre Dragons\"}]},{\"@type\":\"WebSite\",\"@id\":\"https:\/\/boisselier.ca\/#website\",\"url\":\"https:\/\/boisselier.ca\/\",\"name\":\"Le boisselier - Emmanuel P\u00e9luchon \u00e9b\u00e9niste\",\"description\":\"\",\"publisher\":{\"@id\":\"https:\/\/boisselier.ca\/#organization\"},\"potentialAction\":[{\"@type\":\"SearchAction\",\"target\":{\"@type\":\"EntryPoint\",\"urlTemplate\":\"https:\/\/boisselier.ca\/?s={search_term_string}\"},\"query-input\":{\"@type\":\"PropertyValueSpecification\",\"valueRequired\":true,\"valueName\":\"search_term_string\"}}],\"inLanguage\":\"en-US\"},{\"@type\":\"Organization\",\"@id\":\"https:\/\/boisselier.ca\/#organization\",\"name\":\"Le boisselier - Emmanuel P\u00e9luchon \u00e9b\u00e9niste\",\"url\":\"https:\/\/boisselier.ca\/\",\"logo\":{\"@type\":\"ImageObject\",\"inLanguage\":\"en-US\",\"@id\":\"https:\/\/boisselier.ca\/#\/schema\/logo\/image\/\",\"url\":\"https:\/\/boisselier.ca\/wp-content\/uploads\/2024\/12\/epeluchon_logo.png\",\"contentUrl\":\"https:\/\/boisselier.ca\/wp-content\/uploads\/2024\/12\/epeluchon_logo.png\",\"width\":196,\"height\":96,\"caption\":\"Le boisselier - Emmanuel P\u00e9luchon \u00e9b\u00e9niste\"},\"image\":{\"@id\":\"https:\/\/boisselier.ca\/#\/schema\/logo\/image\/\"}}]}<\/script>\n<!-- \/ Yoast SEO plugin. -->","yoast_head_json":{"title":"Anagyre Dragons - Le boisselier - Emmanuel P\u00e9luchon \u00e9b\u00e9niste","description":"L\u2019anagyre n\u2019en fait qu\u2019\u00e0 sa t\u00eate ! Certains tournent dans le sens horaire, d\u2019autres uniquement dans le sens antihoraire. Il n'a pas fini de vous \u00e9tonner !","robots":{"index":"index","follow":"follow","max-snippet":"max-snippet:-1","max-image-preview":"max-image-preview:large","max-video-preview":"max-video-preview:-1"},"canonical":"https:\/\/boisselier.ca\/en\/product\/anagyre-dragons\/","og_locale":"en_US","og_type":"article","og_title":"Anagyre Dragons - Le boisselier - Emmanuel P\u00e9luchon \u00e9b\u00e9niste","og_description":"L\u2019anagyre n\u2019en fait qu\u2019\u00e0 sa t\u00eate ! Certains tournent dans le sens horaire, d\u2019autres uniquement dans le sens antihoraire. Il n'a pas fini de vous \u00e9tonner !","og_url":"https:\/\/boisselier.ca\/en\/product\/anagyre-dragons\/","og_site_name":"Le boisselier - Emmanuel P\u00e9luchon \u00e9b\u00e9niste","article_modified_time":"2025-05-13T06:14:47+00:00","og_image":[{"width":2500,"height":1669,"url":"https:\/\/boisselier.ca\/wp-content\/uploads\/2024\/12\/Anagyre-Dragons-rattleback-Emmanuel-Peluchon-.jpg","type":"image\/jpeg"}],"twitter_card":"summary_large_image","twitter_misc":{"Est. reading time":"1 minute"},"schema":{"@context":"https:\/\/schema.org","@graph":[{"@type":"WebPage","@id":"https:\/\/boisselier.ca\/en\/product\/anagyre-dragons\/","url":"https:\/\/boisselier.ca\/en\/product\/anagyre-dragons\/","name":"Anagyre Dragons - Le boisselier - Emmanuel P\u00e9luchon \u00e9b\u00e9niste","isPartOf":{"@id":"https:\/\/boisselier.ca\/#website"},"primaryImageOfPage":{"@id":"https:\/\/boisselier.ca\/en\/product\/anagyre-dragons\/#primaryimage"},"image":{"@id":"https:\/\/boisselier.ca\/en\/product\/anagyre-dragons\/#primaryimage"},"thumbnailUrl":"https:\/\/boisselier.ca\/wp-content\/uploads\/2024\/12\/Anagyre-Dragons-rattleback-Emmanuel-Peluchon-.jpg","datePublished":"2024-12-12T07:37:43+00:00","dateModified":"2025-05-13T06:14:47+00:00","description":"L\u2019anagyre n\u2019en fait qu\u2019\u00e0 sa t\u00eate ! Certains tournent dans le sens horaire, d\u2019autres uniquement dans le sens antihoraire. Il n'a pas fini de vous \u00e9tonner !","breadcrumb":{"@id":"https:\/\/boisselier.ca\/en\/product\/anagyre-dragons\/#breadcrumb"},"inLanguage":"en-US","potentialAction":[{"@type":"ReadAction","target":["https:\/\/boisselier.ca\/en\/product\/anagyre-dragons\/"]}]},{"@type":"ImageObject","inLanguage":"en-US","@id":"https:\/\/boisselier.ca\/en\/product\/anagyre-dragons\/#primaryimage","url":"https:\/\/boisselier.ca\/wp-content\/uploads\/2024\/12\/Anagyre-Dragons-rattleback-Emmanuel-Peluchon-.jpg","contentUrl":"https:\/\/boisselier.ca\/wp-content\/uploads\/2024\/12\/Anagyre-Dragons-rattleback-Emmanuel-Peluchon-.jpg","width":2500,"height":1669},{"@type":"BreadcrumbList","@id":"https:\/\/boisselier.ca\/en\/product\/anagyre-dragons\/#breadcrumb","itemListElement":[{"@type":"ListItem","position":1,"name":"Home","item":"https:\/\/boisselier.ca\/"},{"@type":"ListItem","position":2,"name":"Shop","item":"https:\/\/boisselier.ca\/en\/shop\/"},{"@type":"ListItem","position":3,"name":"Anagyre Dragons"}]},{"@type":"WebSite","@id":"https:\/\/boisselier.ca\/#website","url":"https:\/\/boisselier.ca\/","name":"Le boisselier - Emmanuel P\u00e9luchon \u00e9b\u00e9niste","description":"","publisher":{"@id":"https:\/\/boisselier.ca\/#organization"},"potentialAction":[{"@type":"SearchAction","target":{"@type":"EntryPoint","urlTemplate":"https:\/\/boisselier.ca\/?s={search_term_string}"},"query-input":{"@type":"PropertyValueSpecification","valueRequired":true,"valueName":"search_term_string"}}],"inLanguage":"en-US"},{"@type":"Organization","@id":"https:\/\/boisselier.ca\/#organization","name":"Le boisselier - Emmanuel P\u00e9luchon \u00e9b\u00e9niste","url":"https:\/\/boisselier.ca\/","logo":{"@type":"ImageObject","inLanguage":"en-US","@id":"https:\/\/boisselier.ca\/#\/schema\/logo\/image\/","url":"https:\/\/boisselier.ca\/wp-content\/uploads\/2024\/12\/epeluchon_logo.png","contentUrl":"https:\/\/boisselier.ca\/wp-content\/uploads\/2024\/12\/epeluchon_logo.png","width":196,"height":96,"caption":"Le boisselier - Emmanuel P\u00e9luchon \u00e9b\u00e9niste"},"image":{"@id":"https:\/\/boisselier.ca\/#\/schema\/logo\/image\/"}}]}},"_links":{"self":[{"href":"https:\/\/boisselier.ca\/en\/wp-json\/wp\/v2\/product\/2247","targetHints":{"allow":["GET"]}}],"collection":[{"href":"https:\/\/boisselier.ca\/en\/wp-json\/wp\/v2\/product"}],"about":[{"href":"https:\/\/boisselier.ca\/en\/wp-json\/wp\/v2\/types\/product"}],"replies":[{"embeddable":true,"href":"https:\/\/boisselier.ca\/en\/wp-json\/wp\/v2\/comments?post=2247"}],"wp:featuredmedia":[{"embeddable":true,"href":"https:\/\/boisselier.ca\/en\/wp-json\/wp\/v2\/media\/2249"}],"wp:attachment":[{"href":"https:\/\/boisselier.ca\/en\/wp-json\/wp\/v2\/media?parent=2247"}],"wp:term":[{"taxonomy":"product_brand","embeddable":true,"href":"https:\/\/boisselier.ca\/en\/wp-json\/wp\/v2\/product_brand?post=2247"},{"taxonomy":"product_cat","embeddable":true,"href":"https:\/\/boisselier.ca\/en\/wp-json\/wp\/v2\/product_cat?post=2247"},{"taxonomy":"product_tag","embeddable":true,"href":"https:\/\/boisselier.ca\/en\/wp-json\/wp\/v2\/product_tag?post=2247"},{"taxonomy":"product_brands","embeddable":true,"href":"https:\/\/boisselier.ca\/en\/wp-json\/wp\/v2\/product_brands?post=2247"}],"curies":[{"name":"wp","href":"https:\/\/api.w.org\/{rel}","templated":true}]}}