{"id":2263,"date":"2024-12-12T07:44:02","date_gmt":"2024-12-12T07:44:02","guid":{"rendered":"https:\/\/boisselier.ca\/?post_type=product&#038;p=2263"},"modified":"2025-05-13T06:11:03","modified_gmt":"2025-05-13T06:11:03","slug":"anagyre-gael","status":"publish","type":"product","link":"https:\/\/boisselier.ca\/en\/product\/anagyre-gael\/","title":{"rendered":"Anagyre \u2013 Gael"},"content":{"rendered":"<p><strong>Bois revaloris\u00e9<\/strong><br \/>\n<strong>Assemblage d\u00e9coratif:<\/strong>\u00a0rainure et languette<br \/>\n<strong>Dimensions:<\/strong>\u00a0environ 25 cm (10 pouces)<br \/>\n<strong>Code:<\/strong>\u00a0M80<\/p>\n<p>Mod\u00e8le pour les cadeaux d\u2019entreprise. Plusieurs couleurs disponibles.<br \/>\nExiste aussi en plus grands formats pour les mus\u00e9es et universit\u00e9s (de 58cm \u00e0 2,45 m\u00e8tres \u2013 de 23 pouces \u00e0 8 pieds de long).<\/p>\n<p>Ce mod\u00e8le d\u2019anagyre est tr\u00e8s spectaculaire. Le mouvement d\u2019inversion de son sens de rotation est de loin le plus rapide et le plus d\u00e9routant de tous\u00a0ceux que vous pourrez trouver. J\u2019ai invent\u00e9 ce type d\u2019anagyre avec assemblages pour en accentuer le mouvement atypique. Le r\u00e9sultat d\u00e9passe mes attentes.\u00a0 Le comportement de cet objet semble vraiment aller \u00e0 l\u2019encontre des lois de la physique.<\/p>\n","protected":false},"excerpt":{"rendered":"<p><strong>Bois revaloris\u00e9<\/strong><br \/>\n<strong>Assemblage d\u00e9coratif:<\/strong>\u00a0rainure et languette<br \/>\n<strong>Dimensions:<\/strong>\u00a0environ 25 cm (10 pouces)<br \/>\n<strong>Code:<\/strong>\u00a0M80<\/p>\n<p>Mod\u00e8le pour les cadeaux d\u2019entreprise. Plusieurs couleurs disponibles.<br \/>\nExiste aussi en plus grands formats pour les mus\u00e9es et universit\u00e9s (de 58cm \u00e0 2,45 m\u00e8tres \u2013 de 23 pouces \u00e0 8 pieds de long).<\/p>\n<p>Ce mod\u00e8le d\u2019anagyre est tr\u00e8s spectaculaire. Le mouvement d\u2019inversion de son sens de rotation est de loin le plus rapide et le plus d\u00e9routant de tous\u00a0ceux que vous pourrez trouver. J\u2019ai invent\u00e9 ce type d\u2019anagyre avec assemblages pour en accentuer le mouvement atypique. Le r\u00e9sultat d\u00e9passe mes attentes.\u00a0 Le comportement de cet objet semble vraiment aller \u00e0 l\u2019encontre des lois de la physique.<\/p>\n","protected":false},"featured_media":2269,"comment_status":"open","ping_status":"closed","template":"","meta":{"_bst_post_transparent":"default","_bst_post_title":"","_bst_post_layout":"default","_bst_post_sidebar_id":"","_bst_post_content_style":"default","_bst_post_vertical_padding":"default","_bst_post_feature":"","_bst_post_feature_position":"","_bst_post_header":false,"_bst_post_footer":false},"product_brand":[],"product_cat":[135],"product_tag":[],"product_brands":[],"class_list":{"0":"post-2263","1":"product","2":"type-product","3":"status-publish","4":"has-post-thumbnail","6":"product_cat-curiosities","7":"product_shipping_class-free-canada-10-international-en","9":"first","10":"instock","11":"taxable","12":"shipping-taxable","13":"purchasable","14":"product-type-simple","15":"entry","16":"content-bg","17":"loop-entry"},"yoast_head":"<!-- This site is optimized with the Yoast SEO plugin v24.0 - https:\/\/yoast.com\/wordpress\/plugins\/seo\/ -->\n<title>Anagyre \u2013 Gael - Le boisselier - Emmanuel P\u00e9luchon \u00e9b\u00e9niste<\/title>\n<meta name=\"description\" content=\"Bois revaloris\u00e9 Assemblage d\u00e9coratif:\u00a0rainure et languette Dimensions:\u00a0environ 25 cm (10 pouces) Code:\u00a0M80  Mod\u00e8le pour les cadeaux d\u2019entreprise. Plusieurs couleurs disponibles. Existe aussi en plus grands formats pour les mus\u00e9es et universit\u00e9s (de 58cm \u00e0 2,45 m\u00e8tres \u2013 de 23 pouces \u00e0 8 pieds de long).  Ce mod\u00e8le d\u2019anagyre est tr\u00e8s spectaculaire. Le mouvement d\u2019inversion de son sens de rotation est de loin le plus rapide et le plus d\u00e9routant de tous\u00a0ceux que vous pourrez trouver. J\u2019ai invent\u00e9 ce type d\u2019anagyre avec assemblages pour en accentuer le mouvement atypique. Le r\u00e9sultat d\u00e9passe mes attentes.\u00a0 Le comportement de cet objet semble vraiment aller \u00e0 l\u2019encontre des lois de la physique.\" \/>\n<meta name=\"robots\" content=\"index, follow, max-snippet:-1, max-image-preview:large, max-video-preview:-1\" \/>\n<link rel=\"canonical\" href=\"https:\/\/boisselier.ca\/en\/product\/anagyre-gael\/\" \/>\n<meta property=\"og:locale\" content=\"en_US\" \/>\n<meta property=\"og:type\" content=\"article\" \/>\n<meta property=\"og:title\" content=\"Anagyre \u2013 Gael - Le boisselier - Emmanuel P\u00e9luchon \u00e9b\u00e9niste\" \/>\n<meta property=\"og:description\" content=\"Bois revaloris\u00e9 Assemblage d\u00e9coratif:\u00a0rainure et languette Dimensions:\u00a0environ 25 cm (10 pouces) Code:\u00a0M80  Mod\u00e8le pour les cadeaux d\u2019entreprise. Plusieurs couleurs disponibles. Existe aussi en plus grands formats pour les mus\u00e9es et universit\u00e9s (de 58cm \u00e0 2,45 m\u00e8tres \u2013 de 23 pouces \u00e0 8 pieds de long).  Ce mod\u00e8le d\u2019anagyre est tr\u00e8s spectaculaire. Le mouvement d\u2019inversion de son sens de rotation est de loin le plus rapide et le plus d\u00e9routant de tous\u00a0ceux que vous pourrez trouver. J\u2019ai invent\u00e9 ce type d\u2019anagyre avec assemblages pour en accentuer le mouvement atypique. Le r\u00e9sultat d\u00e9passe mes attentes.\u00a0 Le comportement de cet objet semble vraiment aller \u00e0 l\u2019encontre des lois de la physique.\" \/>\n<meta property=\"og:url\" content=\"https:\/\/boisselier.ca\/en\/product\/anagyre-gael\/\" \/>\n<meta property=\"og:site_name\" content=\"Le boisselier - Emmanuel P\u00e9luchon \u00e9b\u00e9niste\" \/>\n<meta property=\"article:modified_time\" content=\"2025-05-13T06:11:03+00:00\" \/>\n<meta property=\"og:image\" content=\"https:\/\/boisselier.ca\/wp-content\/uploads\/2024\/12\/Anagyre-GAEL-rattleback-Emmanuel-Peluchon.jpg\" \/>\n\t<meta property=\"og:image:width\" content=\"2500\" \/>\n\t<meta property=\"og:image:height\" content=\"1669\" \/>\n\t<meta property=\"og:image:type\" content=\"image\/jpeg\" \/>\n<meta name=\"twitter:card\" content=\"summary_large_image\" \/>\n<meta name=\"twitter:label1\" content=\"Est. reading time\" \/>\n\t<meta name=\"twitter:data1\" content=\"1 minute\" \/>\n<script type=\"application\/ld+json\" class=\"yoast-schema-graph\">{\"@context\":\"https:\/\/schema.org\",\"@graph\":[{\"@type\":\"WebPage\",\"@id\":\"https:\/\/boisselier.ca\/en\/product\/anagyre-gael\/\",\"url\":\"https:\/\/boisselier.ca\/en\/product\/anagyre-gael\/\",\"name\":\"Anagyre \u2013 Gael - Le boisselier - Emmanuel P\u00e9luchon \u00e9b\u00e9niste\",\"isPartOf\":{\"@id\":\"https:\/\/boisselier.ca\/#website\"},\"primaryImageOfPage\":{\"@id\":\"https:\/\/boisselier.ca\/en\/product\/anagyre-gael\/#primaryimage\"},\"image\":{\"@id\":\"https:\/\/boisselier.ca\/en\/product\/anagyre-gael\/#primaryimage\"},\"thumbnailUrl\":\"https:\/\/boisselier.ca\/wp-content\/uploads\/2024\/12\/Anagyre-GAEL-rattleback-Emmanuel-Peluchon.jpg\",\"datePublished\":\"2024-12-12T07:44:02+00:00\",\"dateModified\":\"2025-05-13T06:11:03+00:00\",\"description\":\"Bois revaloris\u00e9 Assemblage d\u00e9coratif:\u00a0rainure et languette Dimensions:\u00a0environ 25 cm (10 pouces) Code:\u00a0M80 Mod\u00e8le pour les cadeaux d\u2019entreprise. Plusieurs couleurs disponibles. Existe aussi en plus grands formats pour les mus\u00e9es et universit\u00e9s (de 58cm \u00e0 2,45 m\u00e8tres \u2013 de 23 pouces \u00e0 8 pieds de long). Ce mod\u00e8le d\u2019anagyre est tr\u00e8s spectaculaire. Le mouvement d\u2019inversion de son sens de rotation est de loin le plus rapide et le plus d\u00e9routant de tous\u00a0ceux que vous pourrez trouver. J\u2019ai invent\u00e9 ce type d\u2019anagyre avec assemblages pour en accentuer le mouvement atypique. Le r\u00e9sultat d\u00e9passe mes attentes.\u00a0 Le comportement de cet objet semble vraiment aller \u00e0 l\u2019encontre des lois de la physique.\",\"breadcrumb\":{\"@id\":\"https:\/\/boisselier.ca\/en\/product\/anagyre-gael\/#breadcrumb\"},\"inLanguage\":\"en-US\",\"potentialAction\":[{\"@type\":\"ReadAction\",\"target\":[\"https:\/\/boisselier.ca\/en\/product\/anagyre-gael\/\"]}]},{\"@type\":\"ImageObject\",\"inLanguage\":\"en-US\",\"@id\":\"https:\/\/boisselier.ca\/en\/product\/anagyre-gael\/#primaryimage\",\"url\":\"https:\/\/boisselier.ca\/wp-content\/uploads\/2024\/12\/Anagyre-GAEL-rattleback-Emmanuel-Peluchon.jpg\",\"contentUrl\":\"https:\/\/boisselier.ca\/wp-content\/uploads\/2024\/12\/Anagyre-GAEL-rattleback-Emmanuel-Peluchon.jpg\",\"width\":2500,\"height\":1669},{\"@type\":\"BreadcrumbList\",\"@id\":\"https:\/\/boisselier.ca\/en\/product\/anagyre-gael\/#breadcrumb\",\"itemListElement\":[{\"@type\":\"ListItem\",\"position\":1,\"name\":\"Home\",\"item\":\"https:\/\/boisselier.ca\/\"},{\"@type\":\"ListItem\",\"position\":2,\"name\":\"Shop\",\"item\":\"https:\/\/boisselier.ca\/en\/shop\/\"},{\"@type\":\"ListItem\",\"position\":3,\"name\":\"Anagyre \u2013 Gael\"}]},{\"@type\":\"WebSite\",\"@id\":\"https:\/\/boisselier.ca\/#website\",\"url\":\"https:\/\/boisselier.ca\/\",\"name\":\"Le boisselier - Emmanuel P\u00e9luchon \u00e9b\u00e9niste\",\"description\":\"\",\"publisher\":{\"@id\":\"https:\/\/boisselier.ca\/#organization\"},\"potentialAction\":[{\"@type\":\"SearchAction\",\"target\":{\"@type\":\"EntryPoint\",\"urlTemplate\":\"https:\/\/boisselier.ca\/?s={search_term_string}\"},\"query-input\":{\"@type\":\"PropertyValueSpecification\",\"valueRequired\":true,\"valueName\":\"search_term_string\"}}],\"inLanguage\":\"en-US\"},{\"@type\":\"Organization\",\"@id\":\"https:\/\/boisselier.ca\/#organization\",\"name\":\"Le boisselier - Emmanuel P\u00e9luchon \u00e9b\u00e9niste\",\"url\":\"https:\/\/boisselier.ca\/\",\"logo\":{\"@type\":\"ImageObject\",\"inLanguage\":\"en-US\",\"@id\":\"https:\/\/boisselier.ca\/#\/schema\/logo\/image\/\",\"url\":\"https:\/\/boisselier.ca\/wp-content\/uploads\/2024\/12\/epeluchon_logo.png\",\"contentUrl\":\"https:\/\/boisselier.ca\/wp-content\/uploads\/2024\/12\/epeluchon_logo.png\",\"width\":196,\"height\":96,\"caption\":\"Le boisselier - Emmanuel P\u00e9luchon \u00e9b\u00e9niste\"},\"image\":{\"@id\":\"https:\/\/boisselier.ca\/#\/schema\/logo\/image\/\"}}]}<\/script>\n<!-- \/ Yoast SEO plugin. -->","yoast_head_json":{"title":"Anagyre \u2013 Gael - Le boisselier - Emmanuel P\u00e9luchon \u00e9b\u00e9niste","description":"Bois revaloris\u00e9 Assemblage d\u00e9coratif:\u00a0rainure et languette Dimensions:\u00a0environ 25 cm (10 pouces) Code:\u00a0M80  Mod\u00e8le pour les cadeaux d\u2019entreprise. Plusieurs couleurs disponibles. Existe aussi en plus grands formats pour les mus\u00e9es et universit\u00e9s (de 58cm \u00e0 2,45 m\u00e8tres \u2013 de 23 pouces \u00e0 8 pieds de long).  Ce mod\u00e8le d\u2019anagyre est tr\u00e8s spectaculaire. Le mouvement d\u2019inversion de son sens de rotation est de loin le plus rapide et le plus d\u00e9routant de tous\u00a0ceux que vous pourrez trouver. J\u2019ai invent\u00e9 ce type d\u2019anagyre avec assemblages pour en accentuer le mouvement atypique. Le r\u00e9sultat d\u00e9passe mes attentes.\u00a0 Le comportement de cet objet semble vraiment aller \u00e0 l\u2019encontre des lois de la physique.","robots":{"index":"index","follow":"follow","max-snippet":"max-snippet:-1","max-image-preview":"max-image-preview:large","max-video-preview":"max-video-preview:-1"},"canonical":"https:\/\/boisselier.ca\/en\/product\/anagyre-gael\/","og_locale":"en_US","og_type":"article","og_title":"Anagyre \u2013 Gael - Le boisselier - Emmanuel P\u00e9luchon \u00e9b\u00e9niste","og_description":"Bois revaloris\u00e9 Assemblage d\u00e9coratif:\u00a0rainure et languette Dimensions:\u00a0environ 25 cm (10 pouces) Code:\u00a0M80  Mod\u00e8le pour les cadeaux d\u2019entreprise. Plusieurs couleurs disponibles. Existe aussi en plus grands formats pour les mus\u00e9es et universit\u00e9s (de 58cm \u00e0 2,45 m\u00e8tres \u2013 de 23 pouces \u00e0 8 pieds de long).  Ce mod\u00e8le d\u2019anagyre est tr\u00e8s spectaculaire. Le mouvement d\u2019inversion de son sens de rotation est de loin le plus rapide et le plus d\u00e9routant de tous\u00a0ceux que vous pourrez trouver. J\u2019ai invent\u00e9 ce type d\u2019anagyre avec assemblages pour en accentuer le mouvement atypique. Le r\u00e9sultat d\u00e9passe mes attentes.\u00a0 Le comportement de cet objet semble vraiment aller \u00e0 l\u2019encontre des lois de la physique.","og_url":"https:\/\/boisselier.ca\/en\/product\/anagyre-gael\/","og_site_name":"Le boisselier - Emmanuel P\u00e9luchon \u00e9b\u00e9niste","article_modified_time":"2025-05-13T06:11:03+00:00","og_image":[{"width":2500,"height":1669,"url":"https:\/\/boisselier.ca\/wp-content\/uploads\/2024\/12\/Anagyre-GAEL-rattleback-Emmanuel-Peluchon.jpg","type":"image\/jpeg"}],"twitter_card":"summary_large_image","twitter_misc":{"Est. reading time":"1 minute"},"schema":{"@context":"https:\/\/schema.org","@graph":[{"@type":"WebPage","@id":"https:\/\/boisselier.ca\/en\/product\/anagyre-gael\/","url":"https:\/\/boisselier.ca\/en\/product\/anagyre-gael\/","name":"Anagyre \u2013 Gael - Le boisselier - Emmanuel P\u00e9luchon \u00e9b\u00e9niste","isPartOf":{"@id":"https:\/\/boisselier.ca\/#website"},"primaryImageOfPage":{"@id":"https:\/\/boisselier.ca\/en\/product\/anagyre-gael\/#primaryimage"},"image":{"@id":"https:\/\/boisselier.ca\/en\/product\/anagyre-gael\/#primaryimage"},"thumbnailUrl":"https:\/\/boisselier.ca\/wp-content\/uploads\/2024\/12\/Anagyre-GAEL-rattleback-Emmanuel-Peluchon.jpg","datePublished":"2024-12-12T07:44:02+00:00","dateModified":"2025-05-13T06:11:03+00:00","description":"Bois revaloris\u00e9 Assemblage d\u00e9coratif:\u00a0rainure et languette Dimensions:\u00a0environ 25 cm (10 pouces) Code:\u00a0M80 Mod\u00e8le pour les cadeaux d\u2019entreprise. Plusieurs couleurs disponibles. Existe aussi en plus grands formats pour les mus\u00e9es et universit\u00e9s (de 58cm \u00e0 2,45 m\u00e8tres \u2013 de 23 pouces \u00e0 8 pieds de long). Ce mod\u00e8le d\u2019anagyre est tr\u00e8s spectaculaire. Le mouvement d\u2019inversion de son sens de rotation est de loin le plus rapide et le plus d\u00e9routant de tous\u00a0ceux que vous pourrez trouver. J\u2019ai invent\u00e9 ce type d\u2019anagyre avec assemblages pour en accentuer le mouvement atypique. Le r\u00e9sultat d\u00e9passe mes attentes.\u00a0 Le comportement de cet objet semble vraiment aller \u00e0 l\u2019encontre des lois de la physique.","breadcrumb":{"@id":"https:\/\/boisselier.ca\/en\/product\/anagyre-gael\/#breadcrumb"},"inLanguage":"en-US","potentialAction":[{"@type":"ReadAction","target":["https:\/\/boisselier.ca\/en\/product\/anagyre-gael\/"]}]},{"@type":"ImageObject","inLanguage":"en-US","@id":"https:\/\/boisselier.ca\/en\/product\/anagyre-gael\/#primaryimage","url":"https:\/\/boisselier.ca\/wp-content\/uploads\/2024\/12\/Anagyre-GAEL-rattleback-Emmanuel-Peluchon.jpg","contentUrl":"https:\/\/boisselier.ca\/wp-content\/uploads\/2024\/12\/Anagyre-GAEL-rattleback-Emmanuel-Peluchon.jpg","width":2500,"height":1669},{"@type":"BreadcrumbList","@id":"https:\/\/boisselier.ca\/en\/product\/anagyre-gael\/#breadcrumb","itemListElement":[{"@type":"ListItem","position":1,"name":"Home","item":"https:\/\/boisselier.ca\/"},{"@type":"ListItem","position":2,"name":"Shop","item":"https:\/\/boisselier.ca\/en\/shop\/"},{"@type":"ListItem","position":3,"name":"Anagyre \u2013 Gael"}]},{"@type":"WebSite","@id":"https:\/\/boisselier.ca\/#website","url":"https:\/\/boisselier.ca\/","name":"Le boisselier - Emmanuel P\u00e9luchon \u00e9b\u00e9niste","description":"","publisher":{"@id":"https:\/\/boisselier.ca\/#organization"},"potentialAction":[{"@type":"SearchAction","target":{"@type":"EntryPoint","urlTemplate":"https:\/\/boisselier.ca\/?s={search_term_string}"},"query-input":{"@type":"PropertyValueSpecification","valueRequired":true,"valueName":"search_term_string"}}],"inLanguage":"en-US"},{"@type":"Organization","@id":"https:\/\/boisselier.ca\/#organization","name":"Le boisselier - Emmanuel P\u00e9luchon \u00e9b\u00e9niste","url":"https:\/\/boisselier.ca\/","logo":{"@type":"ImageObject","inLanguage":"en-US","@id":"https:\/\/boisselier.ca\/#\/schema\/logo\/image\/","url":"https:\/\/boisselier.ca\/wp-content\/uploads\/2024\/12\/epeluchon_logo.png","contentUrl":"https:\/\/boisselier.ca\/wp-content\/uploads\/2024\/12\/epeluchon_logo.png","width":196,"height":96,"caption":"Le boisselier - Emmanuel P\u00e9luchon \u00e9b\u00e9niste"},"image":{"@id":"https:\/\/boisselier.ca\/#\/schema\/logo\/image\/"}}]}},"_links":{"self":[{"href":"https:\/\/boisselier.ca\/en\/wp-json\/wp\/v2\/product\/2263","targetHints":{"allow":["GET"]}}],"collection":[{"href":"https:\/\/boisselier.ca\/en\/wp-json\/wp\/v2\/product"}],"about":[{"href":"https:\/\/boisselier.ca\/en\/wp-json\/wp\/v2\/types\/product"}],"replies":[{"embeddable":true,"href":"https:\/\/boisselier.ca\/en\/wp-json\/wp\/v2\/comments?post=2263"}],"wp:featuredmedia":[{"embeddable":true,"href":"https:\/\/boisselier.ca\/en\/wp-json\/wp\/v2\/media\/2269"}],"wp:attachment":[{"href":"https:\/\/boisselier.ca\/en\/wp-json\/wp\/v2\/media?parent=2263"}],"wp:term":[{"taxonomy":"product_brand","embeddable":true,"href":"https:\/\/boisselier.ca\/en\/wp-json\/wp\/v2\/product_brand?post=2263"},{"taxonomy":"product_cat","embeddable":true,"href":"https:\/\/boisselier.ca\/en\/wp-json\/wp\/v2\/product_cat?post=2263"},{"taxonomy":"product_tag","embeddable":true,"href":"https:\/\/boisselier.ca\/en\/wp-json\/wp\/v2\/product_tag?post=2263"},{"taxonomy":"product_brands","embeddable":true,"href":"https:\/\/boisselier.ca\/en\/wp-json\/wp\/v2\/product_brands?post=2263"}],"curies":[{"name":"wp","href":"https:\/\/api.w.org\/{rel}","templated":true}]}}